{"id":5111,"date":"2023-02-23T11:04:59","date_gmt":"2023-02-23T10:04:59","guid":{"rendered":"https:\/\/iberiabioenergy.com\/shanghai-top-eco\/"},"modified":"2023-02-23T11:04:59","modified_gmt":"2023-02-23T10:04:59","slug":"shanghai-top-eco","status":"publish","type":"page","link":"https:\/\/iberiabioenergy.com\/es\/sobre-nosotros\/shanghai-top-eco\/","title":{"rendered":"Shangh\u00e1i TOP ECO"},"content":{"rendered":"\n<section id=\"cabecera-contenido-block_63056aabee8de\" class=\"cabecera-contenido resumen hero row\">\n\n    <div class=\"overlay overlay-only-text\" style=\"background-image:url('https:\/\/iberiabioenergy.com\/wp-content\/uploads\/hero-shanghai.jpg');\">\n        <div class=\"container\">\n            <div class=\"row\">\n\n                <div class=\"col-12 col-md-9\">\n\n                    <div class=\"contenido-principal\">\n                        <p id=\"breadcrumbs\"><\/p>                        <h1 class=\"h1\">Shangh\u00e1i TOP ECO<\/h1>\n                                                    <p>Participamos en el desarrollo de la econom\u00eda circular en China y el sudeste asi\u00e1tico recolectando desechos y residuos y produciendo biocombustibles sostenibles y ecol\u00f3gicos.<\/p>\n                                            <\/div>\n                <\/div>\n            <\/div>\n        <\/div>\n    <\/div>\n\n\n<\/section>\n<section class=\"subtitle subtitulo-verde\">\n    <div class=\"container\">\n        <div class=\"col-12 col-md-8\">\n                            <p>Shanghai Top Eco, establecida en Shangh\u00e1i en 2021 en el \u00c1rea de libre comercio, es una empresa conjunta entre Iberia Bioenergy y Shanghai Lianyun, dos agentes clave en la recolecci\u00f3n, gesti\u00f3n, suministro y distribuci\u00f3n de materias primas y biocombustibles a nivel mundial.<\/p>\n                    <\/div>\n    <\/div>\n<\/section>\n<div class=\"wp-container-4 wp-block-columns\">\n<div class=\"wp-container-1 wp-block-column\" style=\"flex-basis:25%\"><\/div>\n\n\n\n<div class=\"wp-container-2 wp-block-column\" style=\"flex-basis:50%\"><div class=\"wp-block-image\">\n<figure class=\"aligncenter size-large is-resized\"><img loading=\"lazy\" src=\"https:\/\/iberiabioenergy.com\/wp-content\/uploads\/top-eco-china-750x143.png\" alt=\"\" class=\"wp-image-2769\" width=\"188\" height=\"36\" srcset=\"https:\/\/iberiabioenergy.com\/wp-content\/uploads\/top-eco-china-750x143.png 750w, https:\/\/iberiabioenergy.com\/wp-content\/uploads\/top-eco-china-250x48.png 250w, https:\/\/iberiabioenergy.com\/wp-content\/uploads\/top-eco-china-768x146.png 768w, https:\/\/iberiabioenergy.com\/wp-content\/uploads\/top-eco-china-1170x223.png 1170w, https:\/\/iberiabioenergy.com\/wp-content\/uploads\/top-eco-china-970x185.png 970w, https:\/\/iberiabioenergy.com\/wp-content\/uploads\/top-eco-china-500x95.png 500w, https:\/\/iberiabioenergy.com\/wp-content\/uploads\/top-eco-china-395x75.png 395w, https:\/\/iberiabioenergy.com\/wp-content\/uploads\/top-eco-china-290x55.png 290w, https:\/\/iberiabioenergy.com\/wp-content\/uploads\/top-eco-china-120x23.png 120w, https:\/\/iberiabioenergy.com\/wp-content\/uploads\/top-eco-china.png 1324w\" sizes=\"(max-width: 188px) 100vw, 188px\" \/><\/figure><\/div>\n\n\n<h2 class=\"has-text-align-center\"><strong><strong>Lo que hacemos<\/strong><\/strong><\/h2>\n\n\n\n<p class=\"has-text-align-center\"><strong>Top Eco es el veh\u00edculo inversor de Iberia Bioenergy en Asia, a trav\u00e9s del cual se materializan oportunidades de negocio y proyectos, se suministran nuevos productos y se firman acuerdos de colaboraci\u00f3n con empresas asi\u00e1ticas.<\/strong><\/p>\n<\/div>\n\n\n\n<div class=\"wp-container-3 wp-block-column\" style=\"flex-basis:25%\"><\/div>\n<\/div>\n\n<div class=\"wp-container-7 wp-block-columns\">\n<div class=\"wp-container-5 wp-block-column\"><div class=\"wp-block-image\">\n<figure class=\"aligncenter size-full\"><img loading=\"lazy\" width=\"128\" height=\"128\" src=\"https:\/\/iberiabioenergy.com\/wp-content\/uploads\/ico-shan-mision.png\" alt=\"\" class=\"wp-image-4696\" srcset=\"https:\/\/iberiabioenergy.com\/wp-content\/uploads\/ico-shan-mision.png 128w, https:\/\/iberiabioenergy.com\/wp-content\/uploads\/ico-shan-mision-120x120.png 120w\" sizes=\"(max-width: 128px) 100vw, 128px\" \/><\/figure><\/div>\n\n\n<h2 class=\"has-text-align-center\"><strong><strong>Misi\u00f3n<\/strong><\/strong><\/h2>\n\n\n\n<p class=\"has-text-align-center\">Desarrollar la econom\u00eda circular en China y el sudeste asi\u00e1tico recolectando desechos y residuos, as\u00ed como produciendo biocombustibles sostenibles y ecol\u00f3gicos.<\/p>\n<\/div>\n\n\n\n<div class=\"wp-container-6 wp-block-column\"><div class=\"wp-block-image\">\n<figure class=\"aligncenter size-full\"><img loading=\"lazy\" width=\"128\" height=\"128\" src=\"https:\/\/iberiabioenergy.com\/wp-content\/uploads\/ico-shan-vision.png\" alt=\"\" class=\"wp-image-4697\" srcset=\"https:\/\/iberiabioenergy.com\/wp-content\/uploads\/ico-shan-vision.png 128w, https:\/\/iberiabioenergy.com\/wp-content\/uploads\/ico-shan-vision-120x120.png 120w\" sizes=\"(max-width: 128px) 100vw, 128px\" \/><\/figure><\/div>\n\n\n<h2 class=\"has-text-align-center\"><strong>Visi\u00f3n<\/strong><\/h2>\n\n\n\n<p class=\"has-text-align-center\">Ser pioneros en el desaf\u00edo de la gesti\u00f3n de residuos en Asia.<\/p>\n<\/div>\n<\/div>\n\n<div class=\"wp-block-media-text alignwide has-media-on-the-right is-stacked-on-mobile\"><figure class=\"wp-block-media-text__media\"><video autoplay loop muted playsline controls src=\"https:\/\/iberiabioenergy.com\/wp-content\/uploads\/Shangai_TopEco.mp4\"><\/video><\/figure><div class=\"wp-block-media-text__content\">\n<h2 class=\"has-large-font-size\"><strong><strong>Estrategia<\/strong><\/strong><\/h2>\n\n\n\n<p>Una cultura de inclusi\u00f3n ha sido el n\u00facleo de la estrategia de expansi\u00f3n de Iberia desde un principio y, en lugar de crear estructuras de suministro alternativas para competir por estas materias primas, hemos puesto en marcha una estrategia de asociaci\u00f3n e integraci\u00f3n circular que son los elementos que configuran nuestro modelo de negocio.<\/p>\n\n\n\n<p>En lugar de fragmentar el mercado introduciendo nueva competencia, Iberia Bioenergy busca una cooperaci\u00f3n justa y beneficiosa para todas las partes involucradas.<\/p>\n\n\n\n<p>Trabajando en cumplimiento de las leyes y regulaciones locales a lo largo de la cadena de suministro: desde la recolecci\u00f3n de residuos hasta el transporte, tratamiento, producci\u00f3n y distribuci\u00f3n.<\/p>\n<\/div><\/div>\n\n<div class=\"wp-container-16 wp-block-group has-background\" style=\"background-color:#d3e3f270\"><div class=\"wp-block-group__inner-container\">\n<div class=\"wp-container-11 wp-block-columns\">\n<div class=\"wp-container-8 wp-block-column\" style=\"flex-basis:25%\"><\/div>\n\n\n\n<div class=\"wp-container-9 wp-block-column\" style=\"flex-basis:50%\"><div class=\"wp-block-image\">\n<figure class=\"aligncenter size-full\"><img loading=\"lazy\" width=\"128\" height=\"128\" src=\"https:\/\/iberiabioenergy.com\/wp-content\/uploads\/ico-topeco-investments.png\" alt=\"\" class=\"wp-image-4367\" srcset=\"https:\/\/iberiabioenergy.com\/wp-content\/uploads\/ico-topeco-investments.png 128w, https:\/\/iberiabioenergy.com\/wp-content\/uploads\/ico-topeco-investments-120x120.png 120w\" sizes=\"(max-width: 128px) 100vw, 128px\" \/><\/figure><\/div>\n\n\n<h3 class=\"has-text-align-center\"><strong>Inversiones<\/strong><\/h3>\n\n\n\n<p class=\"has-text-align-center\">Top Eco es el veh\u00edculo inversor de Iberia en Asia, a trav\u00e9s del cual se materializan oportunidades de negocio y proyectos, se suministran nuevos productos y se firman acuerdos de colaboraci\u00f3n con empresas asi\u00e1ticas.<\/p>\n<\/div>\n\n\n\n<div class=\"wp-container-10 wp-block-column\" style=\"flex-basis:25%\"><\/div>\n<\/div>\n\n\n\n<div class=\"wp-container-15 wp-block-columns pt-0\">\n<div class=\"wp-container-12 wp-block-column\">\n<figure class=\"wp-block-image size-full\"><img loading=\"lazy\" width=\"180\" height=\"180\" src=\"https:\/\/iberiabioenergy.com\/wp-content\/uploads\/logo-asia-03.png\" alt=\"\" class=\"wp-image-4362\" srcset=\"https:\/\/iberiabioenergy.com\/wp-content\/uploads\/logo-asia-03.png 180w, https:\/\/iberiabioenergy.com\/wp-content\/uploads\/logo-asia-03-150x150.png 150w, https:\/\/iberiabioenergy.com\/wp-content\/uploads\/logo-asia-03-120x120.png 120w\" sizes=\"(max-width: 180px) 100vw, 180px\" \/><\/figure>\n\n\n\n<h4><strong><strong>Shanghai Partner Energy Co., Ltd.<\/strong><\/strong><\/h4>\n\n\n\n<p><strong>PT<\/strong> es un holding integrado de materias primas y biocombustibles con activos f\u00edsicos y una s\u00f3lida red de cadena de suministro.<\/p>\n\n\n\n<p>Los accionistas de PT son los propietarios de las tres principales instalaciones de recolecci\u00f3n de UCO ubicadas del norte al sur de China en las provincias de Jiangsu, Guangzhou y Hebei. Cada una de estas entidades tiene una amplia red de puntos de origen y recolecci\u00f3n de UCO en toda China.<\/p>\n\n\n\n<p>La capacidad actual de PT de originaci\u00f3n mensual de UCO supera las 30.000 toneladas en China con una capacidad de almacenamiento de 25.000 toneladas.<\/p>\n<\/div>\n\n\n\n<div class=\"wp-container-13 wp-block-column\">\n<figure class=\"wp-block-image size-full\"><img loading=\"lazy\" width=\"180\" height=\"180\" src=\"https:\/\/iberiabioenergy.com\/wp-content\/uploads\/logo-asia-01.png\" alt=\"\" class=\"wp-image-4363\" srcset=\"https:\/\/iberiabioenergy.com\/wp-content\/uploads\/logo-asia-01.png 180w, https:\/\/iberiabioenergy.com\/wp-content\/uploads\/logo-asia-01-150x150.png 150w, https:\/\/iberiabioenergy.com\/wp-content\/uploads\/logo-asia-01-120x120.png 120w\" sizes=\"(max-width: 180px) 100vw, 180px\" \/><\/figure>\n\n\n\n<h4><strong>ASB Biodiesel<\/strong><\/h4>\n\n\n\n<p>Esta Planta de Biodiesel para Biocombustibles avanzados tiene una capacidad de producci\u00f3n de 60.000 toneladas al a\u00f1o. La planta de biodiesel puede procesar desechos y residuos como el aceite de cocina usado, lo que contribuye a reducir el impacto negativo de la acumulaci\u00f3n de desechos y de su eliminaci\u00f3n inadecuada a la vez que promueve un modelo de econom\u00eda circular. ASB tiene la certificaci\u00f3n ISCC y cumple con las normas de la EPA.<\/p>\n<\/div>\n\n\n\n<div class=\"wp-container-14 wp-block-column\">\n<figure class=\"wp-block-image size-full\"><img loading=\"lazy\" width=\"180\" height=\"180\" src=\"https:\/\/iberiabioenergy.com\/wp-content\/uploads\/logo-asia-03-1.png\" alt=\"\" class=\"wp-image-4364\" srcset=\"https:\/\/iberiabioenergy.com\/wp-content\/uploads\/logo-asia-03-1.png 180w, https:\/\/iberiabioenergy.com\/wp-content\/uploads\/logo-asia-03-1-150x150.png 150w, https:\/\/iberiabioenergy.com\/wp-content\/uploads\/logo-asia-03-1-120x120.png 120w\" sizes=\"(max-width: 180px) 100vw, 180px\" \/><\/figure>\n\n\n\n<h4><strong><strong>CP Vietnam<\/strong><\/strong><\/h4>\n\n\n\n<p>Ubicada en Vietnam, esta empresa tiene una amplia red de originaci\u00f3n que cuenta con numerosos puntos de origen y puntos de recolecci\u00f3n certificados por ISCC EU. Esta red en crecimiento, tiene una capacidad actual de recogida de UCO que supera las 30.000 tonelada al a\u00f1o. Adem\u00e1s, ha desarrollado las soluciones log\u00edsticas adecuadas y cuenta con una capacidad de almacenamiento de 4.000 toneladas en el puerto.<\/p>\n<\/div>\n<\/div>\n<\/div><\/div>\n\n<div class=\"wp-container-25 wp-block-group has-background\" style=\"background-color:#ffffff70\"><div class=\"wp-block-group__inner-container\">\n<div class=\"wp-container-20 wp-block-columns\">\n<div class=\"wp-container-17 wp-block-column\" style=\"flex-basis:25%\"><\/div>\n\n\n\n<div class=\"wp-container-18 wp-block-column\" style=\"flex-basis:50%\"><div class=\"wp-block-image\">\n<figure class=\"aligncenter size-full\"><img loading=\"lazy\" width=\"128\" height=\"128\" src=\"https:\/\/iberiabioenergy.com\/wp-content\/uploads\/ico-topeco-projetcs.png\" alt=\"\" class=\"wp-image-4377\" srcset=\"https:\/\/iberiabioenergy.com\/wp-content\/uploads\/ico-topeco-projetcs.png 128w, https:\/\/iberiabioenergy.com\/wp-content\/uploads\/ico-topeco-projetcs-120x120.png 120w\" sizes=\"(max-width: 128px) 100vw, 128px\" \/><\/figure><\/div>\n\n\n<h3 class=\"has-text-align-center\"><strong>Proyectos<\/strong><\/h3>\n<\/div>\n\n\n\n<div class=\"wp-container-19 wp-block-column\" style=\"flex-basis:25%\"><\/div>\n<\/div>\n\n\n\n<div class=\"wp-container-24 wp-block-columns pt-0\">\n<div class=\"wp-container-21 wp-block-column\">\n<figure class=\"wp-block-image size-full\"><img loading=\"lazy\" width=\"750\" height=\"497\" src=\"https:\/\/iberiabioenergy.com\/wp-content\/uploads\/project-01.jpg\" alt=\"\" class=\"wp-image-4739\" srcset=\"https:\/\/iberiabioenergy.com\/wp-content\/uploads\/project-01.jpg 750w, https:\/\/iberiabioenergy.com\/wp-content\/uploads\/project-01-250x166.jpg 250w, https:\/\/iberiabioenergy.com\/wp-content\/uploads\/project-01-500x331.jpg 500w, https:\/\/iberiabioenergy.com\/wp-content\/uploads\/project-01-395x262.jpg 395w, https:\/\/iberiabioenergy.com\/wp-content\/uploads\/project-01-290x192.jpg 290w, https:\/\/iberiabioenergy.com\/wp-content\/uploads\/project-01-120x80.jpg 120w\" sizes=\"(max-width: 750px) 100vw, 750px\" \/><\/figure>\n\n\n\n<h4><strong><strong>Planta de pretratamiento de residuos<\/strong><\/strong><\/h4>\n\n\n\n<p>Este proyecto consiste en una refiner\u00eda ubicada en la provincia de Hebei, con capacidad para producir 8.000 toneladas de UCO refinado por mes. Este pretratamiento proporcionar\u00e1 UCO adecuado para aplicaciones de HVO y coprocesamiento. La fase de puesta en marcha tendr\u00e1 lugar durante el cuarto trimestre de 2022.<\/p>\n<\/div>\n\n\n\n<div class=\"wp-container-22 wp-block-column\">\n<figure class=\"wp-block-image size-full\"><img loading=\"lazy\" width=\"750\" height=\"497\" src=\"https:\/\/iberiabioenergy.com\/wp-content\/uploads\/project-02.jpg\" alt=\"\" class=\"wp-image-4741\" srcset=\"https:\/\/iberiabioenergy.com\/wp-content\/uploads\/project-02.jpg 750w, https:\/\/iberiabioenergy.com\/wp-content\/uploads\/project-02-250x166.jpg 250w, https:\/\/iberiabioenergy.com\/wp-content\/uploads\/project-02-500x331.jpg 500w, https:\/\/iberiabioenergy.com\/wp-content\/uploads\/project-02-395x262.jpg 395w, https:\/\/iberiabioenergy.com\/wp-content\/uploads\/project-02-290x192.jpg 290w, https:\/\/iberiabioenergy.com\/wp-content\/uploads\/project-02-120x80.jpg 120w\" sizes=\"(max-width: 750px) 100vw, 750px\" \/><\/figure>\n\n\n\n<h4><strong><strong>Originaci\u00f3n de desechos y residuos: POME<\/strong><\/strong><\/h4>\n\n\n\n<p>Se han formalizado acuerdos recientes para recolectar y suministrar efluentes de molinos de aceite de palma (POME) y aceites de tierra de blanqueo (SBEO) de Indonesia y Malasia.<\/p>\n<\/div>\n\n\n\n<div class=\"wp-container-23 wp-block-column\">\n<figure class=\"wp-block-image size-full\"><img loading=\"lazy\" width=\"750\" height=\"497\" src=\"https:\/\/iberiabioenergy.com\/wp-content\/uploads\/project-03.jpg\" alt=\"\" class=\"wp-image-4742\" srcset=\"https:\/\/iberiabioenergy.com\/wp-content\/uploads\/project-03.jpg 750w, https:\/\/iberiabioenergy.com\/wp-content\/uploads\/project-03-250x166.jpg 250w, https:\/\/iberiabioenergy.com\/wp-content\/uploads\/project-03-500x331.jpg 500w, https:\/\/iberiabioenergy.com\/wp-content\/uploads\/project-03-395x262.jpg 395w, https:\/\/iberiabioenergy.com\/wp-content\/uploads\/project-03-290x192.jpg 290w, https:\/\/iberiabioenergy.com\/wp-content\/uploads\/project-03-120x80.jpg 120w\" sizes=\"(max-width: 750px) 100vw, 750px\" \/><\/figure>\n\n\n\n<h4><strong><strong>Acuerdos de Tolling: de residuos a biocombustibles<\/strong><\/strong><\/h4>\n\n\n\n<p>Se han formalizado nuevos contratos de Tolling de biodi\u00e9sel utilizando como materia prima desechos y residuos. Como resultado, podemos ofrecer el est\u00e1ndar de calidad EN14214 y la certificaci\u00f3n ISCC EU para el producto final. <\/p>\n<\/div>\n<\/div>\n<\/div><\/div>\n","protected":false},"excerpt":{"rendered":"<p>Lo que hacemos Top Eco es el veh\u00edculo inversor de Iberia Bioenergy en Asia, a trav\u00e9s del cual se materializan oportunidades de negocio y proyectos, se suministran nuevos productos y&#8230;<\/p>\n","protected":false},"author":1,"featured_media":5090,"parent":5113,"menu_order":7,"comment_status":"closed","ping_status":"closed","template":"template-china.php","meta":[],"acf":[],"yoast_head":"<!-- This site is optimized with the Yoast SEO plugin v19.5.1 - https:\/\/yoast.com\/wordpress\/plugins\/seo\/ -->\n<title>Shangh\u00e1i TOP ECO - Iberia Bioenergy<\/title>\n<meta name=\"robots\" content=\"index, follow, max-snippet:-1, max-image-preview:large, max-video-preview:-1\" \/>\n<link rel=\"canonical\" href=\"https:\/\/iberiabioenergy.com\/es\/shanghai-top-eco\/\" \/>\n<meta property=\"og:locale\" content=\"es_ES\" \/>\n<meta property=\"og:type\" content=\"article\" \/>\n<meta property=\"og:title\" content=\"Shangh\u00e1i TOP ECO - Iberia Bioenergy\" \/>\n<meta property=\"og:description\" content=\"Lo que hacemos Top Eco es el veh\u00edculo inversor de Iberia Bioenergy en Asia, a trav\u00e9s del cual se materializan oportunidades de negocio y proyectos, se suministran nuevos productos y...\" \/>\n<meta property=\"og:url\" content=\"https:\/\/iberiabioenergy.com\/es\/shanghai-top-eco\/\" \/>\n<meta property=\"og:site_name\" content=\"Iberia Bioenergy\" \/>\n<meta property=\"og:image\" content=\"https:\/\/iberiabioenergy.com\/wp-content\/uploads\/hero-shanghai.jpg\" \/>\n\t<meta property=\"og:image:width\" content=\"1920\" \/>\n\t<meta property=\"og:image:height\" content=\"1080\" \/>\n\t<meta property=\"og:image:type\" content=\"image\/jpeg\" \/>\n<meta name=\"twitter:card\" content=\"summary\" \/>\n<meta name=\"twitter:label1\" content=\"Tiempo de lectura\" \/>\n\t<meta name=\"twitter:data1\" content=\"3 minutos\" \/>\n<script type=\"application\/ld+json\" class=\"yoast-schema-graph\">{\"@context\":\"https:\/\/schema.org\",\"@graph\":[{\"@type\":\"WebPage\",\"@id\":\"https:\/\/iberiabioenergy.com\/es\/shanghai-top-eco\/\",\"url\":\"https:\/\/iberiabioenergy.com\/es\/shanghai-top-eco\/\",\"name\":\"Shangh\u00e1i TOP ECO - Iberia Bioenergy\",\"isPartOf\":{\"@id\":\"https:\/\/iberiabioenergy.com\/#website\"},\"datePublished\":\"2023-02-23T10:04:59+00:00\",\"dateModified\":\"2023-02-23T10:04:59+00:00\",\"breadcrumb\":{\"@id\":\"https:\/\/iberiabioenergy.com\/es\/shanghai-top-eco\/#breadcrumb\"},\"inLanguage\":\"es\",\"potentialAction\":[{\"@type\":\"ReadAction\",\"target\":[\"https:\/\/iberiabioenergy.com\/es\/shanghai-top-eco\/\"]}]},{\"@type\":\"BreadcrumbList\",\"@id\":\"https:\/\/iberiabioenergy.com\/es\/shanghai-top-eco\/#breadcrumb\",\"itemListElement\":[{\"@type\":\"ListItem\",\"position\":1,\"name\":\"Shangh\u00e1i TOP ECO\"}]},{\"@type\":\"WebSite\",\"@id\":\"https:\/\/iberiabioenergy.com\/#website\",\"url\":\"https:\/\/iberiabioenergy.com\/\",\"name\":\"Iberia Bioenergy\",\"description\":\"Developing a circular economy toward a sustainable future.\",\"potentialAction\":[{\"@type\":\"SearchAction\",\"target\":{\"@type\":\"EntryPoint\",\"urlTemplate\":\"https:\/\/iberiabioenergy.com\/?s={search_term_string}\"},\"query-input\":\"required name=search_term_string\"}],\"inLanguage\":\"es\"}]}<\/script>\n<!-- \/ Yoast SEO plugin. -->","yoast_head_json":{"title":"Shangh\u00e1i TOP ECO - Iberia Bioenergy","robots":{"index":"index","follow":"follow","max-snippet":"max-snippet:-1","max-image-preview":"max-image-preview:large","max-video-preview":"max-video-preview:-1"},"canonical":"https:\/\/iberiabioenergy.com\/es\/shanghai-top-eco\/","og_locale":"es_ES","og_type":"article","og_title":"Shangh\u00e1i TOP ECO - Iberia Bioenergy","og_description":"Lo que hacemos Top Eco es el veh\u00edculo inversor de Iberia Bioenergy en Asia, a trav\u00e9s del cual se materializan oportunidades de negocio y proyectos, se suministran nuevos productos y...","og_url":"https:\/\/iberiabioenergy.com\/es\/shanghai-top-eco\/","og_site_name":"Iberia Bioenergy","og_image":[{"width":1920,"height":1080,"url":"https:\/\/iberiabioenergy.com\/wp-content\/uploads\/hero-shanghai.jpg","type":"image\/jpeg"}],"twitter_card":"summary","twitter_misc":{"Tiempo de lectura":"3 minutos"},"schema":{"@context":"https:\/\/schema.org","@graph":[{"@type":"WebPage","@id":"https:\/\/iberiabioenergy.com\/es\/shanghai-top-eco\/","url":"https:\/\/iberiabioenergy.com\/es\/shanghai-top-eco\/","name":"Shangh\u00e1i TOP ECO - Iberia Bioenergy","isPartOf":{"@id":"https:\/\/iberiabioenergy.com\/#website"},"datePublished":"2023-02-23T10:04:59+00:00","dateModified":"2023-02-23T10:04:59+00:00","breadcrumb":{"@id":"https:\/\/iberiabioenergy.com\/es\/shanghai-top-eco\/#breadcrumb"},"inLanguage":"es","potentialAction":[{"@type":"ReadAction","target":["https:\/\/iberiabioenergy.com\/es\/shanghai-top-eco\/"]}]},{"@type":"BreadcrumbList","@id":"https:\/\/iberiabioenergy.com\/es\/shanghai-top-eco\/#breadcrumb","itemListElement":[{"@type":"ListItem","position":1,"name":"Shangh\u00e1i TOP ECO"}]},{"@type":"WebSite","@id":"https:\/\/iberiabioenergy.com\/#website","url":"https:\/\/iberiabioenergy.com\/","name":"Iberia Bioenergy","description":"Developing a circular economy toward a sustainable future.","potentialAction":[{"@type":"SearchAction","target":{"@type":"EntryPoint","urlTemplate":"https:\/\/iberiabioenergy.com\/?s={search_term_string}"},"query-input":"required name=search_term_string"}],"inLanguage":"es"}]}},"_links":{"self":[{"href":"https:\/\/iberiabioenergy.com\/es\/wp-json\/wp\/v2\/pages\/5111"}],"collection":[{"href":"https:\/\/iberiabioenergy.com\/es\/wp-json\/wp\/v2\/pages"}],"about":[{"href":"https:\/\/iberiabioenergy.com\/es\/wp-json\/wp\/v2\/types\/page"}],"author":[{"embeddable":true,"href":"https:\/\/iberiabioenergy.com\/es\/wp-json\/wp\/v2\/users\/1"}],"replies":[{"embeddable":true,"href":"https:\/\/iberiabioenergy.com\/es\/wp-json\/wp\/v2\/comments?post=5111"}],"version-history":[{"count":1,"href":"https:\/\/iberiabioenergy.com\/es\/wp-json\/wp\/v2\/pages\/5111\/revisions"}],"predecessor-version":[{"id":5112,"href":"https:\/\/iberiabioenergy.com\/es\/wp-json\/wp\/v2\/pages\/5111\/revisions\/5112"}],"up":[{"embeddable":true,"href":"https:\/\/iberiabioenergy.com\/es\/wp-json\/wp\/v2\/pages\/5113"}],"wp:featuredmedia":[{"embeddable":true,"href":"https:\/\/iberiabioenergy.com\/es\/wp-json\/wp\/v2\/media\/5090"}],"wp:attachment":[{"href":"https:\/\/iberiabioenergy.com\/es\/wp-json\/wp\/v2\/media?parent=5111"}],"curies":[{"name":"wp","href":"https:\/\/api.w.org\/{rel}","templated":true}]}}