{"id":5113,"date":"2021-06-07T12:58:28","date_gmt":"2021-06-07T10:58:28","guid":{"rendered":"https:\/\/iberiabioenergy.com\/sobre-nosotros\/"},"modified":"2023-04-19T13:46:42","modified_gmt":"2023-04-19T11:46:42","slug":"sobre-nosotros","status":"publish","type":"page","link":"https:\/\/iberiabioenergy.com\/es\/sobre-nosotros\/","title":{"rendered":"Sobre nosotros"},"content":{"rendered":"\n<section id=\"cabecera-listado-block_614318f0825ed\" class=\"cabecera-listado hero row\">\n\n\n    <div class=\"overlay\">\n        <div class=\"container\">\n            <div class=\"row\">\n\n                <div class=\"col-12 col-md-9\">\n\n                    <div class=\"contenido-principal\">\n                        <h1 class=\"h1\">Sobre nosotros<\/h1>\n                                                    <p>Desarrollamos una econom\u00eda circular para un futuro sostenible<\/p>\n                                            <\/div>\n                <\/div>\n            <\/div>\n        <\/div>\n                    <div class=\"wrapper-video\">\n                <video class=\"thevideo\" loop autoplay muted>\n                    <source src=\"https:\/\/iberiabioenergy.com\/wp-content\/uploads\/CorporateResponsability.mp4\" type=\"video\/mp4\">\n                    <source src=\"https:\/\/iberiabioenergy.com\/wp-content\/uploads\/CorporateResponsability.webm\" type=\"video\/webm\">\n                <\/video>\n\n            <\/div>\n\n            <\/div>\n\n<\/section>\n<section class=\"subtitle subtitulo-verde\">\n    <div class=\"container\">\n        <div class=\"col-12 col-md-8\">\n                            <p>\u00danete a nosotros en el esfuerzo global de suministrar abundante bioenerg\u00eda para una demanda energ\u00e9tica creciente.<\/p>\n                    <\/div>\n    <\/div>\n<\/section>\n<div class=\"wp-container-7 wp-block-columns\">\n<div class=\"wp-container-2 wp-block-column\">\n<figure class=\"wp-block-image size-large\"><img loading=\"lazy\" width=\"403\" height=\"400\" src=\"https:\/\/iberiabioenergy.com\/wp-content\/uploads\/about_ibe-edited-2.jpg\" alt=\"Sobre nosotros\" class=\"wp-image-3447\" srcset=\"https:\/\/iberiabioenergy.com\/wp-content\/uploads\/about_ibe-edited-2.jpg 403w, https:\/\/iberiabioenergy.com\/wp-content\/uploads\/about_ibe-edited-2-250x248.jpg 250w, https:\/\/iberiabioenergy.com\/wp-content\/uploads\/about_ibe-edited-2-150x150.jpg 150w, https:\/\/iberiabioenergy.com\/wp-content\/uploads\/about_ibe-edited-2-395x392.jpg 395w, https:\/\/iberiabioenergy.com\/wp-content\/uploads\/about_ibe-edited-2-290x288.jpg 290w, https:\/\/iberiabioenergy.com\/wp-content\/uploads\/about_ibe-edited-2-120x119.jpg 120w\" sizes=\"(max-width: 403px) 100vw, 403px\" \/><\/figure>\n\n\n\n<h3><strong>El sentido de Iberia <\/strong><\/h3>\n\n\n\n<p>Ofrecemos soluciones respetuosas con el medio ambiente: creamos cadenas de suministro de materias primas libres de fraude para el mercado energ\u00e9tico mundial y, fomentamos un modelo de econom\u00eda circular para un mundo libre de emisiones de carbono.<\/p>\n\n\n\n<div class=\"wp-container-1 wp-block-buttons\">\n<div class=\"wp-block-button\" id=\"\/about-us\/iberia-bioenergy\/\"><a class=\"wp-block-button__link\" href=\"https:\/\/iberiabioenergy.com\/es\/sobre-nosotros\/el-sentido-de-iberia\/\" rel=\"\">Leer m\u00e1s<\/a><\/div>\n<\/div>\n<\/div>\n\n\n\n<div class=\"wp-container-4 wp-block-column\">\n<figure class=\"wp-block-image size-large\"><img loading=\"lazy\" width=\"750\" height=\"750\" src=\"https:\/\/iberiabioenergy.com\/wp-content\/uploads\/img-square-about-02-750x750.jpg\" alt=\"\" class=\"wp-image-3763\" srcset=\"https:\/\/iberiabioenergy.com\/wp-content\/uploads\/img-square-about-02-750x750.jpg 750w, https:\/\/iberiabioenergy.com\/wp-content\/uploads\/img-square-about-02-250x250.jpg 250w, https:\/\/iberiabioenergy.com\/wp-content\/uploads\/img-square-about-02-150x150.jpg 150w, https:\/\/iberiabioenergy.com\/wp-content\/uploads\/img-square-about-02-768x768.jpg 768w, https:\/\/iberiabioenergy.com\/wp-content\/uploads\/img-square-about-02-970x970.jpg 970w, https:\/\/iberiabioenergy.com\/wp-content\/uploads\/img-square-about-02-500x500.jpg 500w, https:\/\/iberiabioenergy.com\/wp-content\/uploads\/img-square-about-02-395x395.jpg 395w, https:\/\/iberiabioenergy.com\/wp-content\/uploads\/img-square-about-02-290x290.jpg 290w, https:\/\/iberiabioenergy.com\/wp-content\/uploads\/img-square-about-02-120x120.jpg 120w, https:\/\/iberiabioenergy.com\/wp-content\/uploads\/img-square-about-02.jpg 1080w\" sizes=\"(max-width: 750px) 100vw, 750px\" \/><\/figure>\n\n\n\n<h3><strong>A simple vista<\/strong><\/h3>\n\n\n\n<p>Somos \u00e1giles, flexibles y tenemos presencia global.<\/p>\n\n\n\n<p>Iberia Bioenergy se constituy\u00f3 en 2012, desde entonces, hemos abastecido a la industria bioenerg\u00e9tica europea siendo responsables de toda la cadena de recolecci\u00f3n y suministro.<\/p>\n\n\n\n<div class=\"wp-container-3 wp-block-buttons\">\n<div class=\"wp-block-button\" id=\"\/about-us\/in-glance-iberia\/\"><a class=\"wp-block-button__link\" href=\"https:\/\/iberiabioenergy.com\/es\/sobre-nosotros\/iberia-bioenergy-a-simple-vista\/\">Leer m\u00e1s<\/a><\/div>\n<\/div>\n<\/div>\n\n\n\n<div class=\"wp-container-6 wp-block-column\">\n<figure class=\"wp-block-image size-large\"><img loading=\"lazy\" width=\"1080\" height=\"1078\" src=\"https:\/\/iberiabioenergy.com\/wp-content\/uploads\/heroimage-responsability-edited.jpg\" alt=\"\" class=\"wp-image-3441\" srcset=\"https:\/\/iberiabioenergy.com\/wp-content\/uploads\/heroimage-responsability-edited.jpg 1080w, https:\/\/iberiabioenergy.com\/wp-content\/uploads\/heroimage-responsability-edited-250x250.jpg 250w, https:\/\/iberiabioenergy.com\/wp-content\/uploads\/heroimage-responsability-edited-750x749.jpg 750w, https:\/\/iberiabioenergy.com\/wp-content\/uploads\/heroimage-responsability-edited-150x150.jpg 150w, https:\/\/iberiabioenergy.com\/wp-content\/uploads\/heroimage-responsability-edited-768x767.jpg 768w, https:\/\/iberiabioenergy.com\/wp-content\/uploads\/heroimage-responsability-edited-970x968.jpg 970w, https:\/\/iberiabioenergy.com\/wp-content\/uploads\/heroimage-responsability-edited-500x499.jpg 500w, https:\/\/iberiabioenergy.com\/wp-content\/uploads\/heroimage-responsability-edited-395x394.jpg 395w, https:\/\/iberiabioenergy.com\/wp-content\/uploads\/heroimage-responsability-edited-290x289.jpg 290w, https:\/\/iberiabioenergy.com\/wp-content\/uploads\/heroimage-responsability-edited-120x120.jpg 120w\" sizes=\"(max-width: 1080px) 100vw, 1080px\" \/><\/figure>\n\n\n\n<h3><strong>Responsabilidad Corporativa<\/strong><\/h3>\n\n\n\n<p>Nos preocupa el medio ambiente y las comunidades en las que operamos, por eso, nos esforzamos en tener un impacto positivo. Nuestra misi\u00f3n es ser mucho m\u00e1s que traders de bioenerg\u00eda, somos pioneros en el desaf\u00edo de la descarbonizaci\u00f3n global.<\/p>\n\n\n\n<div class=\"wp-container-5 wp-block-buttons\">\n<div class=\"wp-block-button\" id=\"\/about-us\/corporate-responsability\/\"><a class=\"wp-block-button__link\" href=\"https:\/\/iberiabioenergy.com\/es\/sobre-nosotros\/responsabilidad-corporativa\/\">Leer m\u00e1s<\/a><\/div>\n<\/div>\n<\/div>\n<\/div>\n\n<p><\/p>\n","protected":false},"excerpt":{"rendered":"<p>El sentido de Iberia Ofrecemos soluciones respetuosas con el medio ambiente: creamos cadenas de suministro de materias primas libres de fraude para el mercado energ\u00e9tico mundial y, fomentamos un modelo&#8230;<\/p>\n","protected":false},"author":1,"featured_media":0,"parent":0,"menu_order":4,"comment_status":"closed","ping_status":"closed","template":"","meta":[],"acf":[],"yoast_head":"<!-- This site is optimized with the Yoast SEO plugin v19.5.1 - https:\/\/yoast.com\/wordpress\/plugins\/seo\/ -->\n<title>Sobre nosotros - Iberia Bioenergy<\/title>\n<meta name=\"robots\" content=\"index, follow, max-snippet:-1, max-image-preview:large, max-video-preview:-1\" \/>\n<link rel=\"canonical\" href=\"https:\/\/iberiabioenergy.com\/es\/sobre-nosotros\/\" \/>\n<meta property=\"og:locale\" content=\"es_ES\" \/>\n<meta property=\"og:type\" content=\"article\" \/>\n<meta property=\"og:title\" content=\"Sobre nosotros - Iberia Bioenergy\" \/>\n<meta property=\"og:description\" content=\"El sentido de Iberia Ofrecemos soluciones respetuosas con el medio ambiente: creamos cadenas de suministro de materias primas libres de fraude para el mercado energ\u00e9tico mundial y, fomentamos un modelo...\" \/>\n<meta property=\"og:url\" content=\"https:\/\/iberiabioenergy.com\/es\/sobre-nosotros\/\" \/>\n<meta property=\"og:site_name\" content=\"Iberia Bioenergy\" \/>\n<meta property=\"article:modified_time\" content=\"2023-04-19T11:46:42+00:00\" \/>\n<meta property=\"og:image\" content=\"https:\/\/iberiabioenergy.com\/wp-content\/uploads\/about_ibe-edited-2.jpg\" \/>\n<meta name=\"twitter:card\" content=\"summary\" \/>\n<meta name=\"twitter:label1\" content=\"Tiempo de lectura\" \/>\n\t<meta name=\"twitter:data1\" content=\"1 minuto\" \/>\n<script type=\"application\/ld+json\" class=\"yoast-schema-graph\">{\"@context\":\"https:\/\/schema.org\",\"@graph\":[{\"@type\":\"WebPage\",\"@id\":\"https:\/\/iberiabioenergy.com\/es\/sobre-nosotros\/\",\"url\":\"https:\/\/iberiabioenergy.com\/es\/sobre-nosotros\/\",\"name\":\"Sobre nosotros - Iberia Bioenergy\",\"isPartOf\":{\"@id\":\"https:\/\/iberiabioenergy.com\/#website\"},\"datePublished\":\"2021-06-07T10:58:28+00:00\",\"dateModified\":\"2023-04-19T11:46:42+00:00\",\"breadcrumb\":{\"@id\":\"https:\/\/iberiabioenergy.com\/es\/sobre-nosotros\/#breadcrumb\"},\"inLanguage\":\"es\",\"potentialAction\":[{\"@type\":\"ReadAction\",\"target\":[\"https:\/\/iberiabioenergy.com\/es\/sobre-nosotros\/\"]}]},{\"@type\":\"BreadcrumbList\",\"@id\":\"https:\/\/iberiabioenergy.com\/es\/sobre-nosotros\/#breadcrumb\",\"itemListElement\":[{\"@type\":\"ListItem\",\"position\":1,\"name\":\"Sobre nosotros\"}]},{\"@type\":\"WebSite\",\"@id\":\"https:\/\/iberiabioenergy.com\/#website\",\"url\":\"https:\/\/iberiabioenergy.com\/\",\"name\":\"Iberia Bioenergy\",\"description\":\"Developing a circular economy toward a sustainable future.\",\"potentialAction\":[{\"@type\":\"SearchAction\",\"target\":{\"@type\":\"EntryPoint\",\"urlTemplate\":\"https:\/\/iberiabioenergy.com\/?s={search_term_string}\"},\"query-input\":\"required name=search_term_string\"}],\"inLanguage\":\"es\"}]}<\/script>\n<!-- \/ Yoast SEO plugin. -->","yoast_head_json":{"title":"Sobre nosotros - Iberia Bioenergy","robots":{"index":"index","follow":"follow","max-snippet":"max-snippet:-1","max-image-preview":"max-image-preview:large","max-video-preview":"max-video-preview:-1"},"canonical":"https:\/\/iberiabioenergy.com\/es\/sobre-nosotros\/","og_locale":"es_ES","og_type":"article","og_title":"Sobre nosotros - Iberia Bioenergy","og_description":"El sentido de Iberia Ofrecemos soluciones respetuosas con el medio ambiente: creamos cadenas de suministro de materias primas libres de fraude para el mercado energ\u00e9tico mundial y, fomentamos un modelo...","og_url":"https:\/\/iberiabioenergy.com\/es\/sobre-nosotros\/","og_site_name":"Iberia Bioenergy","article_modified_time":"2023-04-19T11:46:42+00:00","og_image":[{"url":"https:\/\/iberiabioenergy.com\/wp-content\/uploads\/about_ibe-edited-2.jpg"}],"twitter_card":"summary","twitter_misc":{"Tiempo de lectura":"1 minuto"},"schema":{"@context":"https:\/\/schema.org","@graph":[{"@type":"WebPage","@id":"https:\/\/iberiabioenergy.com\/es\/sobre-nosotros\/","url":"https:\/\/iberiabioenergy.com\/es\/sobre-nosotros\/","name":"Sobre nosotros - Iberia Bioenergy","isPartOf":{"@id":"https:\/\/iberiabioenergy.com\/#website"},"datePublished":"2021-06-07T10:58:28+00:00","dateModified":"2023-04-19T11:46:42+00:00","breadcrumb":{"@id":"https:\/\/iberiabioenergy.com\/es\/sobre-nosotros\/#breadcrumb"},"inLanguage":"es","potentialAction":[{"@type":"ReadAction","target":["https:\/\/iberiabioenergy.com\/es\/sobre-nosotros\/"]}]},{"@type":"BreadcrumbList","@id":"https:\/\/iberiabioenergy.com\/es\/sobre-nosotros\/#breadcrumb","itemListElement":[{"@type":"ListItem","position":1,"name":"Sobre nosotros"}]},{"@type":"WebSite","@id":"https:\/\/iberiabioenergy.com\/#website","url":"https:\/\/iberiabioenergy.com\/","name":"Iberia Bioenergy","description":"Developing a circular economy toward a sustainable future.","potentialAction":[{"@type":"SearchAction","target":{"@type":"EntryPoint","urlTemplate":"https:\/\/iberiabioenergy.com\/?s={search_term_string}"},"query-input":"required name=search_term_string"}],"inLanguage":"es"}]}},"_links":{"self":[{"href":"https:\/\/iberiabioenergy.com\/es\/wp-json\/wp\/v2\/pages\/5113"}],"collection":[{"href":"https:\/\/iberiabioenergy.com\/es\/wp-json\/wp\/v2\/pages"}],"about":[{"href":"https:\/\/iberiabioenergy.com\/es\/wp-json\/wp\/v2\/types\/page"}],"author":[{"embeddable":true,"href":"https:\/\/iberiabioenergy.com\/es\/wp-json\/wp\/v2\/users\/1"}],"replies":[{"embeddable":true,"href":"https:\/\/iberiabioenergy.com\/es\/wp-json\/wp\/v2\/comments?post=5113"}],"version-history":[{"count":2,"href":"https:\/\/iberiabioenergy.com\/es\/wp-json\/wp\/v2\/pages\/5113\/revisions"}],"predecessor-version":[{"id":5260,"href":"https:\/\/iberiabioenergy.com\/es\/wp-json\/wp\/v2\/pages\/5113\/revisions\/5260"}],"wp:attachment":[{"href":"https:\/\/iberiabioenergy.com\/es\/wp-json\/wp\/v2\/media?parent=5113"}],"curies":[{"name":"wp","href":"https:\/\/api.w.org\/{rel}","templated":true}]}}