{"id":5117,"date":"2022-04-18T17:03:44","date_gmt":"2022-04-18T15:03:44","guid":{"rendered":"https:\/\/iberiabioenergy.com\/sobre-nosotros\/iberia-bioenergy-a-simple-vista\/"},"modified":"2023-02-23T11:23:39","modified_gmt":"2023-02-23T10:23:39","slug":"iberia-bioenergy-a-simple-vista","status":"publish","type":"page","link":"https:\/\/iberiabioenergy.com\/es\/sobre-nosotros\/iberia-bioenergy-a-simple-vista\/","title":{"rendered":"Iberia Bioenergy a simple vista"},"content":{"rendered":"\n<section id=\"cabecera-contenido-block_614b0d54fb50c\" class=\"cabecera-contenido resumen hero row\">\n\n    <div class=\"overlay overlay-only-text\" style=\"background-image:url('https:\/\/iberiabioenergy.com\/wp-content\/uploads\/heroimage-inglanceiberia.jpg');\">\n        <div class=\"container\">\n            <div class=\"row\">\n\n                <div class=\"col-12 col-md-9\">\n\n                    <div class=\"contenido-principal\">\n                        <p id=\"breadcrumbs\"><\/p>                        <h1 class=\"h1\">Iberia Bioenergy a simple vista<\/h1>\n                                                    <p>Presencia global, donde nunca se pone el sol<\/p>\n                                            <\/div>\n                <\/div>\n            <\/div>\n        <\/div>\n    <\/div>\n\n\n<\/section>\n<section class=\"subtitle subtitulo-verde\">\n    <div class=\"container\">\n        <div class=\"col-12 col-md-8\">\n                            <p>Como lib\u00e9lulas, los halcones del mundo de los insectos e importantes indicadores ambientales, Iberia Bioenergy es \u00e1gil y flexible con presencia global.<\/p>\n                    <\/div>\n    <\/div>\n<\/section>\n<div class=\"wp-container-6 wp-block-columns\">\n<div class=\"wp-container-5 wp-block-column\">\n<div class=\"wp-container-4 wp-block-columns\">\n<div class=\"wp-container-1 wp-block-column\" style=\"flex-basis:25%\"><\/div>\n\n\n\n<div class=\"wp-container-2 wp-block-column\" style=\"flex-basis:50%\">\n<h2 class=\"has-text-align-center\"><strong><strong>Nuestra historia<\/strong><\/strong><\/h2>\n\n\n\n<h3 class=\"has-text-align-center\"><strong>Fundada en 2012, Iberia Bioenergy ha estado abasteciendo, recolectando y suministrando materias primas y biocombustibles para la industria europea de bioenerg\u00eda y el sector del transporte.<\/strong><\/h3>\n\n\n\n<p class=\"has-text-align-center\">Desde el origen hasta los operadores finales, desarrollamos cadenas de suministro fiables y resistentes a trav\u00e9s de nuestra estrategia y modelo comercial circular integrado alrededor del mundo. <\/p>\n\n\n\n<p class=\"has-text-align-center\">Nuestro objetivo principal es la recolecci\u00f3n y revalorizaci\u00f3n de desechos y residuos proporcionando valiosas materias primas para el mercado de la energ\u00eda y el sector del transporte. Nuestros productos a medida permiten a nuestros clientes alcanzar sus objetivos de reducci\u00f3n de GEI.<\/p>\n<\/div>\n\n\n\n<div class=\"wp-container-3 wp-block-column\" style=\"flex-basis:25%\"><\/div>\n<\/div>\n<\/div>\n<\/div>\n\n<div class=\"wp-block-cp-timeline-content-timeline-block Cool-Content-Timeline\"><div class=\"cool-timeline-block-a4f8da29-4c9f-4072-aa5d-5a6af3393862\"><style scoped=\"true\">.cool-timeline-block-a4f8da29-4c9f-4072-aa5d-5a6af3393862 .cool-vertical-timeline-body .story-time p{color: #333;}.cool-timeline-block-a4f8da29-4c9f-4072-aa5d-5a6af3393862 .cool-horizontal-timeline-body .story-time p{color: #333;}.cool-timeline-block-a4f8da29-4c9f-4072-aa5d-5a6af3393862 .cool-vertical-timeline-body::before{background: linear-gradient(to bottom, rgba(230, 230, 230, 0) 0%, #008f82 10%, #008f82 90%, rgba(230, 230, 230, 0) 100%);}.cool-timeline-block-a4f8da29-4c9f-4072-aa5d-5a6af3393862 .cool-horizontal-timeline-body .timeline-content::before{background: #008f82;}.cool-timeline-block-a4f8da29-4c9f-4072-aa5d-5a6af3393862 .cool-horizontal-timeline-body .timeline-content::after{background: #008f82;}.cool-timeline-block-a4f8da29-4c9f-4072-aa5d-5a6af3393862 .cool-vertical-timeline-body .timeline-content::before{background: #48ae73 !important;}.cool-timeline-block-a4f8da29-4c9f-4072-aa5d-5a6af3393862 .cool-vertical-timeline-body.left .story-details::after{background: #48ae73 !important;}.cool-timeline-block-a4f8da29-4c9f-4072-aa5d-5a6af3393862 .cool-vertical-timeline-body.right .story-time::after{background: #48ae73 !important;}.cool-timeline-block-a4f8da29-4c9f-4072-aa5d-5a6af3393862 .cool-vertical-timeline-body .timeline-content .timeline-block-icon{background: #008f82 !important;}.cool-timeline-block-a4f8da29-4c9f-4072-aa5d-5a6af3393862 .cool-horizontal-timeline-body .timeline-content .timeline-block-icon{background: #008f82 !important;}.cool-timeline-block-a4f8da29-4c9f-4072-aa5d-5a6af3393862 .cool-vertical-timeline-body.both-sided .timeline-content .position-right .story-details::before{border-right-color: #48ae73 !important;}.cool-timeline-block-a4f8da29-4c9f-4072-aa5d-5a6af3393862 .cool-vertical-timeline-body.both-sided .timeline-content .position-left  .story-details::before{border-left-color: #48ae73 !important;}.cool-timeline-block-a4f8da29-4c9f-4072-aa5d-5a6af3393862 .cool-vertical-timeline-body.one-sided.left .timeline-content  .story-details::before{border-right-color: #48ae73 !important;}.cool-timeline-block-a4f8da29-4c9f-4072-aa5d-5a6af3393862 .cool-vertical-timeline-body.one-sided.right .timeline-content  .story-details::before{border-left-color: #48ae73 !important;}.cool-timeline-block-a4f8da29-4c9f-4072-aa5d-5a6af3393862 .cool-vertical-timeline-body .timeline-content  .story-details{border-color: #48ae73 !important;}.cool-timeline-block-a4f8da29-4c9f-4072-aa5d-5a6af3393862 .cool-horizontal-timeline-body .timeline-content .ctl-row .ctl-6.timeline-block-detail::before{border-bottom-color: #48ae73 !important;}.cool-timeline-block-a4f8da29-4c9f-4072-aa5d-5a6af3393862 .cool-horizontal-timeline-body .ctl-6.timeline-block-detail{border-top-color: #48ae73 !important;}.cool-timeline-block-a4f8da29-4c9f-4072-aa5d-5a6af3393862 .cool-vertical-timeline-body .timeline-content  .timeline-block-icon{border-color: #008f82FF !important;}.cool-timeline-block-a4f8da29-4c9f-4072-aa5d-5a6af3393862 .cool-horizontal-timeline-body .swiper-button-next{color: #008f82;}.cool-timeline-block-a4f8da29-4c9f-4072-aa5d-5a6af3393862 .cool-horizontal-timeline-body .swiper-button-prev{color: #008f82;}.cool-timeline-block-a4f8da29-4c9f-4072-aa5d-5a6af3393862 .cool-horizontal-timeline-body .swiper-pagination-bullet-active{background: #008f82;}.cool-timeline-block-a4f8da29-4c9f-4072-aa5d-5a6af3393862 .icon-true .timeline-block-icon span.timeline-block-render-icon svg{fill: white;}<\/style><div class=\"cool-vertical-timeline-body both-sided left\"><div class=\"cool-timeline-block-list\">\n<div class=\"wp-block-cp-timeline-content-timeline-block-child swiper-slide\"><div class=\"timeline-content icon-false \"><div class=\" timeline-block-timeline ctl-row position-right\"><div class=\"ctl-6 timeline-block-time\"><div class=\"story-time\"><p>2012<\/p><\/div><\/div><div class=\"timeline-block-icon\"><\/div><div class=\"ctl-6 timeline-block-detail\"><div class=\"story-details\"><div class=\"story-image\"><img src=\"https:\/\/iberiabioenergy.com\/wp-content\/uploads\/timeline_o1.jpg\" alt=\"\"><\/div><div class=\"story-content\"><h3><\/h3><p>Iberia Bioenergy se funda en Granada, Espa\u00f1a.<\/p><\/div><\/div><\/div><\/div><\/div><\/div>\n\n\n\n<div class=\"wp-block-cp-timeline-content-timeline-block-child swiper-slide\"><div class=\"timeline-content icon-false \"><div class=\" timeline-block-timeline ctl-row position-left\"><div class=\"ctl-6 timeline-block-time\"><div class=\"story-time\"><p>2015<\/p><\/div><\/div><div class=\"timeline-block-icon\"><\/div><div class=\"ctl-6 timeline-block-detail\"><div class=\"story-details\"><div class=\"story-image\"><img src=\"https:\/\/iberiabioenergy.com\/wp-content\/uploads\/timeline_o6.jpg\" alt=\"\"><\/div><div class=\"story-content\"><h3><\/h3><p>Primera exportaci\u00f3n de biomasa a granel hacia el sur de Francia:<br>4.500 toneladas astilla de madera forestal certificada de Espa\u00f1a.<\/p><\/div><\/div><\/div><\/div><\/div><\/div>\n\n\n\n<div class=\"wp-block-cp-timeline-content-timeline-block-child swiper-slide\"><div class=\"timeline-content icon-false \"><div class=\" timeline-block-timeline ctl-row position-right\"><div class=\"ctl-6 timeline-block-time\"><div class=\"story-time\"><p>2016<\/p><\/div><\/div><div class=\"timeline-block-icon\"><\/div><div class=\"ctl-6 timeline-block-detail\"><div class=\"story-details\"><div class=\"story-image\"><img src=\"https:\/\/iberiabioenergy.com\/wp-content\/uploads\/timeline_13.jpg\" alt=\"\"><\/div><div class=\"story-content\"><h3><\/h3><p>Primera exportaci\u00f3n de ISCC UCO e ISCC UCOME desde China en isotanques y flexitanques. <\/p><\/div><\/div><\/div><\/div><\/div><\/div>\n\n\n\n<div class=\"wp-block-cp-timeline-content-timeline-block-child swiper-slide\"><div class=\"timeline-content icon-false \"><div class=\" timeline-block-timeline ctl-row position-left\"><div class=\"ctl-6 timeline-block-time\"><div class=\"story-time\"><p>2017<\/p><\/div><\/div><div class=\"timeline-block-icon\"><\/div><div class=\"ctl-6 timeline-block-detail\"><div class=\"story-details\"><div class=\"story-image\"><img src=\"https:\/\/iberiabioenergy.com\/wp-content\/uploads\/timeline_o7.jpg\" alt=\"\"><\/div><div class=\"story-content\"><h3><\/h3><p>Puesta en marcha de la Joint Venture formada entre Shanghai Lianyun e Iberia Bioenergy para la originaci\u00f3n y comercializaci\u00f3n de 4.000 toneladas de UCO al mes.<br>Primera exportaci\u00f3n de carga de agro biomasa a granel con destino Suecia: 5.000 toneladas de c\u00e1scara de almendra desde Espa\u00f1a.<\/p><\/div><\/div><\/div><\/div><\/div><\/div>\n\n\n\n<div class=\"wp-block-cp-timeline-content-timeline-block-child swiper-slide\"><div class=\"timeline-content icon-false \"><div class=\" timeline-block-timeline ctl-row position-right\"><div class=\"ctl-6 timeline-block-time\"><div class=\"story-time\"><p>2018<\/p><\/div><\/div><div class=\"timeline-block-icon\"><\/div><div class=\"ctl-6 timeline-block-detail\"><div class=\"story-details\"><div class=\"story-image\"><img src=\"https:\/\/iberiabioenergy.com\/wp-content\/uploads\/timeline_o9.jpg\" alt=\"\"><\/div><div class=\"story-content\"><h3><\/h3><p>Primera exportaci\u00f3n a granel de ISCC UCO a Portugal desde China.<br>1er contrato anual de biomasa forestal certificada con Dinamarca por 25.000 toneladas.<\/p><\/div><\/div><\/div><\/div><\/div><\/div>\n\n\n\n<div class=\"wp-block-cp-timeline-content-timeline-block-child swiper-slide\"><div class=\"timeline-content icon-false \"><div class=\" timeline-block-timeline ctl-row position-left\"><div class=\"ctl-6 timeline-block-time\"><div class=\"story-time\"><p>2019<\/p><\/div><\/div><div class=\"timeline-block-icon\"><\/div><div class=\"ctl-6 timeline-block-detail\"><div class=\"story-details\"><div class=\"story-image\"><img src=\"https:\/\/iberiabioenergy.com\/wp-content\/uploads\/timeline_10.jpg\" alt=\"\"><\/div><div class=\"story-content\"><h3><\/h3><p>Primer acuerdo de Tolling con una refiner\u00eda de UCO de grado HVO en China.<br>Establecimiento del primer contrato de almacenamiento de 5.000 cbm con una terminal en Taizhou, China.<br>Establecimiento del primer contrato de almacenamiento de 6.400 cbm con una terminal en M\u00e1laga, Espa\u00f1a.<br>Primer acuerdo de Tolling con plantas de biodiesel en Portugal y Espa\u00f1a para producci\u00f3n de UCOME.<br>Primera exportaci\u00f3n a granel de UCO grado HVO al mercado europeo.<\/p><\/div><\/div><\/div><\/div><\/div><\/div>\n\n\n\n<div class=\"wp-block-cp-timeline-content-timeline-block-child swiper-slide\"><div class=\"timeline-content icon-false \"><div class=\" timeline-block-timeline ctl-row position-right\"><div class=\"ctl-6 timeline-block-time\"><div class=\"story-time\"><p>2020<\/p><\/div><\/div><div class=\"timeline-block-icon\"><\/div><div class=\"ctl-6 timeline-block-detail\"><div class=\"story-details\"><div class=\"story-image\"><img src=\"https:\/\/iberiabioenergy.com\/wp-content\/uploads\/timeline_11.jpg\" alt=\"\"><\/div><div class=\"story-content\"><h3><\/h3><p>Primera exportaci\u00f3n a granel de ISCC UCOME al mercado europeo desde China.<br>Originaci\u00f3n de 15.000 toneladas de UCO a trav\u00e9s de la Joint Venture.<br>Segundo contrato de almacenamiento de 12.800 cbm con una terminal en Espa\u00f1a y ampliaci\u00f3n de almacenamiento hasta 18.000 cbm en China.<br>Desarrollo de un proyecto de biocombustibles marinos con una importante naviera europea.<br>Constituci\u00f3n de Iberia Bioenergy America Corp. en EE.UU.<\/p><\/div><\/div><\/div><\/div><\/div><\/div>\n\n\n\n<div class=\"wp-block-cp-timeline-content-timeline-block-child swiper-slide\"><div class=\"timeline-content icon-false \"><div class=\" timeline-block-timeline ctl-row position-left\"><div class=\"ctl-6 timeline-block-time\"><div class=\"story-time\"><p>2021<\/p><\/div><\/div><div class=\"timeline-block-icon\"><\/div><div class=\"ctl-6 timeline-block-detail\"><div class=\"story-details\"><div class=\"story-image\"><img src=\"https:\/\/iberiabioenergy.com\/wp-content\/uploads\/timeline_12.jpg\" alt=\"\"><\/div><div class=\"story-content\"><h3><\/h3><p>Primera exportaci\u00f3n a granel de biocombustibles avanzados ISCC al mercado europeo desde China de 4.000 toneladas.<br>Originaci\u00f3n de 20.000 toneladas de UCO a trav\u00e9s de la Joint Venture.<br> Contrato de almacenamiento de 7.400 cbm con una terminal en Rotterdam, Holanda.<br>Formaci\u00f3n del grupo TOP ECO CHINA como veh\u00edculo de inversi\u00f3n para proyectos de origen de materias primas en Asia.<br>Proyecto de investigaci\u00f3n para la transformaci\u00f3n de desechos en aceites microbianos como materia prima avanzada para biocombustibles.<\/p><\/div><\/div><\/div><\/div><\/div><\/div>\n\n\n\n<div class=\"wp-block-cp-timeline-content-timeline-block-child swiper-slide\"><div class=\"timeline-content icon-false \"><div class=\" timeline-block-timeline ctl-row position-right\"><div class=\"ctl-6 timeline-block-time\"><div class=\"story-time\"><p>2022<\/p><\/div><\/div><div class=\"timeline-block-icon\"><\/div><div class=\"ctl-6 timeline-block-detail\"><div class=\"story-details\"><div class=\"story-image\"><img src=\"https:\/\/iberiabioenergy.com\/wp-content\/uploads\/timeline_14_b.jpg\" alt=\"\"><\/div><div class=\"story-content\"><h3><\/h3><p>Primeros contratos de Tolling de transformaci\u00f3n de POME a POMEME en Asia.<br>Primera exportaci\u00f3n a granel de ISCC SBEO al mercado europeo desde el sudeste asi\u00e1tico de 2.000 toneladas.<br>Entrada en el mercado estadounidense de materias primas.<br>Adquisici\u00f3n de una planta de biodiesel en el Sudeste Asi\u00e1tico para la producci\u00f3n de biocombustibles avanzados.<\/p><\/div><\/div><\/div><\/div><\/div><\/div>\n<\/div><\/div><\/div><\/div>\n\n<div class=\"wp-container-9 wp-block-columns\">\n<div class=\"wp-container-7 wp-block-column\">\n<figure class=\"wp-block-image size-full\"><img loading=\"lazy\" width=\"90\" height=\"90\" src=\"https:\/\/iberiabioenergy.com\/wp-content\/uploads\/ico_mission.png\" alt=\"\" class=\"wp-image-3809\"\/><\/figure>\n\n\n\n<h3><strong>Nuestra misi\u00f3n<\/strong><\/h3>\n\n\n\n<p>Ser mucho m\u00e1s que una comercializadora de bioenerg\u00eda, somos pioneros en el desaf\u00edo de la descarbonizaci\u00f3n global.<\/p>\n<\/div>\n\n\n\n<div class=\"wp-container-8 wp-block-column\">\n<figure class=\"wp-block-image size-full\"><img loading=\"lazy\" width=\"90\" height=\"90\" src=\"https:\/\/iberiabioenergy.com\/wp-content\/uploads\/ico_vision.png\" alt=\"\" class=\"wp-image-3810\"\/><\/figure>\n\n\n\n<h3><strong>Nuestra visi\u00f3n:<\/strong><\/h3>\n\n\n\n<p>Un futuro seguro y sostenible, nuestro trabajo contribuye al esfuerzo global de suministrar abundante bioenerg\u00eda para una demanda energ\u00e9tica creciente.<\/p>\n<\/div>\n<\/div>\n\n<div class=\"wp-container-16 wp-block-group alignfull mb-0 has-background\" style=\"background-color:#ebf4f3\"><div class=\"wp-block-group__inner-container\">\n<div style=\"height:70px\" aria-hidden=\"true\" class=\"wp-block-spacer\"><\/div>\n\n\n\n<div class=\"wp-container-11 wp-block-columns alignwide are-vertically-aligned-center pb-0 mb-0\">\n<div class=\"wp-container-10 wp-block-column\">\n<figure class=\"wp-block-image size-full\"><img loading=\"lazy\" width=\"90\" height=\"90\" src=\"https:\/\/iberiabioenergy.com\/wp-content\/uploads\/ico_strategy.png\" alt=\"\" class=\"wp-image-3813\"\/><\/figure>\n\n\n\n<h3><strong><strong>Nuestra estrategia:<\/strong><\/strong><\/h3>\n<\/div>\n<\/div>\n\n\n\n<div class=\"wp-container-15 wp-block-columns alignwide\">\n<div class=\"wp-container-12 wp-block-column\">\n<h4>Contribuir con nuestro trabajo al desarrollo de una econom\u00eda circular orientada a un mundo libre de carbono.<\/h4>\n\n\n\n<p>Fomentamos un modelo de negocio circular sostenible que integra negocios locales y peque\u00f1os. En lugar de construir estructuras paralelas a las ya existentes que socavan y excluyen a la mano de obra local, cooperamos e invertimos en esas empresas para integrarlas en nuestra estructura. <\/p>\n<\/div>\n\n\n\n<div class=\"wp-container-13 wp-block-column\">\n<p>Nos preocupamos profundamente por el medio ambiente y las comunidades en las que operamos. Todo nuestro esfuerzo est\u00e1 puesto en generar el un impacto positivo y es por eso que la sostenibilidad es parte de todo lo que hacemos.<\/p>\n\n\n\n<p>En Iberia Bioenergy a\u00f1adimos valor integrando los elementos y operadores de nuestras cadenas de suministro de materias primas en todo el mundo.<\/p>\n<\/div>\n\n\n\n<div class=\"wp-container-14 wp-block-column\">\n<p>Creemos en la inclusi\u00f3n, fomentando relaciones s\u00f3lidas entre culturas. Al generar confianza y ampliar nuestro conocimiento, podemos agregar valor desde el momento en que se recolectan los desechos y asegurar cadenas de suministro sostenibles y de alta calidad desde el origen hasta el destino final en todo el mundo.<\/p>\n<\/div>\n<\/div>\n\n\n\n<div style=\"height:40px\" aria-hidden=\"true\" class=\"wp-block-spacer\"><\/div>\n<\/div><\/div>\n","protected":false},"excerpt":{"rendered":"<p>Nuestra historia Fundada en 2012, Iberia Bioenergy ha estado abasteciendo, recolectando y suministrando materias primas y biocombustibles para la industria europea de bioenerg\u00eda y el sector del transporte. Desde el&#8230;<\/p>\n","protected":false},"author":1,"featured_media":4912,"parent":5113,"menu_order":5,"comment_status":"closed","ping_status":"closed","template":"","meta":[],"acf":[],"yoast_head":"<!-- This site is optimized with the Yoast SEO plugin v19.5.1 - https:\/\/yoast.com\/wordpress\/plugins\/seo\/ -->\n<title>Iberia Bioenergy a simple vista - Iberia Bioenergy<\/title>\n<meta name=\"robots\" content=\"index, follow, max-snippet:-1, max-image-preview:large, max-video-preview:-1\" \/>\n<link rel=\"canonical\" href=\"https:\/\/iberiabioenergy.com\/es\/sobre-nosotros\/iberia-bioenergy-a-simple-vista\/\" \/>\n<meta property=\"og:locale\" content=\"es_ES\" \/>\n<meta property=\"og:type\" content=\"article\" \/>\n<meta property=\"og:title\" content=\"Iberia Bioenergy a simple vista - Iberia Bioenergy\" \/>\n<meta property=\"og:description\" content=\"Nuestra historia Fundada en 2012, Iberia Bioenergy ha estado abasteciendo, recolectando y suministrando materias primas y biocombustibles para la industria europea de bioenerg\u00eda y el sector del transporte. Desde el...\" \/>\n<meta property=\"og:url\" content=\"https:\/\/iberiabioenergy.com\/es\/sobre-nosotros\/iberia-bioenergy-a-simple-vista\/\" \/>\n<meta property=\"og:site_name\" content=\"Iberia Bioenergy\" \/>\n<meta property=\"article:modified_time\" content=\"2023-02-23T10:23:39+00:00\" \/>\n<meta property=\"og:image\" content=\"https:\/\/iberiabioenergy.com\/wp-content\/uploads\/heroimage-inglanceiberia.jpg\" \/>\n\t<meta property=\"og:image:width\" content=\"1920\" \/>\n\t<meta property=\"og:image:height\" content=\"1080\" \/>\n\t<meta property=\"og:image:type\" content=\"image\/jpeg\" \/>\n<meta name=\"twitter:card\" content=\"summary\" \/>\n<meta name=\"twitter:label1\" content=\"Tiempo de lectura\" \/>\n\t<meta name=\"twitter:data1\" content=\"4 minutos\" \/>\n<script type=\"application\/ld+json\" class=\"yoast-schema-graph\">{\"@context\":\"https:\/\/schema.org\",\"@graph\":[{\"@type\":\"WebPage\",\"@id\":\"https:\/\/iberiabioenergy.com\/es\/sobre-nosotros\/iberia-bioenergy-a-simple-vista\/\",\"url\":\"https:\/\/iberiabioenergy.com\/es\/sobre-nosotros\/iberia-bioenergy-a-simple-vista\/\",\"name\":\"Iberia Bioenergy a simple vista - Iberia Bioenergy\",\"isPartOf\":{\"@id\":\"https:\/\/iberiabioenergy.com\/#website\"},\"datePublished\":\"2022-04-18T15:03:44+00:00\",\"dateModified\":\"2023-02-23T10:23:39+00:00\",\"breadcrumb\":{\"@id\":\"https:\/\/iberiabioenergy.com\/es\/sobre-nosotros\/iberia-bioenergy-a-simple-vista\/#breadcrumb\"},\"inLanguage\":\"es\",\"potentialAction\":[{\"@type\":\"ReadAction\",\"target\":[\"https:\/\/iberiabioenergy.com\/es\/sobre-nosotros\/iberia-bioenergy-a-simple-vista\/\"]}]},{\"@type\":\"BreadcrumbList\",\"@id\":\"https:\/\/iberiabioenergy.com\/es\/sobre-nosotros\/iberia-bioenergy-a-simple-vista\/#breadcrumb\",\"itemListElement\":[{\"@type\":\"ListItem\",\"position\":1,\"name\":\"Sobre nosotros\",\"item\":\"https:\/\/iberiabioenergy.com\/es\/sobre-nosotros\/\"},{\"@type\":\"ListItem\",\"position\":2,\"name\":\"Iberia Bioenergy a simple vista\"}]},{\"@type\":\"WebSite\",\"@id\":\"https:\/\/iberiabioenergy.com\/#website\",\"url\":\"https:\/\/iberiabioenergy.com\/\",\"name\":\"Iberia Bioenergy\",\"description\":\"Developing a circular economy toward a sustainable future.\",\"potentialAction\":[{\"@type\":\"SearchAction\",\"target\":{\"@type\":\"EntryPoint\",\"urlTemplate\":\"https:\/\/iberiabioenergy.com\/?s={search_term_string}\"},\"query-input\":\"required name=search_term_string\"}],\"inLanguage\":\"es\"}]}<\/script>\n<!-- \/ Yoast SEO plugin. -->","yoast_head_json":{"title":"Iberia Bioenergy a simple vista - Iberia Bioenergy","robots":{"index":"index","follow":"follow","max-snippet":"max-snippet:-1","max-image-preview":"max-image-preview:large","max-video-preview":"max-video-preview:-1"},"canonical":"https:\/\/iberiabioenergy.com\/es\/sobre-nosotros\/iberia-bioenergy-a-simple-vista\/","og_locale":"es_ES","og_type":"article","og_title":"Iberia Bioenergy a simple vista - Iberia Bioenergy","og_description":"Nuestra historia Fundada en 2012, Iberia Bioenergy ha estado abasteciendo, recolectando y suministrando materias primas y biocombustibles para la industria europea de bioenerg\u00eda y el sector del transporte. Desde el...","og_url":"https:\/\/iberiabioenergy.com\/es\/sobre-nosotros\/iberia-bioenergy-a-simple-vista\/","og_site_name":"Iberia Bioenergy","article_modified_time":"2023-02-23T10:23:39+00:00","og_image":[{"width":1920,"height":1080,"url":"https:\/\/iberiabioenergy.com\/wp-content\/uploads\/heroimage-inglanceiberia.jpg","type":"image\/jpeg"}],"twitter_card":"summary","twitter_misc":{"Tiempo de lectura":"4 minutos"},"schema":{"@context":"https:\/\/schema.org","@graph":[{"@type":"WebPage","@id":"https:\/\/iberiabioenergy.com\/es\/sobre-nosotros\/iberia-bioenergy-a-simple-vista\/","url":"https:\/\/iberiabioenergy.com\/es\/sobre-nosotros\/iberia-bioenergy-a-simple-vista\/","name":"Iberia Bioenergy a simple vista - Iberia Bioenergy","isPartOf":{"@id":"https:\/\/iberiabioenergy.com\/#website"},"datePublished":"2022-04-18T15:03:44+00:00","dateModified":"2023-02-23T10:23:39+00:00","breadcrumb":{"@id":"https:\/\/iberiabioenergy.com\/es\/sobre-nosotros\/iberia-bioenergy-a-simple-vista\/#breadcrumb"},"inLanguage":"es","potentialAction":[{"@type":"ReadAction","target":["https:\/\/iberiabioenergy.com\/es\/sobre-nosotros\/iberia-bioenergy-a-simple-vista\/"]}]},{"@type":"BreadcrumbList","@id":"https:\/\/iberiabioenergy.com\/es\/sobre-nosotros\/iberia-bioenergy-a-simple-vista\/#breadcrumb","itemListElement":[{"@type":"ListItem","position":1,"name":"Sobre nosotros","item":"https:\/\/iberiabioenergy.com\/es\/sobre-nosotros\/"},{"@type":"ListItem","position":2,"name":"Iberia Bioenergy a simple vista"}]},{"@type":"WebSite","@id":"https:\/\/iberiabioenergy.com\/#website","url":"https:\/\/iberiabioenergy.com\/","name":"Iberia Bioenergy","description":"Developing a circular economy toward a sustainable future.","potentialAction":[{"@type":"SearchAction","target":{"@type":"EntryPoint","urlTemplate":"https:\/\/iberiabioenergy.com\/?s={search_term_string}"},"query-input":"required name=search_term_string"}],"inLanguage":"es"}]}},"_links":{"self":[{"href":"https:\/\/iberiabioenergy.com\/es\/wp-json\/wp\/v2\/pages\/5117"}],"collection":[{"href":"https:\/\/iberiabioenergy.com\/es\/wp-json\/wp\/v2\/pages"}],"about":[{"href":"https:\/\/iberiabioenergy.com\/es\/wp-json\/wp\/v2\/types\/page"}],"author":[{"embeddable":true,"href":"https:\/\/iberiabioenergy.com\/es\/wp-json\/wp\/v2\/users\/1"}],"replies":[{"embeddable":true,"href":"https:\/\/iberiabioenergy.com\/es\/wp-json\/wp\/v2\/comments?post=5117"}],"version-history":[{"count":1,"href":"https:\/\/iberiabioenergy.com\/es\/wp-json\/wp\/v2\/pages\/5117\/revisions"}],"predecessor-version":[{"id":5118,"href":"https:\/\/iberiabioenergy.com\/es\/wp-json\/wp\/v2\/pages\/5117\/revisions\/5118"}],"up":[{"embeddable":true,"href":"https:\/\/iberiabioenergy.com\/es\/wp-json\/wp\/v2\/pages\/5113"}],"wp:featuredmedia":[{"embeddable":true,"href":"https:\/\/iberiabioenergy.com\/es\/wp-json\/wp\/v2\/media\/4912"}],"wp:attachment":[{"href":"https:\/\/iberiabioenergy.com\/es\/wp-json\/wp\/v2\/media?parent=5117"}],"curies":[{"name":"wp","href":"https:\/\/api.w.org\/{rel}","templated":true}]}}