{"id":5119,"date":"2023-02-23T11:28:34","date_gmt":"2023-02-23T10:28:34","guid":{"rendered":"https:\/\/iberiabioenergy.com\/sobre-nosotros\/responsabilidad-corporativa\/"},"modified":"2023-02-23T11:28:35","modified_gmt":"2023-02-23T10:28:35","slug":"responsabilidad-corporativa","status":"publish","type":"page","link":"https:\/\/iberiabioenergy.com\/es\/sobre-nosotros\/responsabilidad-corporativa\/","title":{"rendered":"Responsabilidad Corporativa"},"content":{"rendered":"\n<section id=\"cabecera-contenido-block_6266bb1e74e80\" class=\"cabecera-contenido resumen hero row\">\n\n    <div class=\"overlay overlay-only-text\" style=\"background-image:url('https:\/\/iberiabioenergy.com\/wp-content\/uploads\/heroimage-responsability.jpg');\">\n        <div class=\"container\">\n            <div class=\"row\">\n\n                <div class=\"col-12 col-md-9\">\n\n                    <div class=\"contenido-principal\">\n                        <p id=\"breadcrumbs\"><\/p>                        <h1 class=\"h1\">Responsabilidad Corporativa<\/h1>\n                                                    <p>Estamos comprometidos con lograr un modelo viable y equitativo de desarrollo sostenible que garantice el bienestar social, ambiental y econ\u00f3mico.<\/p>\n                                            <\/div>\n                <\/div>\n            <\/div>\n        <\/div>\n    <\/div>\n\n\n<\/section>\n<section class=\"subtitle subtitulo-verde\">\n    <div class=\"container\">\n        <div class=\"col-12 col-md-8\">\n                            <p>Nos preocupamos profundamente por el medio ambiente y las comunidades en las que operamos. Todo nuestro esfuerzo est\u00e1 puesto en generar el impacto adecuado, y es por eso que la sostenibilidad es parte de todo lo que hacemos.<\/p>\n                    <\/div>\n    <\/div>\n<\/section>\n<div class=\"wp-container-4 wp-block-columns\">\n<div class=\"wp-container-1 wp-block-column\">\n<figure class=\"wp-block-image size-full\"><img loading=\"lazy\" width=\"399\" height=\"400\" src=\"https:\/\/iberiabioenergy.com\/wp-content\/uploads\/environment-edited.jpg\" alt=\"\" class=\"wp-image-3389\" srcset=\"https:\/\/iberiabioenergy.com\/wp-content\/uploads\/environment-edited.jpg 399w, https:\/\/iberiabioenergy.com\/wp-content\/uploads\/environment-edited-250x251.jpg 250w, https:\/\/iberiabioenergy.com\/wp-content\/uploads\/environment-edited-150x150.jpg 150w, https:\/\/iberiabioenergy.com\/wp-content\/uploads\/environment-edited-395x396.jpg 395w, https:\/\/iberiabioenergy.com\/wp-content\/uploads\/environment-edited-290x291.jpg 290w, https:\/\/iberiabioenergy.com\/wp-content\/uploads\/environment-edited-120x120.jpg 120w\" sizes=\"(max-width: 399px) 100vw, 399px\" \/><\/figure>\n\n\n\n<h4>Sostenibilidad en Iberia<\/h4>\n\n\n\n<p>M\u00e1s all\u00e1 del cumplimiento de esquemas voluntarios, la sostenibilidad es parte de todo lo que hacemos, es la base de nuestros productos y servicios. Cuidamos el crecimiento de nuestro negocio de manera sana y sostenible, porque es nuestra responsabilidad colectiva. Situamos a la sostenibilidad en el centro de nuestra estrategia comercial y nuestra relaci\u00f3n con los dem\u00e1s porque creemos que juntos se pueden cambiar las cosas.<\/p>\n<\/div>\n\n\n\n<div class=\"wp-container-2 wp-block-column\">\n<figure class=\"wp-block-image size-full\"><img loading=\"lazy\" width=\"573\" height=\"572\" src=\"https:\/\/iberiabioenergy.com\/wp-content\/uploads\/sustainability-policy-3-edited.jpg\" alt=\"\" class=\"wp-image-3390\" srcset=\"https:\/\/iberiabioenergy.com\/wp-content\/uploads\/sustainability-policy-3-edited.jpg 573w, https:\/\/iberiabioenergy.com\/wp-content\/uploads\/sustainability-policy-3-edited-250x250.jpg 250w, https:\/\/iberiabioenergy.com\/wp-content\/uploads\/sustainability-policy-3-edited-150x150.jpg 150w, https:\/\/iberiabioenergy.com\/wp-content\/uploads\/sustainability-policy-3-edited-500x499.jpg 500w, https:\/\/iberiabioenergy.com\/wp-content\/uploads\/sustainability-policy-3-edited-395x394.jpg 395w, https:\/\/iberiabioenergy.com\/wp-content\/uploads\/sustainability-policy-3-edited-290x289.jpg 290w, https:\/\/iberiabioenergy.com\/wp-content\/uploads\/sustainability-policy-3-edited-120x120.jpg 120w\" sizes=\"(max-width: 573px) 100vw, 573px\" \/><\/figure>\n\n\n\n<h4>Medio ambiente<\/h4>\n\n\n\n<p>Estamos comprometidos con la protecci\u00f3n del medio ambiente, la lucha contra el cambio clim\u00e1tico y el desaf\u00edo de la transici\u00f3n energ\u00e9tica. La administraci\u00f3n ambiental est\u00e1 en el centro de nuestros procedimientos y pr\u00e1cticas operativas. Contribuimos con lo mejor de nuestro conocimiento, capacidad y recursos para suministrar abundante bioenerg\u00eda para una demanda energ\u00e9tica creciente.<\/p>\n<\/div>\n\n\n\n<div class=\"wp-container-3 wp-block-column\">\n<figure class=\"wp-block-image size-large\"><img loading=\"lazy\" width=\"1000\" height=\"999\" src=\"https:\/\/iberiabioenergy.com\/wp-content\/uploads\/malaga-hub-1-edited.jpg\" alt=\"EU Feedstock Hub &#x2013; M&#xE1;laga\" class=\"wp-image-3402\" srcset=\"https:\/\/iberiabioenergy.com\/wp-content\/uploads\/malaga-hub-1-edited.jpg 1000w, https:\/\/iberiabioenergy.com\/wp-content\/uploads\/malaga-hub-1-edited-250x250.jpg 250w, https:\/\/iberiabioenergy.com\/wp-content\/uploads\/malaga-hub-1-edited-750x749.jpg 750w, https:\/\/iberiabioenergy.com\/wp-content\/uploads\/malaga-hub-1-edited-150x150.jpg 150w, https:\/\/iberiabioenergy.com\/wp-content\/uploads\/malaga-hub-1-edited-768x767.jpg 768w, https:\/\/iberiabioenergy.com\/wp-content\/uploads\/malaga-hub-1-edited-970x969.jpg 970w, https:\/\/iberiabioenergy.com\/wp-content\/uploads\/malaga-hub-1-edited-500x500.jpg 500w, https:\/\/iberiabioenergy.com\/wp-content\/uploads\/malaga-hub-1-edited-395x395.jpg 395w, https:\/\/iberiabioenergy.com\/wp-content\/uploads\/malaga-hub-1-edited-290x290.jpg 290w, https:\/\/iberiabioenergy.com\/wp-content\/uploads\/malaga-hub-1-edited-120x120.jpg 120w\" sizes=\"(max-width: 1000px) 100vw, 1000px\" \/><\/figure>\n\n\n\n<h4><strong>Cadenas de suministro sostenibles<\/strong><\/h4>\n\n\n\n<p>Identificar y comprometerse con los socios adecuados es crucial para garantizar una cadena de suministro segura y sostenible porque la sostenibilidad comienza mucho antes de que se cierren los acuerdos o se entregue una gota de materia prima o biocombustible. La sostenibilidad est\u00e1 en el centro de nuestra estrategia y nuestra relaci\u00f3n con los dem\u00e1s.<\/p>\n<\/div>\n<\/div>\n\n<div class=\"wp-container-8 wp-block-columns\">\n<div class=\"wp-container-5 wp-block-column\">\n<figure class=\"wp-block-image size-large\"><img loading=\"lazy\" width=\"750\" height=\"750\" src=\"https:\/\/iberiabioenergy.com\/wp-content\/uploads\/img-square-people-02-750x750.jpg\" alt=\"\" class=\"wp-image-3823\" srcset=\"https:\/\/iberiabioenergy.com\/wp-content\/uploads\/img-square-people-02-750x750.jpg 750w, https:\/\/iberiabioenergy.com\/wp-content\/uploads\/img-square-people-02-250x250.jpg 250w, https:\/\/iberiabioenergy.com\/wp-content\/uploads\/img-square-people-02-150x150.jpg 150w, https:\/\/iberiabioenergy.com\/wp-content\/uploads\/img-square-people-02-768x768.jpg 768w, https:\/\/iberiabioenergy.com\/wp-content\/uploads\/img-square-people-02-970x970.jpg 970w, https:\/\/iberiabioenergy.com\/wp-content\/uploads\/img-square-people-02-500x500.jpg 500w, https:\/\/iberiabioenergy.com\/wp-content\/uploads\/img-square-people-02-395x395.jpg 395w, https:\/\/iberiabioenergy.com\/wp-content\/uploads\/img-square-people-02-290x290.jpg 290w, https:\/\/iberiabioenergy.com\/wp-content\/uploads\/img-square-people-02-120x120.jpg 120w, https:\/\/iberiabioenergy.com\/wp-content\/uploads\/img-square-people-02.jpg 1080w\" sizes=\"(max-width: 750px) 100vw, 750px\" \/><\/figure>\n\n\n\n<h4>Nuestra gente<\/h4>\n\n\n\n<p>Nuestro \u00e9xito se basa en nuestra gente. Son el motor del crecimiento de Iberia Bioenergy y de nuestra transformaci\u00f3n constante y sostenible para convertirnos en un l\u00edder mundial en soluciones renovables y circulares. Nuestra gente son los aut\u00e9nticos pioneros que se enfrentan diariamente al desaf\u00edo global de la descarbonizaci\u00f3n.<\/p>\n<\/div>\n\n\n\n<div class=\"wp-container-6 wp-block-column\">\n<figure class=\"wp-block-image size-full\"><img loading=\"lazy\" width=\"399\" height=\"400\" src=\"https:\/\/iberiabioenergy.com\/wp-content\/uploads\/sustainability-policy-edited.jpg\" alt=\"Pol&#xED;tica de sostenibilidad\" class=\"wp-image-3393\" srcset=\"https:\/\/iberiabioenergy.com\/wp-content\/uploads\/sustainability-policy-edited.jpg 399w, https:\/\/iberiabioenergy.com\/wp-content\/uploads\/sustainability-policy-edited-250x251.jpg 250w, https:\/\/iberiabioenergy.com\/wp-content\/uploads\/sustainability-policy-edited-150x150.jpg 150w, https:\/\/iberiabioenergy.com\/wp-content\/uploads\/sustainability-policy-edited-395x396.jpg 395w, https:\/\/iberiabioenergy.com\/wp-content\/uploads\/sustainability-policy-edited-290x291.jpg 290w, https:\/\/iberiabioenergy.com\/wp-content\/uploads\/sustainability-policy-edited-120x120.jpg 120w\" sizes=\"(max-width: 399px) 100vw, 399px\" \/><\/figure>\n\n\n\n<h4>Sociedad<\/h4>\n\n\n\n<p>Conscientes de nuestro impacto social, Iberia Bioenergy es proactiva en garantizar que nuestros empleados y nuestros socios en todo el mundo entiendan que solo hay una forma de hacer negocios sostenibles: \u00e9ticamente. En cada paso hacia adelante, mejoramos nuestros est\u00e1ndares.<\/p>\n<\/div>\n\n\n\n<div class=\"wp-container-7 wp-block-column\">\n<figure class=\"wp-block-image size-large\"><img loading=\"lazy\" width=\"750\" height=\"750\" src=\"https:\/\/iberiabioenergy.com\/wp-content\/uploads\/img-square-human-02-750x750.jpg\" alt=\"\" class=\"wp-image-3826\" srcset=\"https:\/\/iberiabioenergy.com\/wp-content\/uploads\/img-square-human-02-750x750.jpg 750w, https:\/\/iberiabioenergy.com\/wp-content\/uploads\/img-square-human-02-250x250.jpg 250w, https:\/\/iberiabioenergy.com\/wp-content\/uploads\/img-square-human-02-150x150.jpg 150w, https:\/\/iberiabioenergy.com\/wp-content\/uploads\/img-square-human-02-768x768.jpg 768w, https:\/\/iberiabioenergy.com\/wp-content\/uploads\/img-square-human-02-970x970.jpg 970w, https:\/\/iberiabioenergy.com\/wp-content\/uploads\/img-square-human-02-500x500.jpg 500w, https:\/\/iberiabioenergy.com\/wp-content\/uploads\/img-square-human-02-395x395.jpg 395w, https:\/\/iberiabioenergy.com\/wp-content\/uploads\/img-square-human-02-290x290.jpg 290w, https:\/\/iberiabioenergy.com\/wp-content\/uploads\/img-square-human-02-120x120.jpg 120w, https:\/\/iberiabioenergy.com\/wp-content\/uploads\/img-square-human-02.jpg 1080w\" sizes=\"(max-width: 750px) 100vw, 750px\" \/><\/figure>\n\n\n\n<h4>Derechos humanos<\/h4>\n\n\n\n<p>Iberia Bioenergy est\u00e1 comprometida con el cumplimiento de los derechos humanos. Requerimos el mismo nivel de compromiso y respeto por parte de todos los socios a lo largo de nuestras cadenas de suministro En cada lugar, nos enfocamos en construir asociaciones a largo plazo, crear un impacto positivo y contribuir al bienestar sostenible de la comunidad.<\/p>\n<\/div>\n<\/div>\n","protected":false},"excerpt":{"rendered":"<p>Sostenibilidad en Iberia M\u00e1s all\u00e1 del cumplimiento de esquemas voluntarios, la sostenibilidad es parte de todo lo que hacemos, es la base de nuestros productos y servicios. Cuidamos el crecimiento&#8230;<\/p>\n","protected":false},"author":1,"featured_media":4929,"parent":5113,"menu_order":6,"comment_status":"closed","ping_status":"closed","template":"","meta":[],"acf":[],"yoast_head":"<!-- This site is optimized with the Yoast SEO plugin v19.5.1 - https:\/\/yoast.com\/wordpress\/plugins\/seo\/ -->\n<title>Responsabilidad Corporativa - Iberia Bioenergy<\/title>\n<meta name=\"robots\" content=\"index, follow, max-snippet:-1, max-image-preview:large, max-video-preview:-1\" \/>\n<link rel=\"canonical\" href=\"https:\/\/iberiabioenergy.com\/es\/sobre-nosotros\/responsabilidad-corporativa\/\" \/>\n<meta property=\"og:locale\" content=\"es_ES\" \/>\n<meta property=\"og:type\" content=\"article\" \/>\n<meta property=\"og:title\" content=\"Responsabilidad Corporativa - Iberia Bioenergy\" \/>\n<meta property=\"og:description\" content=\"Sostenibilidad en Iberia M\u00e1s all\u00e1 del cumplimiento de esquemas voluntarios, la sostenibilidad es parte de todo lo que hacemos, es la base de nuestros productos y servicios. Cuidamos el crecimiento...\" \/>\n<meta property=\"og:url\" content=\"https:\/\/iberiabioenergy.com\/es\/sobre-nosotros\/responsabilidad-corporativa\/\" \/>\n<meta property=\"og:site_name\" content=\"Iberia Bioenergy\" \/>\n<meta property=\"article:modified_time\" content=\"2023-02-23T10:28:35+00:00\" \/>\n<meta property=\"og:image\" content=\"https:\/\/iberiabioenergy.com\/wp-content\/uploads\/heroimage-responsability.jpg\" \/>\n\t<meta property=\"og:image:width\" content=\"1920\" \/>\n\t<meta property=\"og:image:height\" content=\"1080\" \/>\n\t<meta property=\"og:image:type\" content=\"image\/jpeg\" \/>\n<meta name=\"twitter:card\" content=\"summary\" \/>\n<meta name=\"twitter:label1\" content=\"Tiempo de lectura\" \/>\n\t<meta name=\"twitter:data1\" content=\"2 minutos\" \/>\n<script type=\"application\/ld+json\" class=\"yoast-schema-graph\">{\"@context\":\"https:\/\/schema.org\",\"@graph\":[{\"@type\":\"WebPage\",\"@id\":\"https:\/\/iberiabioenergy.com\/es\/sobre-nosotros\/responsabilidad-corporativa\/\",\"url\":\"https:\/\/iberiabioenergy.com\/es\/sobre-nosotros\/responsabilidad-corporativa\/\",\"name\":\"Responsabilidad Corporativa - Iberia Bioenergy\",\"isPartOf\":{\"@id\":\"https:\/\/iberiabioenergy.com\/#website\"},\"datePublished\":\"2023-02-23T10:28:34+00:00\",\"dateModified\":\"2023-02-23T10:28:35+00:00\",\"breadcrumb\":{\"@id\":\"https:\/\/iberiabioenergy.com\/es\/sobre-nosotros\/responsabilidad-corporativa\/#breadcrumb\"},\"inLanguage\":\"es\",\"potentialAction\":[{\"@type\":\"ReadAction\",\"target\":[\"https:\/\/iberiabioenergy.com\/es\/sobre-nosotros\/responsabilidad-corporativa\/\"]}]},{\"@type\":\"BreadcrumbList\",\"@id\":\"https:\/\/iberiabioenergy.com\/es\/sobre-nosotros\/responsabilidad-corporativa\/#breadcrumb\",\"itemListElement\":[{\"@type\":\"ListItem\",\"position\":1,\"name\":\"Sobre nosotros\",\"item\":\"https:\/\/iberiabioenergy.com\/es\/sobre-nosotros\/\"},{\"@type\":\"ListItem\",\"position\":2,\"name\":\"Responsabilidad Corporativa\"}]},{\"@type\":\"WebSite\",\"@id\":\"https:\/\/iberiabioenergy.com\/#website\",\"url\":\"https:\/\/iberiabioenergy.com\/\",\"name\":\"Iberia Bioenergy\",\"description\":\"Developing a circular economy toward a sustainable future.\",\"potentialAction\":[{\"@type\":\"SearchAction\",\"target\":{\"@type\":\"EntryPoint\",\"urlTemplate\":\"https:\/\/iberiabioenergy.com\/?s={search_term_string}\"},\"query-input\":\"required name=search_term_string\"}],\"inLanguage\":\"es\"}]}<\/script>\n<!-- \/ Yoast SEO plugin. -->","yoast_head_json":{"title":"Responsabilidad Corporativa - Iberia Bioenergy","robots":{"index":"index","follow":"follow","max-snippet":"max-snippet:-1","max-image-preview":"max-image-preview:large","max-video-preview":"max-video-preview:-1"},"canonical":"https:\/\/iberiabioenergy.com\/es\/sobre-nosotros\/responsabilidad-corporativa\/","og_locale":"es_ES","og_type":"article","og_title":"Responsabilidad Corporativa - Iberia Bioenergy","og_description":"Sostenibilidad en Iberia M\u00e1s all\u00e1 del cumplimiento de esquemas voluntarios, la sostenibilidad es parte de todo lo que hacemos, es la base de nuestros productos y servicios. Cuidamos el crecimiento...","og_url":"https:\/\/iberiabioenergy.com\/es\/sobre-nosotros\/responsabilidad-corporativa\/","og_site_name":"Iberia Bioenergy","article_modified_time":"2023-02-23T10:28:35+00:00","og_image":[{"width":1920,"height":1080,"url":"https:\/\/iberiabioenergy.com\/wp-content\/uploads\/heroimage-responsability.jpg","type":"image\/jpeg"}],"twitter_card":"summary","twitter_misc":{"Tiempo de lectura":"2 minutos"},"schema":{"@context":"https:\/\/schema.org","@graph":[{"@type":"WebPage","@id":"https:\/\/iberiabioenergy.com\/es\/sobre-nosotros\/responsabilidad-corporativa\/","url":"https:\/\/iberiabioenergy.com\/es\/sobre-nosotros\/responsabilidad-corporativa\/","name":"Responsabilidad Corporativa - Iberia Bioenergy","isPartOf":{"@id":"https:\/\/iberiabioenergy.com\/#website"},"datePublished":"2023-02-23T10:28:34+00:00","dateModified":"2023-02-23T10:28:35+00:00","breadcrumb":{"@id":"https:\/\/iberiabioenergy.com\/es\/sobre-nosotros\/responsabilidad-corporativa\/#breadcrumb"},"inLanguage":"es","potentialAction":[{"@type":"ReadAction","target":["https:\/\/iberiabioenergy.com\/es\/sobre-nosotros\/responsabilidad-corporativa\/"]}]},{"@type":"BreadcrumbList","@id":"https:\/\/iberiabioenergy.com\/es\/sobre-nosotros\/responsabilidad-corporativa\/#breadcrumb","itemListElement":[{"@type":"ListItem","position":1,"name":"Sobre nosotros","item":"https:\/\/iberiabioenergy.com\/es\/sobre-nosotros\/"},{"@type":"ListItem","position":2,"name":"Responsabilidad Corporativa"}]},{"@type":"WebSite","@id":"https:\/\/iberiabioenergy.com\/#website","url":"https:\/\/iberiabioenergy.com\/","name":"Iberia Bioenergy","description":"Developing a circular economy toward a sustainable future.","potentialAction":[{"@type":"SearchAction","target":{"@type":"EntryPoint","urlTemplate":"https:\/\/iberiabioenergy.com\/?s={search_term_string}"},"query-input":"required name=search_term_string"}],"inLanguage":"es"}]}},"_links":{"self":[{"href":"https:\/\/iberiabioenergy.com\/es\/wp-json\/wp\/v2\/pages\/5119"}],"collection":[{"href":"https:\/\/iberiabioenergy.com\/es\/wp-json\/wp\/v2\/pages"}],"about":[{"href":"https:\/\/iberiabioenergy.com\/es\/wp-json\/wp\/v2\/types\/page"}],"author":[{"embeddable":true,"href":"https:\/\/iberiabioenergy.com\/es\/wp-json\/wp\/v2\/users\/1"}],"replies":[{"embeddable":true,"href":"https:\/\/iberiabioenergy.com\/es\/wp-json\/wp\/v2\/comments?post=5119"}],"version-history":[{"count":3,"href":"https:\/\/iberiabioenergy.com\/es\/wp-json\/wp\/v2\/pages\/5119\/revisions"}],"predecessor-version":[{"id":5122,"href":"https:\/\/iberiabioenergy.com\/es\/wp-json\/wp\/v2\/pages\/5119\/revisions\/5122"}],"up":[{"embeddable":true,"href":"https:\/\/iberiabioenergy.com\/es\/wp-json\/wp\/v2\/pages\/5113"}],"wp:featuredmedia":[{"embeddable":true,"href":"https:\/\/iberiabioenergy.com\/es\/wp-json\/wp\/v2\/media\/4929"}],"wp:attachment":[{"href":"https:\/\/iberiabioenergy.com\/es\/wp-json\/wp\/v2\/media?parent=5119"}],"curies":[{"name":"wp","href":"https:\/\/api.w.org\/{rel}","templated":true}]}}