{"id":5123,"date":"2023-02-23T11:32:01","date_gmt":"2023-02-23T10:32:01","guid":{"rendered":"https:\/\/iberiabioenergy.com\/mercados-bioenergeticos\/"},"modified":"2023-02-23T11:32:03","modified_gmt":"2023-02-23T10:32:03","slug":"mercados-bioenergeticos","status":"publish","type":"page","link":"https:\/\/iberiabioenergy.com\/es\/mercados-bioenergeticos\/","title":{"rendered":"Mercados Bioenerg\u00e9ticos"},"content":{"rendered":"\n<section id=\"cabecera-listado-block_60dd749a7715b\" class=\"cabecera-listado hero row\">\n\n\n    <div class=\"overlay\">\n        <div class=\"container\">\n            <div class=\"row\">\n\n                <div class=\"col-12 col-md-9\">\n\n                    <div class=\"contenido-principal\">\n                        <h1 class=\"h1\">Mercados Bioenerg\u00e9ticos<\/h1>\n                                                    <p>Iberia Bioenergy suministra materias primas y biocombustibles sostenibles y respetuosos con el medio ambiente. Proporcionamos soluciones est\u00e1ndar y a medida para el mercado energ\u00e9tico.<\/p>\n                                            <\/div>\n                <\/div>\n            <\/div>\n        <\/div>\n                    <div class=\"wrapper-video\">\n                <video class=\"thevideo\" loop autoplay muted>\n                    <source src=\"https:\/\/iberiabioenergy.com\/wp-content\/uploads\/Markets1.mp4\" type=\"video\/mp4\">\n                    <source src=\"https:\/\/iberiabioenergy.com\/wp-content\/uploads\/Markets.webm\" type=\"video\/webm\">\n                <\/video>\n\n            <\/div>\n\n            <\/div>\n\n<\/section>\n<section class=\"subtitle subtitulo-verde\">\n    <div class=\"container\">\n        <div class=\"col-12 col-md-8\">\n                            <p>Originamos y suministramos biocombustibles a base de desechos y materias primas para operadores destacados incluyendo plantas energ\u00e9ticas de biomasa y productores de biocombustibles para el sector del transporte.<\/p>\n                    <\/div>\n    <\/div>\n<\/section>\n<section id=\"listado-secciones-block_60dd813f266ef\" class=\"listado-secciones\">\n    <div class=\"secciones container\">\n        <div class=\"row align-items-start position-relative\">\n            <div class=\"col-lg-12\">\n                <div class=\"row\">\n                   \n                                        \n                    \n                    <div class=\"col-12 col-md-6 seccion solutions-seccion\">\n                        \n                            <div class=\"imagen-seccion\"><img src=\"https:\/\/iberiabioenergy.com\/wp-content\/uploads\/bg-wr-01.jpg\" alt=\"\" \/><\/div>\n                            <div class=\"texto-bloque\">\n                                <h4 class=\"h4\">Materias primas a partir de desechos y residuos<\/h4>\n                                <p>Iberia Bioenergy obtiene y suministra materias primas a partir de residuos de acuerdo con las normativas RED y EPA. Prestamos mucha atenci\u00f3n a los mercados nacionales y sus regulaciones de manera que podemos proporcionar servicios y productos de acuerdo con los est\u00e1ndares del Esquema Nacional Italiano, Nabisy, Doble c\u00f3mputo holand\u00e9s, RTFO, RFS y LCFS, entre otros.<\/p>\n                            <\/div>\n                            \n                        <a class=\"boton-bloque\" href=\"\/markets-trade\/waste-resides-feedstocks\/\">  M\u00e1s informaci\u00f3n \n                        <\/a>\n                    <\/div>    \n                                        \n                    \n                    <div class=\"col-12 col-md-6 seccion solutions-seccion\">\n                        \n                            <div class=\"imagen-seccion\"><img src=\"https:\/\/iberiabioenergy.com\/wp-content\/uploads\/low-carbon.jpg\" alt=\"\" \/><\/div>\n                            <div class=\"texto-bloque\">\n                                <h4 class=\"h4\">Biocombustibles de baja intensidad de carbono<\/h4>\n                                <p>Los biocombustibles a base de residuos ofrecen una reducci\u00f3n del ciclo de vida de gases de efecto invernadero (GEI) de hasta en un 90%, en comparaci\u00f3n con el di\u00e9sel de petr\u00f3leo. Brindamos a nuestros clientes la estabilidad y seguridad que necesitan para planificar el futuro y lograr sus objetivos de reducci\u00f3n de GEI. Nuestra amplia actividad nos convierte en agentes clave en el esfuerzo colectivo de la descarbonizaci\u00f3n.<\/p>\n                            <\/div>\n                            \n                        <a class=\"boton-bloque\" href=\"\/markets-trade\/low-carbon-insensitive-biofuels\/\">  M\u00e1s informaci\u00f3n \n                        <\/a>\n                    <\/div>    \n                                        \n                    \n                    <div class=\"col-12 col-md-6 seccion solutions-seccion\">\n                        \n                            <div class=\"imagen-seccion\"><img src=\"https:\/\/iberiabioenergy.com\/wp-content\/uploads\/biomass.jpg\" alt=\"\" \/><\/div>\n                            <div class=\"texto-bloque\">\n                                <h4 class=\"h4\">Materias primas para biomasa y biog\u00e1s<\/h4>\n                                <p>En Iberia Bioenergy tambi\u00e9n somos agentes activos en los mercados internacionales de biomasa y biog\u00e1s. Ofrecemos una amplia gama de est\u00e1ndares y materias primas a medida para la industria. Protegemos el medio ambiente asegurando pr\u00e1cticas de gesti\u00f3n forestal sostenible manteniendo procesos transparentes a lo largo de toda la cadena de suministro.<\/p>\n                            <\/div>\n                            \n                        <a class=\"boton-bloque\" href=\"\/markets-trade\/biomass-biogas-raw-materials\/\">  M\u00e1s informaci\u00f3n \n                        <\/a>\n                    <\/div>    \n                                        \n                    \n                    <div class=\"col-12 col-md-6 seccion solutions-seccion\">\n                        \n                            <div class=\"imagen-seccion\"><img src=\"https:\/\/iberiabioenergy.com\/wp-content\/uploads\/biobased.jpg\" alt=\"\" \/><\/div>\n                            <div class=\"texto-bloque\">\n                                <h4 class=\"h4\">Productos de base Biol\u00f3gica<\/h4>\n                                <p>Iberia Bionergy comercializa productos de base biol\u00f3gica y fomenta un modelo de econom\u00eda circular. Nuestra labor facilita el suministro ecosostenible para las industrias oleoqu\u00edmica, farmac\u00e9utica y papelera.<\/p>\n                            <\/div>\n                            \n                        <a class=\"boton-bloque\" href=\"\/markets-trade\/bio-based-products\/\">  M\u00e1s informaci\u00f3n \n                        <\/a>\n                    <\/div>    \n                        \n                <\/div>\n            <\/div>  \n        <\/div>\n    <\/div>\n<\/section>\n\n    ","protected":false},"excerpt":{"rendered":"","protected":false},"author":1,"featured_media":0,"parent":0,"menu_order":15,"comment_status":"closed","ping_status":"closed","template":"","meta":[],"acf":[],"yoast_head":"<!-- This site is optimized with the Yoast SEO plugin v19.5.1 - https:\/\/yoast.com\/wordpress\/plugins\/seo\/ -->\n<title>Mercados Bioenerg\u00e9ticos - Iberia Bioenergy<\/title>\n<meta name=\"robots\" content=\"index, follow, max-snippet:-1, max-image-preview:large, max-video-preview:-1\" \/>\n<link rel=\"canonical\" href=\"https:\/\/iberiabioenergy.com\/es\/mercados-bioenergeticos\/\" \/>\n<meta property=\"og:locale\" content=\"es_ES\" \/>\n<meta property=\"og:type\" content=\"article\" \/>\n<meta property=\"og:title\" content=\"Mercados Bioenerg\u00e9ticos - Iberia Bioenergy\" \/>\n<meta property=\"og:url\" content=\"https:\/\/iberiabioenergy.com\/es\/mercados-bioenergeticos\/\" \/>\n<meta property=\"og:site_name\" content=\"Iberia Bioenergy\" \/>\n<meta property=\"article:modified_time\" content=\"2023-02-23T10:32:03+00:00\" \/>\n<meta name=\"twitter:card\" content=\"summary\" \/>\n<script type=\"application\/ld+json\" class=\"yoast-schema-graph\">{\"@context\":\"https:\/\/schema.org\",\"@graph\":[{\"@type\":\"WebPage\",\"@id\":\"https:\/\/iberiabioenergy.com\/es\/mercados-bioenergeticos\/\",\"url\":\"https:\/\/iberiabioenergy.com\/es\/mercados-bioenergeticos\/\",\"name\":\"Mercados Bioenerg\u00e9ticos - Iberia Bioenergy\",\"isPartOf\":{\"@id\":\"https:\/\/iberiabioenergy.com\/#website\"},\"datePublished\":\"2023-02-23T10:32:01+00:00\",\"dateModified\":\"2023-02-23T10:32:03+00:00\",\"breadcrumb\":{\"@id\":\"https:\/\/iberiabioenergy.com\/es\/mercados-bioenergeticos\/#breadcrumb\"},\"inLanguage\":\"es\",\"potentialAction\":[{\"@type\":\"ReadAction\",\"target\":[\"https:\/\/iberiabioenergy.com\/es\/mercados-bioenergeticos\/\"]}]},{\"@type\":\"BreadcrumbList\",\"@id\":\"https:\/\/iberiabioenergy.com\/es\/mercados-bioenergeticos\/#breadcrumb\",\"itemListElement\":[{\"@type\":\"ListItem\",\"position\":1,\"name\":\"Mercados Bioenerg\u00e9ticos\"}]},{\"@type\":\"WebSite\",\"@id\":\"https:\/\/iberiabioenergy.com\/#website\",\"url\":\"https:\/\/iberiabioenergy.com\/\",\"name\":\"Iberia Bioenergy\",\"description\":\"Developing a circular economy toward a sustainable future.\",\"potentialAction\":[{\"@type\":\"SearchAction\",\"target\":{\"@type\":\"EntryPoint\",\"urlTemplate\":\"https:\/\/iberiabioenergy.com\/?s={search_term_string}\"},\"query-input\":\"required name=search_term_string\"}],\"inLanguage\":\"es\"}]}<\/script>\n<!-- \/ Yoast SEO plugin. -->","yoast_head_json":{"title":"Mercados Bioenerg\u00e9ticos - Iberia Bioenergy","robots":{"index":"index","follow":"follow","max-snippet":"max-snippet:-1","max-image-preview":"max-image-preview:large","max-video-preview":"max-video-preview:-1"},"canonical":"https:\/\/iberiabioenergy.com\/es\/mercados-bioenergeticos\/","og_locale":"es_ES","og_type":"article","og_title":"Mercados Bioenerg\u00e9ticos - Iberia Bioenergy","og_url":"https:\/\/iberiabioenergy.com\/es\/mercados-bioenergeticos\/","og_site_name":"Iberia Bioenergy","article_modified_time":"2023-02-23T10:32:03+00:00","twitter_card":"summary","schema":{"@context":"https:\/\/schema.org","@graph":[{"@type":"WebPage","@id":"https:\/\/iberiabioenergy.com\/es\/mercados-bioenergeticos\/","url":"https:\/\/iberiabioenergy.com\/es\/mercados-bioenergeticos\/","name":"Mercados Bioenerg\u00e9ticos - Iberia Bioenergy","isPartOf":{"@id":"https:\/\/iberiabioenergy.com\/#website"},"datePublished":"2023-02-23T10:32:01+00:00","dateModified":"2023-02-23T10:32:03+00:00","breadcrumb":{"@id":"https:\/\/iberiabioenergy.com\/es\/mercados-bioenergeticos\/#breadcrumb"},"inLanguage":"es","potentialAction":[{"@type":"ReadAction","target":["https:\/\/iberiabioenergy.com\/es\/mercados-bioenergeticos\/"]}]},{"@type":"BreadcrumbList","@id":"https:\/\/iberiabioenergy.com\/es\/mercados-bioenergeticos\/#breadcrumb","itemListElement":[{"@type":"ListItem","position":1,"name":"Mercados Bioenerg\u00e9ticos"}]},{"@type":"WebSite","@id":"https:\/\/iberiabioenergy.com\/#website","url":"https:\/\/iberiabioenergy.com\/","name":"Iberia Bioenergy","description":"Developing a circular economy toward a sustainable future.","potentialAction":[{"@type":"SearchAction","target":{"@type":"EntryPoint","urlTemplate":"https:\/\/iberiabioenergy.com\/?s={search_term_string}"},"query-input":"required name=search_term_string"}],"inLanguage":"es"}]}},"_links":{"self":[{"href":"https:\/\/iberiabioenergy.com\/es\/wp-json\/wp\/v2\/pages\/5123"}],"collection":[{"href":"https:\/\/iberiabioenergy.com\/es\/wp-json\/wp\/v2\/pages"}],"about":[{"href":"https:\/\/iberiabioenergy.com\/es\/wp-json\/wp\/v2\/types\/page"}],"author":[{"embeddable":true,"href":"https:\/\/iberiabioenergy.com\/es\/wp-json\/wp\/v2\/users\/1"}],"replies":[{"embeddable":true,"href":"https:\/\/iberiabioenergy.com\/es\/wp-json\/wp\/v2\/comments?post=5123"}],"version-history":[{"count":3,"href":"https:\/\/iberiabioenergy.com\/es\/wp-json\/wp\/v2\/pages\/5123\/revisions"}],"predecessor-version":[{"id":5126,"href":"https:\/\/iberiabioenergy.com\/es\/wp-json\/wp\/v2\/pages\/5123\/revisions\/5126"}],"wp:attachment":[{"href":"https:\/\/iberiabioenergy.com\/es\/wp-json\/wp\/v2\/media?parent=5123"}],"curies":[{"name":"wp","href":"https:\/\/api.w.org\/{rel}","templated":true}]}}