{"id":5127,"date":"2023-02-23T11:44:09","date_gmt":"2023-02-23T10:44:09","guid":{"rendered":"https:\/\/iberiabioenergy.com\/mercados-bioenergeticos\/desechos-y-residuos-para-materias-primas\/"},"modified":"2023-02-23T11:44:10","modified_gmt":"2023-02-23T10:44:10","slug":"desechos-y-residuos-para-materias-primas","status":"publish","type":"page","link":"https:\/\/iberiabioenergy.com\/es\/mercados-bioenergeticos\/desechos-y-residuos-para-materias-primas\/","title":{"rendered":"Desechos y residuos para materias primas"},"content":{"rendered":"\n<section id=\"cabecera-contenido-block_61430fa7a0ad4\" class=\"cabecera-contenido resumen hero row\">\n\n    <div class=\"overlay overlay-only-text\" style=\"background-image:url('https:\/\/iberiabioenergy.com\/wp-content\/uploads\/bg-wr-01.jpg');\">\n        <div class=\"container\">\n            <div class=\"row\">\n\n                <div class=\"col-12 col-md-9\">\n\n                    <div class=\"contenido-principal\">\n                        <p id=\"breadcrumbs\"><\/p>                        <h1 class=\"h1\">Desechos y residuos para materias primas<\/h1>\n                                                    <p>Iberia Bioenergy obtiene y suministra materias primas a partir de residuos de acuerdo con las normativas RED y EPA. restamos mucha atenci\u00f3n a los mercados nacionales y sus regulaciones para proporcionar servicios y productos de acuerdo con los est\u00e1ndares del Esquema Nacional Italiano, Nabisy, Doble c\u00f3mputo holand\u00e9s, RTFO, RFS y LCFS, entre otros.<\/p>\n                                            <\/div>\n                <\/div>\n            <\/div>\n        <\/div>\n    <\/div>\n\n\n<\/section>\n<section class=\"subtitle subtitulo-verde\">\n    <div class=\"container\">\n        <div class=\"col-12 col-md-8\">\n                            <p> Nos centramos en la recolecci\u00f3n y valorizaci\u00f3n de desechos y residuos para proporcionar materias primas valiosas a trav\u00e9s de una cadena de suministro de alta calidad para el mercado bioenerg\u00e9tico y el sector del transporte.<\/p>\n                    <\/div>\n    <\/div>\n<\/section>\n<div class=\"wp-container-4 wp-block-columns\">\n<div class=\"wp-container-1 wp-block-column\" style=\"flex-basis:25%\"><\/div>\n\n\n\n<div class=\"wp-container-2 wp-block-column\" style=\"flex-basis:50%\"><div class=\"wp-block-image\">\n<figure class=\"aligncenter size-full\"><img loading=\"lazy\" width=\"128\" height=\"128\" src=\"https:\/\/iberiabioenergy.com\/wp-content\/uploads\/icon-wr-00.png\" alt=\"\" class=\"wp-image-4137\" srcset=\"https:\/\/iberiabioenergy.com\/wp-content\/uploads\/icon-wr-00.png 128w, https:\/\/iberiabioenergy.com\/wp-content\/uploads\/icon-wr-00-120x120.png 120w\" sizes=\"(max-width: 128px) 100vw, 128px\" \/><\/figure><\/div>\n\n\n<h2 class=\"has-text-align-center\">Los desechos y residuos son un conjunto <strong>significativo e infrautilizado de materias primas<\/strong> para la producci\u00f3n de energ\u00eda y combustibles renovables<\/h2>\n\n\n\n<p class=\"has-text-align-center\">A diferencia de los biocombustibles basados en cultivos, las materias primas de desechos y residuos no producen cambios en el uso de la tierra y, por lo tanto, no compiten de ninguna manera con el suministro de alimentos mundial, convirti\u00e9ndolos en los aliados perfectos en el desaf\u00edo global de la transici\u00f3n energ\u00e9tica de combustibles f\u00f3siles a renovables.<\/p>\n<\/div>\n\n\n\n<div class=\"wp-container-3 wp-block-column\" style=\"flex-basis:25%\"><\/div>\n<\/div>\n\n<div class=\"wp-container-15 wp-block-group has-background\" style=\"background:linear-gradient(180deg,rgb(235,244,243) 0%,rgba(235,245,244,0) 100%)\"><div class=\"wp-block-group__inner-container\">\n<div class=\"wp-container-7 wp-block-columns pb-0\">\n<div class=\"wp-container-5 wp-block-column\" style=\"flex-basis:50%\">\n<figure class=\"wp-block-image size-full\"><img loading=\"lazy\" width=\"180\" height=\"90\" src=\"https:\/\/iberiabioenergy.com\/wp-content\/uploads\/icon-wr-06.png\" alt=\"\" class=\"wp-image-4415\" srcset=\"https:\/\/iberiabioenergy.com\/wp-content\/uploads\/icon-wr-06.png 180w, https:\/\/iberiabioenergy.com\/wp-content\/uploads\/icon-wr-06-120x60.png 120w\" sizes=\"(max-width: 180px) 100vw, 180px\" \/><\/figure>\n\n\n\n<h3>\n          <strong>\n            <strong>Recolecci\u00f3n de desechos y residuos:<\/strong>\n          <\/strong>\n          <br\/>\n          <strong>\n            <strong>de residuos a energ\u00eda<\/strong>\n          <\/strong>\n        <\/h3>\n<\/div>\n\n\n\n<div class=\"wp-container-6 wp-block-column\" style=\"flex-basis:50%\"><\/div>\n<\/div>\n\n\n\n<div class=\"wp-container-10 wp-block-columns\">\n<div class=\"wp-container-8 wp-block-column\" style=\"flex-basis:60%\">\n<h4>Aceite de Cocina Usado (UCO): <\/h4>\n\n\n\n<p>Comprende los aceites y grasas de origen vegetal o animal que han sido utilizados para la cocci\u00f3n o fritura de alimentos destinados al consumo humano. Por su naturaleza, son biorresiduos generados en establecimientos de restauraci\u00f3n, servicios de catering, cocinas o establecimientos similares considerados como \u201cpuntos de origen\u201d de estos desechos<\/p>\n<\/div>\n\n\n\n<div class=\"wp-container-9 wp-block-column\" style=\"flex-basis:40%\">\n<p>El tratamiento de los desechos de los hogares y la industria es un problema importante a nivel mundial. El tratamiento, la gesti\u00f3n y la eliminaci\u00f3n adecuadas de estos desechos no es una tarea sencilla, pero a trav\u00e9s de un m\u00e9todo de recolecci\u00f3n adecuado y del uso de tecnolog\u00eda innovadora se puede abordar este problema al convertir los desechos en biocombustibles sostenibles.<\/p>\n<\/div>\n<\/div>\n\n\n\n<div class=\"wp-container-14 wp-block-columns pt-0\">\n<div class=\"wp-container-11 wp-block-column\">\n<figure class=\"wp-block-image size-full\"><img loading=\"lazy\" width=\"90\" height=\"90\" src=\"https:\/\/iberiabioenergy.com\/wp-content\/uploads\/icon-wr-01.png\" alt=\"\" class=\"wp-image-4126\"\/><\/figure>\n\n\n\n<h4>\n          <strong>Brown Grease<\/strong>\n        <\/h4>\n\n\n\n<p>Brown Grease es la grasa extra\u00edda de las aguas residuales recuperada de las \u201ctrampas de grasa\u201d de los equipos de cocina. Adem\u00e1s, bajo esta denominaci\u00f3n se incluyen los materiales extra\u00eddos de los alcantarillados denominados \u00abFOG\u00bb (Fats, Oils and Grease), es decir, grasas y aceites decantados de los residuos tratados en las depuradoras). Las especificaciones t\u00edpicas para este material son: FFA min. 40%, MIU m\u00e1x. 5%, IV 60-130, alto contenido de azufre y f\u00f3sforo. El Brown Grease se considera una materia prima avanzada y se incluye en la parte A, del Anexo IX de la RED II.<\/p>\n<\/div>\n\n\n\n<div class=\"wp-container-12 wp-block-column\">\n<figure class=\"wp-block-image size-full\"><img loading=\"lazy\" width=\"90\" height=\"90\" src=\"https:\/\/iberiabioenergy.com\/wp-content\/uploads\/icon-wr-02.png\" alt=\"\" class=\"wp-image-4127\"\/><\/figure>\n\n\n\n<h4>\n          <strong>Sewage sludge<\/strong>\n        <\/h4>\n\n\n\n<p>Los lodos de depuradora son un remanente del proceso de tratamiento de aguas residuales. Se considera materia prima avanzada y se encuentra catalogado en la parte A, del Anexo IX de la RED II.<\/p>\n<\/div>\n\n\n\n<div class=\"wp-container-13 wp-block-column\">\n<figure class=\"wp-block-image size-full\"><img loading=\"lazy\" width=\"90\" height=\"90\" src=\"https:\/\/iberiabioenergy.com\/wp-content\/uploads\/icon-wr-03.png\" alt=\"\" class=\"wp-image-4129\"\/><\/figure>\n\n\n\n<h4>\n          <strong>Desechos de alimentos<\/strong>\n        <\/h4>\n\n\n\n<p>Incluye residuos de la producci\u00f3n industrial de alimentos, venta minorista o consumidores finales. Son residuos no aptos para el consumo porque est\u00e1n caducados y\/o no cumple con las especificaciones necesarias para su inclusi\u00f3n en la cadena alimentaria. Se considera una materia prima avanzada y se encuentra catalogado en la parte A, del Anexo IX de la RED II.<\/p>\n<\/div>\n<\/div>\n<\/div><\/div>\n<div class=\"wp-block-image is-style-default\">\n<figure class=\"aligncenter size-full\"><img loading=\"lazy\" width=\"1920\" height=\"1080\" src=\"https:\/\/iberiabioenergy.com\/wp-content\/uploads\/market_waste_01.jpg\" alt=\"\" class=\"wp-image-4628\" srcset=\"https:\/\/iberiabioenergy.com\/wp-content\/uploads\/market_waste_01.jpg 1920w, https:\/\/iberiabioenergy.com\/wp-content\/uploads\/market_waste_01-250x141.jpg 250w, https:\/\/iberiabioenergy.com\/wp-content\/uploads\/market_waste_01-750x422.jpg 750w, https:\/\/iberiabioenergy.com\/wp-content\/uploads\/market_waste_01-768x432.jpg 768w, https:\/\/iberiabioenergy.com\/wp-content\/uploads\/market_waste_01-1536x864.jpg 1536w, https:\/\/iberiabioenergy.com\/wp-content\/uploads\/market_waste_01-1170x658.jpg 1170w, https:\/\/iberiabioenergy.com\/wp-content\/uploads\/market_waste_01-970x546.jpg 970w, https:\/\/iberiabioenergy.com\/wp-content\/uploads\/market_waste_01-500x281.jpg 500w, https:\/\/iberiabioenergy.com\/wp-content\/uploads\/market_waste_01-395x222.jpg 395w, https:\/\/iberiabioenergy.com\/wp-content\/uploads\/market_waste_01-290x163.jpg 290w, https:\/\/iberiabioenergy.com\/wp-content\/uploads\/market_waste_01-120x68.jpg 120w\" sizes=\"(max-width: 1920px) 100vw, 1920px\" \/><\/figure><\/div>\n<div class=\"wp-container-27 wp-block-group has-white-background-color has-background\"><div class=\"wp-block-group__inner-container\">\n<div class=\"wp-container-18 wp-block-columns pb-0\">\n<div class=\"wp-container-16 wp-block-column\" style=\"flex-basis:50%\">\n<figure class=\"wp-block-image size-full\"><img loading=\"lazy\" width=\"180\" height=\"90\" src=\"https:\/\/iberiabioenergy.com\/wp-content\/uploads\/icon-wr-04.png\" alt=\"\" class=\"wp-image-4131\" srcset=\"https:\/\/iberiabioenergy.com\/wp-content\/uploads\/icon-wr-04.png 180w, https:\/\/iberiabioenergy.com\/wp-content\/uploads\/icon-wr-04-120x60.png 120w\" sizes=\"(max-width: 180px) 100vw, 180px\" \/><\/figure>\n\n\n\n<h3>\n          <strong>Residuos del procesamiento de la industria de la refinaci\u00f3n de aceites vegetales y tratamiento de grasas animales<\/strong>\n        <\/h3>\n<\/div>\n\n\n\n<div class=\"wp-container-17 wp-block-column\" style=\"flex-basis:50%\"><\/div>\n<\/div>\n\n\n\n<div class=\"wp-container-22 wp-block-columns\">\n<div class=\"wp-container-19 wp-block-column\">\n<p><strong>Palm oil mill effluent (POME)<\/strong> el aceite de efluentes de molinos de aceite de palma es el aceite recuperado de las aguas residuales que surgen de la producci\u00f3n de aceite de palma en un molino. Las caracter\u00edsticas habituales incluyen FFA Min 40% y MIU 5%. Se considera una materia prima avanzada y se encuentra catalogado en la parte A del Anexo IX de la RED II.<\/p>\n<\/div>\n\n\n\n<div class=\"wp-container-20 wp-block-column\">\n<p><strong>Desechos y residuos del procesamiento de aceite vegetal o animal:<\/strong> esta amplia categor\u00eda puede incluir \u00e1cidos grasos, soapstocks, aceites \u00e1cidos y otros residuos de destilaci\u00f3n. En todos los casos, estos materiales se consideran no aptos para el consumo humano o animal.<\/p>\n<\/div>\n\n\n\n<div class=\"wp-container-21 wp-block-column\">\n<p><strong>Soapstock contaminado con azufre<\/strong> es un residuo de procesamiento resultante de los procesos de la extracci\u00f3n qu\u00edmica para refinar aceites vegetales o animales. El proceso de neutralizaci\u00f3n de las pastas de jab\u00f3n a trav\u00e9s de ciertos mecanismos produce aceites \u00e1cidos que contienen residuos de \u00e1cido sulf\u00farico o fosf\u00f3rico que hacen que este material no sea apto para otros usos como la alimentaci\u00f3n animal.<\/p>\n<\/div>\n<\/div>\n\n\n\n<div class=\"wp-container-26 wp-block-columns\">\n<div class=\"wp-container-23 wp-block-column\">\n<p><strong>Spent Bleaching Earth Oil (SBEO)<\/strong> el aceite de tierras decolorantes es el aceite recuperado tras el uso de este material para eliminar el color, los fosfol\u00edpidos, los oxidantes, los metales y las gomas residuales de los aceites durante los procesos de refinado. La tierra decolorante absorbe aproximadamente un 0,5% de aceite que luego puede ser recuperado. Sin embargo, el aceite recuperado no es apto para el consumo humano, por lo que se considera un residuo de procesamiento. La especificaci\u00f3n habitual incluye FFA 3 &#8211; 25% y MIU 3%. Se considera materia prima avanzada y se encuentra catalogado en la parte A del Anexo IX de la RED II.<\/p>\n<\/div>\n\n\n\n<div class=\"wp-container-24 wp-block-column\">\n<p><strong>Cashew Nut Shell Liquid (CNSL)<\/strong> el l\u00edquido de c\u00e1scara de anacardo es el remanente obtenido del procesamiento de las c\u00e1scaras de anacardo despu\u00e9s de que se haya eliminado la parte comestible para su tratamiento posterior. Se considera materia prima avanzada y se encuentra catalogado en la parte A del Anexo IX de la RED II.<\/p>\n<\/div>\n\n\n\n<div class=\"wp-container-25 wp-block-column\"><\/div>\n<\/div>\n<\/div><\/div>\n<div class=\"wp-block-image is-style-default mb-0\">\n<figure class=\"aligncenter size-full\"><img loading=\"lazy\" width=\"1920\" height=\"1080\" src=\"https:\/\/iberiabioenergy.com\/wp-content\/uploads\/market_waste_02_b.jpg\" alt=\"\" class=\"wp-image-4750\" srcset=\"https:\/\/iberiabioenergy.com\/wp-content\/uploads\/market_waste_02_b.jpg 1920w, https:\/\/iberiabioenergy.com\/wp-content\/uploads\/market_waste_02_b-250x141.jpg 250w, https:\/\/iberiabioenergy.com\/wp-content\/uploads\/market_waste_02_b-750x422.jpg 750w, https:\/\/iberiabioenergy.com\/wp-content\/uploads\/market_waste_02_b-768x432.jpg 768w, https:\/\/iberiabioenergy.com\/wp-content\/uploads\/market_waste_02_b-1536x864.jpg 1536w, https:\/\/iberiabioenergy.com\/wp-content\/uploads\/market_waste_02_b-1170x658.jpg 1170w, https:\/\/iberiabioenergy.com\/wp-content\/uploads\/market_waste_02_b-970x546.jpg 970w, https:\/\/iberiabioenergy.com\/wp-content\/uploads\/market_waste_02_b-500x281.jpg 500w, https:\/\/iberiabioenergy.com\/wp-content\/uploads\/market_waste_02_b-395x222.jpg 395w, https:\/\/iberiabioenergy.com\/wp-content\/uploads\/market_waste_02_b-290x163.jpg 290w, https:\/\/iberiabioenergy.com\/wp-content\/uploads\/market_waste_02_b-120x68.jpg 120w\" sizes=\"(max-width: 1920px) 100vw, 1920px\" \/><\/figure><\/div>\n<div class=\"wp-container-35 wp-block-group has-background\" style=\"background-color:#ebf4f3\"><div class=\"wp-block-group__inner-container\">\n<div class=\"wp-container-30 wp-block-columns pb-0\">\n<div class=\"wp-container-28 wp-block-column\" style=\"flex-basis:50%\">\n<figure class=\"wp-block-image size-full\"><img loading=\"lazy\" width=\"180\" height=\"90\" src=\"https:\/\/iberiabioenergy.com\/wp-content\/uploads\/icon-wr-05.png\" alt=\"\" class=\"wp-image-4133\" srcset=\"https:\/\/iberiabioenergy.com\/wp-content\/uploads\/icon-wr-05.png 180w, https:\/\/iberiabioenergy.com\/wp-content\/uploads\/icon-wr-05-120x60.png 120w\" sizes=\"(max-width: 180px) 100vw, 180px\" \/><\/figure>\n\n\n\n<h3>\n          <strong>Residuos de procesamiento de la industria de producci\u00f3n de biocombustibles.<\/strong>\n        <\/h3>\n<\/div>\n\n\n\n<div class=\"wp-container-29 wp-block-column\" style=\"flex-basis:50%\"><\/div>\n<\/div>\n\n\n\n<div class=\"wp-container-34 wp-block-columns\">\n<div class=\"wp-container-31 wp-block-column\">\n<h4><strong>Glicerina cruda<\/strong> es un subproducto importante en el proceso de fabricaci\u00f3n de biodiesel. <\/h4>\n\n\n\n<p>La pureza de este residuo depende principalmente del tipo de materia prima y del mecanismo de producci\u00f3n de biodiesel seleccionado. La RED II considera este material no refinado como un residuo.<\/p>\n<\/div>\n\n\n\n<div class=\"wp-container-32 wp-block-column\">\n<p><strong>Transesterification residues<\/strong> los residuos de transesterificaci\u00f3n (TER) son desechos\/residuos homog\u00e9neos de la industria de producci\u00f3n de biodiesel obtenidos como resultado del proceso de transesterificaci\u00f3n que resulta principalmente en biodiesel, aceite vegetal, \u00e1cidos grasos, metanol y agua.<\/p>\n<\/div>\n\n\n\n<div class=\"wp-container-33 wp-block-column\">\n<p><strong>Residuo de la destilaci\u00f3n final de FAME:<\/strong> tambi\u00e9n conocido como \u201caceite de biocalefacci\u00f3n\u201d. Para que el FAME cumpla con las especificaciones EN14214, el producto esterificado puede pasar por un proceso de destilaci\u00f3n que origina este tipo de residuos. <\/p>\n\n\n\n<p>Este material debe ser transparente, con una densidad de al menos 905 kg\/m3 (a 15 \u00b0C) y la viscosidad (a 40 \u00b0C) debe ser superior a 10 mm2\/s.<\/p>\n<\/div>\n<\/div>\n<\/div><\/div>\n","protected":false},"excerpt":{"rendered":"<p>Los desechos y residuos son un conjunto significativo e infrautilizado de materias primas para la producci\u00f3n de energ\u00eda y combustibles renovables A diferencia de los biocombustibles basados en cultivos, las&#8230;<\/p>\n","protected":false},"author":1,"featured_media":5008,"parent":5123,"menu_order":19,"comment_status":"closed","ping_status":"closed","template":"","meta":[],"acf":[],"yoast_head":"<!-- This site is optimized with the Yoast SEO plugin v19.5.1 - https:\/\/yoast.com\/wordpress\/plugins\/seo\/ -->\n<title>Desechos y residuos para materias primas - Iberia Bioenergy<\/title>\n<meta name=\"robots\" content=\"index, follow, max-snippet:-1, max-image-preview:large, max-video-preview:-1\" \/>\n<link rel=\"canonical\" href=\"https:\/\/iberiabioenergy.com\/es\/mercados-bioenergeticos\/desechos-y-residuos-para-materias-primas\/\" \/>\n<meta property=\"og:locale\" content=\"es_ES\" \/>\n<meta property=\"og:type\" content=\"article\" \/>\n<meta property=\"og:title\" content=\"Desechos y residuos para materias primas - Iberia Bioenergy\" \/>\n<meta property=\"og:description\" content=\"Los desechos y residuos son un conjunto significativo e infrautilizado de materias primas para la producci\u00f3n de energ\u00eda y combustibles renovables A diferencia de los biocombustibles basados en cultivos, las...\" \/>\n<meta property=\"og:url\" content=\"https:\/\/iberiabioenergy.com\/es\/mercados-bioenergeticos\/desechos-y-residuos-para-materias-primas\/\" \/>\n<meta property=\"og:site_name\" content=\"Iberia Bioenergy\" \/>\n<meta property=\"article:modified_time\" content=\"2023-02-23T10:44:10+00:00\" \/>\n<meta property=\"og:image\" content=\"https:\/\/iberiabioenergy.com\/wp-content\/uploads\/bg-wr-01.jpg\" \/>\n\t<meta property=\"og:image:width\" content=\"1920\" \/>\n\t<meta property=\"og:image:height\" content=\"1080\" \/>\n\t<meta property=\"og:image:type\" content=\"image\/jpeg\" \/>\n<meta name=\"twitter:card\" content=\"summary\" \/>\n<meta name=\"twitter:label1\" content=\"Tiempo de lectura\" \/>\n\t<meta name=\"twitter:data1\" content=\"5 minutos\" \/>\n<script type=\"application\/ld+json\" class=\"yoast-schema-graph\">{\"@context\":\"https:\/\/schema.org\",\"@graph\":[{\"@type\":\"WebPage\",\"@id\":\"https:\/\/iberiabioenergy.com\/es\/mercados-bioenergeticos\/desechos-y-residuos-para-materias-primas\/\",\"url\":\"https:\/\/iberiabioenergy.com\/es\/mercados-bioenergeticos\/desechos-y-residuos-para-materias-primas\/\",\"name\":\"Desechos y residuos para materias primas - Iberia Bioenergy\",\"isPartOf\":{\"@id\":\"https:\/\/iberiabioenergy.com\/#website\"},\"datePublished\":\"2023-02-23T10:44:09+00:00\",\"dateModified\":\"2023-02-23T10:44:10+00:00\",\"breadcrumb\":{\"@id\":\"https:\/\/iberiabioenergy.com\/es\/mercados-bioenergeticos\/desechos-y-residuos-para-materias-primas\/#breadcrumb\"},\"inLanguage\":\"es\",\"potentialAction\":[{\"@type\":\"ReadAction\",\"target\":[\"https:\/\/iberiabioenergy.com\/es\/mercados-bioenergeticos\/desechos-y-residuos-para-materias-primas\/\"]}]},{\"@type\":\"BreadcrumbList\",\"@id\":\"https:\/\/iberiabioenergy.com\/es\/mercados-bioenergeticos\/desechos-y-residuos-para-materias-primas\/#breadcrumb\",\"itemListElement\":[{\"@type\":\"ListItem\",\"position\":1,\"name\":\"Mercados Bioenerg\u00e9ticos\",\"item\":\"https:\/\/iberiabioenergy.com\/es\/mercados-bioenergeticos\/\"},{\"@type\":\"ListItem\",\"position\":2,\"name\":\"Desechos y residuos para materias primas\"}]},{\"@type\":\"WebSite\",\"@id\":\"https:\/\/iberiabioenergy.com\/#website\",\"url\":\"https:\/\/iberiabioenergy.com\/\",\"name\":\"Iberia Bioenergy\",\"description\":\"Developing a circular economy toward a sustainable future.\",\"potentialAction\":[{\"@type\":\"SearchAction\",\"target\":{\"@type\":\"EntryPoint\",\"urlTemplate\":\"https:\/\/iberiabioenergy.com\/?s={search_term_string}\"},\"query-input\":\"required name=search_term_string\"}],\"inLanguage\":\"es\"}]}<\/script>\n<!-- \/ Yoast SEO plugin. -->","yoast_head_json":{"title":"Desechos y residuos para materias primas - Iberia Bioenergy","robots":{"index":"index","follow":"follow","max-snippet":"max-snippet:-1","max-image-preview":"max-image-preview:large","max-video-preview":"max-video-preview:-1"},"canonical":"https:\/\/iberiabioenergy.com\/es\/mercados-bioenergeticos\/desechos-y-residuos-para-materias-primas\/","og_locale":"es_ES","og_type":"article","og_title":"Desechos y residuos para materias primas - Iberia Bioenergy","og_description":"Los desechos y residuos son un conjunto significativo e infrautilizado de materias primas para la producci\u00f3n de energ\u00eda y combustibles renovables A diferencia de los biocombustibles basados en cultivos, las...","og_url":"https:\/\/iberiabioenergy.com\/es\/mercados-bioenergeticos\/desechos-y-residuos-para-materias-primas\/","og_site_name":"Iberia Bioenergy","article_modified_time":"2023-02-23T10:44:10+00:00","og_image":[{"width":1920,"height":1080,"url":"https:\/\/iberiabioenergy.com\/wp-content\/uploads\/bg-wr-01.jpg","type":"image\/jpeg"}],"twitter_card":"summary","twitter_misc":{"Tiempo de lectura":"5 minutos"},"schema":{"@context":"https:\/\/schema.org","@graph":[{"@type":"WebPage","@id":"https:\/\/iberiabioenergy.com\/es\/mercados-bioenergeticos\/desechos-y-residuos-para-materias-primas\/","url":"https:\/\/iberiabioenergy.com\/es\/mercados-bioenergeticos\/desechos-y-residuos-para-materias-primas\/","name":"Desechos y residuos para materias primas - Iberia Bioenergy","isPartOf":{"@id":"https:\/\/iberiabioenergy.com\/#website"},"datePublished":"2023-02-23T10:44:09+00:00","dateModified":"2023-02-23T10:44:10+00:00","breadcrumb":{"@id":"https:\/\/iberiabioenergy.com\/es\/mercados-bioenergeticos\/desechos-y-residuos-para-materias-primas\/#breadcrumb"},"inLanguage":"es","potentialAction":[{"@type":"ReadAction","target":["https:\/\/iberiabioenergy.com\/es\/mercados-bioenergeticos\/desechos-y-residuos-para-materias-primas\/"]}]},{"@type":"BreadcrumbList","@id":"https:\/\/iberiabioenergy.com\/es\/mercados-bioenergeticos\/desechos-y-residuos-para-materias-primas\/#breadcrumb","itemListElement":[{"@type":"ListItem","position":1,"name":"Mercados Bioenerg\u00e9ticos","item":"https:\/\/iberiabioenergy.com\/es\/mercados-bioenergeticos\/"},{"@type":"ListItem","position":2,"name":"Desechos y residuos para materias primas"}]},{"@type":"WebSite","@id":"https:\/\/iberiabioenergy.com\/#website","url":"https:\/\/iberiabioenergy.com\/","name":"Iberia Bioenergy","description":"Developing a circular economy toward a sustainable future.","potentialAction":[{"@type":"SearchAction","target":{"@type":"EntryPoint","urlTemplate":"https:\/\/iberiabioenergy.com\/?s={search_term_string}"},"query-input":"required name=search_term_string"}],"inLanguage":"es"}]}},"_links":{"self":[{"href":"https:\/\/iberiabioenergy.com\/es\/wp-json\/wp\/v2\/pages\/5127"}],"collection":[{"href":"https:\/\/iberiabioenergy.com\/es\/wp-json\/wp\/v2\/pages"}],"about":[{"href":"https:\/\/iberiabioenergy.com\/es\/wp-json\/wp\/v2\/types\/page"}],"author":[{"embeddable":true,"href":"https:\/\/iberiabioenergy.com\/es\/wp-json\/wp\/v2\/users\/1"}],"replies":[{"embeddable":true,"href":"https:\/\/iberiabioenergy.com\/es\/wp-json\/wp\/v2\/comments?post=5127"}],"version-history":[{"count":1,"href":"https:\/\/iberiabioenergy.com\/es\/wp-json\/wp\/v2\/pages\/5127\/revisions"}],"predecessor-version":[{"id":5128,"href":"https:\/\/iberiabioenergy.com\/es\/wp-json\/wp\/v2\/pages\/5127\/revisions\/5128"}],"up":[{"embeddable":true,"href":"https:\/\/iberiabioenergy.com\/es\/wp-json\/wp\/v2\/pages\/5123"}],"wp:featuredmedia":[{"embeddable":true,"href":"https:\/\/iberiabioenergy.com\/es\/wp-json\/wp\/v2\/media\/5008"}],"wp:attachment":[{"href":"https:\/\/iberiabioenergy.com\/es\/wp-json\/wp\/v2\/media?parent=5127"}],"curies":[{"name":"wp","href":"https:\/\/api.w.org\/{rel}","templated":true}]}}