{"id":5131,"date":"2023-02-23T11:57:58","date_gmt":"2023-02-23T10:57:58","guid":{"rendered":"https:\/\/iberiabioenergy.com\/mercados-bioenergeticos\/biomasa-y-biogas\/"},"modified":"2023-02-23T11:57:59","modified_gmt":"2023-02-23T10:57:59","slug":"biomasa-y-biogas","status":"publish","type":"page","link":"https:\/\/iberiabioenergy.com\/es\/mercados-bioenergeticos\/biomasa-y-biogas\/","title":{"rendered":"Biomasa y Biog\u00e1s"},"content":{"rendered":"\n<section id=\"cabecera-contenido-block_614c4617b2ef1\" class=\"cabecera-contenido resumen hero row\">\n\n    <div class=\"overlay overlay-only-text\" style=\"background-image:url('https:\/\/iberiabioenergy.com\/wp-content\/uploads\/img-hero-biomassbiogas-b.jpg');\">\n        <div class=\"container\">\n            <div class=\"row\">\n\n                <div class=\"col-12 col-md-9\">\n\n                    <div class=\"contenido-principal\">\n                        <p id=\"breadcrumbs\"><\/p>                        <h1 class=\"h1\">Biomasa y Biog\u00e1s<\/h1>\n                                                    <p>Como operadores certificados en FSC &amp; PEFC CoC, Iberia Bioenergy suministra biomasa forestal de forma sostenible y responsable para con el medio ambiente.<\/p>\n                                            <\/div>\n                <\/div>\n            <\/div>\n        <\/div>\n    <\/div>\n\n\n<\/section>\n<section class=\"subtitle subtitulo-verde\">\n    <div class=\"container\">\n        <div class=\"col-12 col-md-8\">\n                            <p>Iberia Bioenergy es un agente activo en los mercados internacionales de biomasa y biog\u00e1s. Ofrecemos una amplia gama de est\u00e1ndares y materias primas a medida para la industria.<\/p>\n                    <\/div>\n    <\/div>\n<\/section>\n<div class=\"wp-block-media-text alignwide is-stacked-on-mobile\"><figure class=\"wp-block-media-text__media\"><img loading=\"lazy\" width=\"700\" height=\"525\" src=\"https:\/\/iberiabioenergy.com\/wp-content\/uploads\/inland.jpg\" alt=\"\" class=\"wp-image-2995 size-full\" srcset=\"https:\/\/iberiabioenergy.com\/wp-content\/uploads\/inland.jpg 700w, https:\/\/iberiabioenergy.com\/wp-content\/uploads\/inland-250x188.jpg 250w, https:\/\/iberiabioenergy.com\/wp-content\/uploads\/inland-500x375.jpg 500w, https:\/\/iberiabioenergy.com\/wp-content\/uploads\/inland-395x296.jpg 395w, https:\/\/iberiabioenergy.com\/wp-content\/uploads\/inland-290x218.jpg 290w, https:\/\/iberiabioenergy.com\/wp-content\/uploads\/inland-120x90.jpg 120w\" sizes=\"(max-width: 700px) 100vw, 700px\" \/><\/figure><div class=\"wp-block-media-text__content\">\n<h2><strong>Biomasa<\/strong><\/h2>\n\n\n\n<ul><li><strong>Astillas de Madera.<\/strong> En cumplimiento de la norma EN 14961 para el Mercado Europeo sobre astillado. Gracias al aprovechamiento forestal de montes con gesti\u00f3n forestal privada, licitaciones p\u00fablicas y una amplia red de empresas forestales en Europa, Brasil y Sud\u00e1frica, Iberia Bioenergy puede asegurar contratos de suministro a largo plazo.<\/li><li><strong>Pellets.<\/strong> Iberia Bioenergy tiene acuerdos a largo plazo con varios proveedores de alta calidad para suministrar aproximadamente 100.000 toneladas al a\u00f1o de pellets de madera tipo I2.<\/li><\/ul>\n<\/div><\/div>\n\n<div class=\"wp-container-6 wp-block-group\"><div class=\"wp-block-group__inner-container\">\n<div class=\"wp-block-media-text alignwide is-stacked-on-mobile\"><figure class=\"wp-block-media-text__media\"><img loading=\"lazy\" width=\"750\" height=\"422\" src=\"https:\/\/iberiabioenergy.com\/wp-content\/uploads\/img-agrobiomass.b-750x422.jpg\" alt=\"\" class=\"wp-image-4658 size-full\" srcset=\"https:\/\/iberiabioenergy.com\/wp-content\/uploads\/img-agrobiomass.b-750x422.jpg 750w, https:\/\/iberiabioenergy.com\/wp-content\/uploads\/img-agrobiomass.b-250x141.jpg 250w, https:\/\/iberiabioenergy.com\/wp-content\/uploads\/img-agrobiomass.b-768x432.jpg 768w, https:\/\/iberiabioenergy.com\/wp-content\/uploads\/img-agrobiomass.b-1536x864.jpg 1536w, https:\/\/iberiabioenergy.com\/wp-content\/uploads\/img-agrobiomass.b-1170x658.jpg 1170w, https:\/\/iberiabioenergy.com\/wp-content\/uploads\/img-agrobiomass.b-970x546.jpg 970w, https:\/\/iberiabioenergy.com\/wp-content\/uploads\/img-agrobiomass.b-500x281.jpg 500w, https:\/\/iberiabioenergy.com\/wp-content\/uploads\/img-agrobiomass.b-395x222.jpg 395w, https:\/\/iberiabioenergy.com\/wp-content\/uploads\/img-agrobiomass.b-290x163.jpg 290w, https:\/\/iberiabioenergy.com\/wp-content\/uploads\/img-agrobiomass.b-120x68.jpg 120w, https:\/\/iberiabioenergy.com\/wp-content\/uploads\/img-agrobiomass.b.jpg 1920w\" sizes=\"(max-width: 750px) 100vw, 750px\" \/><\/figure><div class=\"wp-block-media-text__content\">\n<h2 class=\"has-large-font-size\"><strong>Agro Biomasa<\/strong><\/h2>\n\n\n\n<p>Iberia Bioenergy proporciona soluciones alternativas para el mercado de generaci\u00f3n de energ\u00eda el\u00e9ctrica a partir de biomasa. Hoy en d\u00eda, es necesario apostar por la sostenibilidad y el aprovechamiento de residuos forestales y agr\u00edcolas para los procesos de quema de biomasa sostenible. Iberia Bioenergy dise\u00f1a la mezcla de materias primas m\u00e1s adecuada para optimizar los costes de producci\u00f3n.<\/p>\n<\/div><\/div>\n\n\n\n<div class=\"wp-container-5 wp-block-columns pt-0\">\n<div class=\"wp-container-1 wp-block-column\">\n<figure class=\"wp-block-image size-full\"><img loading=\"lazy\" width=\"90\" height=\"90\" src=\"https:\/\/iberiabioenergy.com\/wp-content\/uploads\/icon-bb-01.png\" alt=\"\" class=\"wp-image-4223\"\/><\/figure>\n\n\n\n<h4><strong>La industria del aceite de oliva:<\/strong><\/h4>\n\n\n\n<p>La superficie de cultivo del olivo en Andaluc\u00eda (Espa\u00f1a) es de aproximadamente 800.000 ha, lo que proporciona un significativo recurso de biomasa estacional. Espa\u00f1a es un destacado exportador de este tipo de biomasa:<\/p>\n\n\n\n<ul><li>Hueso de aceituna<\/li><li>Orujillo<\/li><li>Pellets de Orujillo<\/li><li>Astillas y Pellets de poda de olivo.<\/li><\/ul>\n<\/div>\n\n\n\n<div class=\"wp-container-2 wp-block-column\">\n<figure class=\"wp-block-image size-full\"><img loading=\"lazy\" width=\"90\" height=\"90\" src=\"https:\/\/iberiabioenergy.com\/wp-content\/uploads\/icon-bb-02.png\" alt=\"\" class=\"wp-image-4225\"\/><\/figure>\n\n\n\n<h4><strong><strong>La agroindustria de los frutales<\/strong><\/strong><\/h4>\n\n\n\n<p>Este sector proporciona una fuente variada de agro biomasa, desde \u00e1rboles frutales de pepita, hasta limoneros y naranjos. Estas especies requiere de una gesti\u00f3n regular: cada 10 \u00f3 12 a\u00f1os es necesario regenerar el terreno de las plantaciones de frutales. Esta operaci\u00f3n proporciona m\u00e1s de 35.000 toneladas de biomasa al a\u00f1o en todo el sur de Espa\u00f1a.<\/p>\n<\/div>\n\n\n\n<div class=\"wp-container-3 wp-block-column\">\n<figure class=\"wp-block-image size-full\"><img loading=\"lazy\" width=\"90\" height=\"90\" src=\"https:\/\/iberiabioenergy.com\/wp-content\/uploads\/icon-bb-03.png\" alt=\"\" class=\"wp-image-4226\"\/><\/figure>\n\n\n\n<h4><strong><strong><strong>La agroindustria de la almendra:<\/strong><\/strong><\/strong><\/h4>\n\n\n\n<p>La producci\u00f3n m\u00e1s importante de cultivos de almendra se concentra en EE.UU., Espa\u00f1a y T\u00fanez. Estos cultivos aportan recursos de biomasa estacional entre los que destacan las c\u00e1scaras de almendra.<\/p>\n<\/div>\n\n\n\n<div class=\"wp-container-4 wp-block-column\">\n<figure class=\"wp-block-image size-full\"><img loading=\"lazy\" width=\"90\" height=\"90\" src=\"https:\/\/iberiabioenergy.com\/wp-content\/uploads\/icon-bb-04.png\" alt=\"\" class=\"wp-image-4227\"\/><\/figure>\n\n\n\n<h4><strong><strong>La agroindustria del trigo:<\/strong><\/strong><\/h4>\n\n\n\n<p>Iberia Bioenergy mantiene acuerdos a largo plazo con una serie de proveedores de alta calidad de pellets de paja de Espa\u00f1a. Podemos suministrar aproximadamente 50.000 toneladas por a\u00f1o de esta materia prima s\u00f3lida para biocombustibles.<\/p>\n<\/div>\n<\/div>\n<\/div><\/div>\n\n<div class=\"wp-block-media-text alignwide is-stacked-on-mobile\"><figure class=\"wp-block-media-text__media\"><img loading=\"lazy\" width=\"750\" height=\"422\" src=\"https:\/\/iberiabioenergy.com\/wp-content\/uploads\/img-bb-01-750x422.jpg\" alt=\"\" class=\"wp-image-4233 size-full\" srcset=\"https:\/\/iberiabioenergy.com\/wp-content\/uploads\/img-bb-01-750x422.jpg 750w, https:\/\/iberiabioenergy.com\/wp-content\/uploads\/img-bb-01-250x141.jpg 250w, https:\/\/iberiabioenergy.com\/wp-content\/uploads\/img-bb-01-768x432.jpg 768w, https:\/\/iberiabioenergy.com\/wp-content\/uploads\/img-bb-01-1536x864.jpg 1536w, https:\/\/iberiabioenergy.com\/wp-content\/uploads\/img-bb-01-1170x658.jpg 1170w, https:\/\/iberiabioenergy.com\/wp-content\/uploads\/img-bb-01-970x546.jpg 970w, https:\/\/iberiabioenergy.com\/wp-content\/uploads\/img-bb-01-500x281.jpg 500w, https:\/\/iberiabioenergy.com\/wp-content\/uploads\/img-bb-01-395x222.jpg 395w, https:\/\/iberiabioenergy.com\/wp-content\/uploads\/img-bb-01-290x163.jpg 290w, https:\/\/iberiabioenergy.com\/wp-content\/uploads\/img-bb-01-120x68.jpg 120w, https:\/\/iberiabioenergy.com\/wp-content\/uploads\/img-bb-01.jpg 1920w\" sizes=\"(max-width: 750px) 100vw, 750px\" \/><\/figure><div class=\"wp-block-media-text__content\">\n<h2><strong><strong>Materias primas para la industria del biog\u00e1s<\/strong><\/strong><\/h2>\n\n\n\n<p>El biog\u00e1s es una fuente de energ\u00eda renovable que consiste en una mezcla de gases, principalmente metano, di\u00f3xido de carbono y sulfuro de hidr\u00f3geno. El biog\u00e1s se produce a partir de materias primas como desechos agr\u00edcolas, esti\u00e9rcol, desechos municipales, material vegetal, aguas residuales, desechos verdes y desechos de alimentos.<\/p>\n\n\n\n<p>Iberia Bioenergy es un agente activo en la industria del Biog\u00e1s siendo capaz de suministrar diferentes tipos de materias primas y soluciones:<\/p>\n\n\n\n<ul><li><strong>Glicerina cruda<\/strong> como subproducto en la industria del biodiesel<\/li><li><strong>Pellets de c\u00e1scara<\/strong> de girasol y paja.<\/li><li><strong>Granos da\u00f1ados:<\/strong> tales cultivos incluyen ma\u00edz, forraje, pulpa de remolacha y cereales integrales.<\/li><li><strong>Harinas da\u00f1adas:<\/strong> como DDGS, harinas de girasol o colza.<\/li><li><strong>Orujillo<\/strong><\/li><li><strong>Pellets de c\u00e1scara de girasol<\/strong><\/li><li><strong>Pellets de pulpa de remolacha azucarera<\/strong><\/li><\/ul>\n<\/div><\/div>\n","protected":false},"excerpt":{"rendered":"<p>Biomasa Astillas de Madera. En cumplimiento de la norma EN 14961 para el Mercado Europeo sobre astillado. Gracias al aprovechamiento forestal de montes con gesti\u00f3n forestal privada, licitaciones p\u00fablicas y&#8230;<\/p>\n","protected":false},"author":1,"featured_media":5103,"parent":5123,"menu_order":17,"comment_status":"closed","ping_status":"closed","template":"","meta":[],"acf":[],"yoast_head":"<!-- This site is optimized with the Yoast SEO plugin v19.5.1 - https:\/\/yoast.com\/wordpress\/plugins\/seo\/ -->\n<title>Biomasa y Biog\u00e1s - Iberia Bioenergy<\/title>\n<meta name=\"robots\" content=\"index, follow, max-snippet:-1, max-image-preview:large, max-video-preview:-1\" \/>\n<link rel=\"canonical\" href=\"https:\/\/iberiabioenergy.com\/es\/mercados-bioenergeticos\/biomasa-y-biogas\/\" \/>\n<meta property=\"og:locale\" content=\"es_ES\" \/>\n<meta property=\"og:type\" content=\"article\" \/>\n<meta property=\"og:title\" content=\"Biomasa y Biog\u00e1s - Iberia Bioenergy\" \/>\n<meta property=\"og:description\" content=\"Biomasa Astillas de Madera. En cumplimiento de la norma EN 14961 para el Mercado Europeo sobre astillado. Gracias al aprovechamiento forestal de montes con gesti\u00f3n forestal privada, licitaciones p\u00fablicas y...\" \/>\n<meta property=\"og:url\" content=\"https:\/\/iberiabioenergy.com\/es\/mercados-bioenergeticos\/biomasa-y-biogas\/\" \/>\n<meta property=\"og:site_name\" content=\"Iberia Bioenergy\" \/>\n<meta property=\"article:modified_time\" content=\"2023-02-23T10:57:59+00:00\" \/>\n<meta property=\"og:image\" content=\"https:\/\/iberiabioenergy.com\/wp-content\/uploads\/img-hero-biomassbiogas-b.jpg\" \/>\n\t<meta property=\"og:image:width\" content=\"1920\" \/>\n\t<meta property=\"og:image:height\" content=\"1080\" \/>\n\t<meta property=\"og:image:type\" content=\"image\/jpeg\" \/>\n<meta name=\"twitter:card\" content=\"summary\" \/>\n<meta name=\"twitter:label1\" content=\"Tiempo de lectura\" \/>\n\t<meta name=\"twitter:data1\" content=\"2 minutos\" \/>\n<script type=\"application\/ld+json\" class=\"yoast-schema-graph\">{\"@context\":\"https:\/\/schema.org\",\"@graph\":[{\"@type\":\"WebPage\",\"@id\":\"https:\/\/iberiabioenergy.com\/es\/mercados-bioenergeticos\/biomasa-y-biogas\/\",\"url\":\"https:\/\/iberiabioenergy.com\/es\/mercados-bioenergeticos\/biomasa-y-biogas\/\",\"name\":\"Biomasa y Biog\u00e1s - Iberia Bioenergy\",\"isPartOf\":{\"@id\":\"https:\/\/iberiabioenergy.com\/#website\"},\"datePublished\":\"2023-02-23T10:57:58+00:00\",\"dateModified\":\"2023-02-23T10:57:59+00:00\",\"breadcrumb\":{\"@id\":\"https:\/\/iberiabioenergy.com\/es\/mercados-bioenergeticos\/biomasa-y-biogas\/#breadcrumb\"},\"inLanguage\":\"es\",\"potentialAction\":[{\"@type\":\"ReadAction\",\"target\":[\"https:\/\/iberiabioenergy.com\/es\/mercados-bioenergeticos\/biomasa-y-biogas\/\"]}]},{\"@type\":\"BreadcrumbList\",\"@id\":\"https:\/\/iberiabioenergy.com\/es\/mercados-bioenergeticos\/biomasa-y-biogas\/#breadcrumb\",\"itemListElement\":[{\"@type\":\"ListItem\",\"position\":1,\"name\":\"Mercados Bioenerg\u00e9ticos\",\"item\":\"https:\/\/iberiabioenergy.com\/es\/mercados-bioenergeticos\/\"},{\"@type\":\"ListItem\",\"position\":2,\"name\":\"Biomasa y Biog\u00e1s\"}]},{\"@type\":\"WebSite\",\"@id\":\"https:\/\/iberiabioenergy.com\/#website\",\"url\":\"https:\/\/iberiabioenergy.com\/\",\"name\":\"Iberia Bioenergy\",\"description\":\"Developing a circular economy toward a sustainable future.\",\"potentialAction\":[{\"@type\":\"SearchAction\",\"target\":{\"@type\":\"EntryPoint\",\"urlTemplate\":\"https:\/\/iberiabioenergy.com\/?s={search_term_string}\"},\"query-input\":\"required name=search_term_string\"}],\"inLanguage\":\"es\"}]}<\/script>\n<!-- \/ Yoast SEO plugin. -->","yoast_head_json":{"title":"Biomasa y Biog\u00e1s - Iberia Bioenergy","robots":{"index":"index","follow":"follow","max-snippet":"max-snippet:-1","max-image-preview":"max-image-preview:large","max-video-preview":"max-video-preview:-1"},"canonical":"https:\/\/iberiabioenergy.com\/es\/mercados-bioenergeticos\/biomasa-y-biogas\/","og_locale":"es_ES","og_type":"article","og_title":"Biomasa y Biog\u00e1s - Iberia Bioenergy","og_description":"Biomasa Astillas de Madera. En cumplimiento de la norma EN 14961 para el Mercado Europeo sobre astillado. Gracias al aprovechamiento forestal de montes con gesti\u00f3n forestal privada, licitaciones p\u00fablicas y...","og_url":"https:\/\/iberiabioenergy.com\/es\/mercados-bioenergeticos\/biomasa-y-biogas\/","og_site_name":"Iberia Bioenergy","article_modified_time":"2023-02-23T10:57:59+00:00","og_image":[{"width":1920,"height":1080,"url":"https:\/\/iberiabioenergy.com\/wp-content\/uploads\/img-hero-biomassbiogas-b.jpg","type":"image\/jpeg"}],"twitter_card":"summary","twitter_misc":{"Tiempo de lectura":"2 minutos"},"schema":{"@context":"https:\/\/schema.org","@graph":[{"@type":"WebPage","@id":"https:\/\/iberiabioenergy.com\/es\/mercados-bioenergeticos\/biomasa-y-biogas\/","url":"https:\/\/iberiabioenergy.com\/es\/mercados-bioenergeticos\/biomasa-y-biogas\/","name":"Biomasa y Biog\u00e1s - Iberia Bioenergy","isPartOf":{"@id":"https:\/\/iberiabioenergy.com\/#website"},"datePublished":"2023-02-23T10:57:58+00:00","dateModified":"2023-02-23T10:57:59+00:00","breadcrumb":{"@id":"https:\/\/iberiabioenergy.com\/es\/mercados-bioenergeticos\/biomasa-y-biogas\/#breadcrumb"},"inLanguage":"es","potentialAction":[{"@type":"ReadAction","target":["https:\/\/iberiabioenergy.com\/es\/mercados-bioenergeticos\/biomasa-y-biogas\/"]}]},{"@type":"BreadcrumbList","@id":"https:\/\/iberiabioenergy.com\/es\/mercados-bioenergeticos\/biomasa-y-biogas\/#breadcrumb","itemListElement":[{"@type":"ListItem","position":1,"name":"Mercados Bioenerg\u00e9ticos","item":"https:\/\/iberiabioenergy.com\/es\/mercados-bioenergeticos\/"},{"@type":"ListItem","position":2,"name":"Biomasa y Biog\u00e1s"}]},{"@type":"WebSite","@id":"https:\/\/iberiabioenergy.com\/#website","url":"https:\/\/iberiabioenergy.com\/","name":"Iberia Bioenergy","description":"Developing a circular economy toward a sustainable future.","potentialAction":[{"@type":"SearchAction","target":{"@type":"EntryPoint","urlTemplate":"https:\/\/iberiabioenergy.com\/?s={search_term_string}"},"query-input":"required name=search_term_string"}],"inLanguage":"es"}]}},"_links":{"self":[{"href":"https:\/\/iberiabioenergy.com\/es\/wp-json\/wp\/v2\/pages\/5131"}],"collection":[{"href":"https:\/\/iberiabioenergy.com\/es\/wp-json\/wp\/v2\/pages"}],"about":[{"href":"https:\/\/iberiabioenergy.com\/es\/wp-json\/wp\/v2\/types\/page"}],"author":[{"embeddable":true,"href":"https:\/\/iberiabioenergy.com\/es\/wp-json\/wp\/v2\/users\/1"}],"replies":[{"embeddable":true,"href":"https:\/\/iberiabioenergy.com\/es\/wp-json\/wp\/v2\/comments?post=5131"}],"version-history":[{"count":1,"href":"https:\/\/iberiabioenergy.com\/es\/wp-json\/wp\/v2\/pages\/5131\/revisions"}],"predecessor-version":[{"id":5132,"href":"https:\/\/iberiabioenergy.com\/es\/wp-json\/wp\/v2\/pages\/5131\/revisions\/5132"}],"up":[{"embeddable":true,"href":"https:\/\/iberiabioenergy.com\/es\/wp-json\/wp\/v2\/pages\/5123"}],"wp:featuredmedia":[{"embeddable":true,"href":"https:\/\/iberiabioenergy.com\/es\/wp-json\/wp\/v2\/media\/5103"}],"wp:attachment":[{"href":"https:\/\/iberiabioenergy.com\/es\/wp-json\/wp\/v2\/media?parent=5131"}],"curies":[{"name":"wp","href":"https:\/\/api.w.org\/{rel}","templated":true}]}}