{"id":5133,"date":"2023-02-23T12:02:56","date_gmt":"2023-02-23T11:02:56","guid":{"rendered":"https:\/\/iberiabioenergy.com\/mercados-bioenergeticos\/productos-de-base-biologica\/"},"modified":"2023-02-23T12:02:58","modified_gmt":"2023-02-23T11:02:58","slug":"productos-de-base-biologica","status":"publish","type":"page","link":"https:\/\/iberiabioenergy.com\/es\/mercados-bioenergeticos\/productos-de-base-biologica\/","title":{"rendered":"Productos de base biol\u00f3gica"},"content":{"rendered":"\n<p><\/p>\n\n<section id=\"cabecera-contenido-block_61446155b25bc\" class=\"cabecera-contenido resumen hero row\">\n\n    <div class=\"overlay overlay-only-text\" style=\"background-image:url('https:\/\/iberiabioenergy.com\/wp-content\/uploads\/hero-biobased-c.jpg');\">\n        <div class=\"container\">\n            <div class=\"row\">\n\n                <div class=\"col-12 col-md-9\">\n\n                    <div class=\"contenido-principal\">\n                        <p id=\"breadcrumbs\"><\/p>                        <h1 class=\"h1\">Productos de base biol\u00f3gica<\/h1>\n                                                    <p>Productos total o parcialmente derivados de biomasa.<\/p>\n                                            <\/div>\n                <\/div>\n            <\/div>\n        <\/div>\n    <\/div>\n\n\n<\/section>\n<section class=\"subtitle subtitulo-verde\">\n    <div class=\"container\">\n        <div class=\"col-12 col-md-8\">\n                            <p>Iberia Bioenergy suministra materias primas de origen biol\u00f3gico con un impacto positivo intr\u00ednseco hacia el objetivo de huella de carbono cero o neutral. El uso de materia prima de base biol\u00f3gica va m\u00e1s all\u00e1 de su uso potencial y exitoso para la producci\u00f3n de energ\u00eda renovable. Las materias primas de base biol\u00f3gica son adecuadas para reemplazar las materias primas de base no biol\u00f3gica en \u00e1mbitos diversos.<\/p>\n                    <\/div>\n    <\/div>\n<\/section>\n<div class=\"wp-container-3 wp-block-columns\">\n<div class=\"wp-container-1 wp-block-column\">\n<h2><strong>Productos de base biol\u00f3gica y sostenibilidad<\/strong><\/h2>\n<\/div>\n\n\n\n<div class=\"wp-container-2 wp-block-column\"><\/div>\n<\/div>\n\n<div class=\"wp-container-7 wp-block-columns pt-0\">\n<div class=\"wp-container-4 wp-block-column\">\n<p>La sostenibilidad de los productos de base biol\u00f3gica comprende m\u00faltiples factores, como el origen y el abastecimiento de la materia prima, la cadena de suministro, el dise\u00f1o del proceso de producci\u00f3n y las opciones de tratamiento y eliminaci\u00f3n adecuadas. <\/p>\n\n\n\n<p>El abastecimiento sostenible y el uso inteligente de la biomasa pueden conducir a la producci\u00f3n de productos finales mejores que las alternativas tradicionales basadas en fuentes f\u00f3siles. Estos bioproductos contribuyen positivamente al ahorro de emisiones de gases de efecto invernadero, disminuyen el nivel de toxicidad, neutralizan la cantidad de desechos producidos, por lo tanto, son el cambio necesario a largo plazo para remplazar los recursos finitos.<\/p>\n<\/div>\n\n\n\n<div class=\"wp-container-5 wp-block-column\">\n<p><strong>Fomentar una bioeconom\u00eda circular en Europa tiene un gran potencial. <\/strong>. <\/p>\n\n\n\n<p>Este cambio puede mantener y potencialmente producir crecimiento econ\u00f3mico y empleos en \u00e1reas rurales, zonas costeras e industriales y reducir de este modo la dependencia de los combustibles f\u00f3siles. <\/p>\n\n\n\n<p>Esto se traduce en una mejora significativa de la sostenibilidad econ\u00f3mica y ambiental de las industrias de producci\u00f3n primaria y secundaria.<\/p>\n<\/div>\n\n\n\n<div class=\"wp-container-6 wp-block-column\">\n<blockquote class=\"wp-block-quote\"><p>Reducir nuestra huella de carbono y abordar este desequilibrio del ciclo del carbono es un desaf\u00edo enorme que requiere acciones inmediatas. <\/p><\/blockquote>\n<\/div>\n<\/div>\n\n<div class=\"wp-container-17 wp-block-group has-background\" style=\"background-color:#ebf4f3\"><div class=\"wp-block-group__inner-container\">\n<div class=\"wp-container-10 wp-block-columns pb-0\">\n<div class=\"wp-container-8 wp-block-column\">\n<h3><strong><strong>Los productos de base biol\u00f3gica ofrecen m\u00faltiples beneficios:<\/strong><\/strong><\/h3>\n<\/div>\n\n\n\n<div class=\"wp-container-9 wp-block-column\"><\/div>\n<\/div>\n\n\n\n<div class=\"wp-container-16 wp-block-columns pt-0\">\n<div class=\"wp-container-11 wp-block-column\">\n<figure class=\"wp-block-image size-full\"><img loading=\"lazy\" width=\"90\" height=\"90\" src=\"https:\/\/iberiabioenergy.com\/wp-content\/uploads\/icon-bbp-01.png\" alt=\"\" class=\"wp-image-4249\"\/><\/figure>\n\n\n\n<p>Reducir la dependencia de la econom\u00eda de las materias primas f\u00f3siles.<\/p>\n<\/div>\n\n\n\n<div class=\"wp-container-12 wp-block-column\">\n<figure class=\"wp-block-image size-full\"><img loading=\"lazy\" width=\"90\" height=\"90\" src=\"https:\/\/iberiabioenergy.com\/wp-content\/uploads\/icon-bbp-02.png\" alt=\"\" class=\"wp-image-4250\"\/><\/figure>\n\n\n\n<p>Hacer una contribuci\u00f3n positiva al cumplimiento de los objetivos de neutralidad de carbono de la UE.<\/p>\n<\/div>\n\n\n\n<div class=\"wp-container-13 wp-block-column\">\n<figure class=\"wp-block-image size-full\"><img loading=\"lazy\" width=\"90\" height=\"90\" src=\"https:\/\/iberiabioenergy.com\/wp-content\/uploads\/icon-bbp-03.png\" alt=\"\" class=\"wp-image-4251\"\/><\/figure>\n\n\n\n<p> Aliviar la presi\u00f3n sobre los ecosistemas mediante la diversificaci\u00f3n de materias primas<\/p>\n<\/div>\n\n\n\n<div class=\"wp-container-14 wp-block-column\">\n<figure class=\"wp-block-image size-full\"><img loading=\"lazy\" width=\"90\" height=\"90\" src=\"https:\/\/iberiabioenergy.com\/wp-content\/uploads\/icon-bbp-04.png\" alt=\"\" class=\"wp-image-4252\"\/><\/figure>\n\n\n\n<p>Crear empleos verdes, particularmente en \u00e1reas rurales.<\/p>\n<\/div>\n\n\n\n<div class=\"wp-container-15 wp-block-column\">\n<figure class=\"wp-block-image size-full\"><img loading=\"lazy\" width=\"90\" height=\"90\" src=\"https:\/\/iberiabioenergy.com\/wp-content\/uploads\/icon-bbp-05.png\" alt=\"\" class=\"wp-image-4253\"\/><\/figure>\n\n\n\n<p>Impulsar la innovaci\u00f3n europea<\/p>\n<\/div>\n<\/div>\n<\/div><\/div>\n\n<div class=\"wp-container-20 wp-block-columns pb-0\">\n<div class=\"wp-container-18 wp-block-column\" style=\"flex-basis:66.66%\">\n<h4>Las materias primas de base biol\u00f3gica pueden incorporarse en diversas industrias y sectores en sustituci\u00f3n de las materias primas de base no biol\u00f3gica. <\/h4>\n\n\n\n<p>Los productos resultantes pueden ser productos intermedios, semielaborados o finales. \u201cProducto de base biol\u00f3gica\u201d a menudo se refiere a un producto que es parcialmente de base biol\u00f3gica. En esos casos, la declaraci\u00f3n debe ir acompa\u00f1ada de una cuantificaci\u00f3n del contenido de base biol\u00f3gica.<\/p>\n<\/div>\n\n\n\n<div class=\"wp-container-19 wp-block-column\" style=\"flex-basis:33.33%\">\n<blockquote class=\"wp-block-quote\"><p>Iberia Bioenergy suministra materias primas de origen biol\u00f3gico con un impacto positivo intr\u00ednseco hacia el objetivo de huella de carbono cero o neutral.<\/p><\/blockquote>\n<\/div>\n<\/div>\n\n<div class=\"wp-container-34 wp-block-columns img-list\">\n<div class=\"wp-container-25 wp-block-column\">\n<h4><strong>Materias primas de biomasa<\/strong><\/h4>\n\n\n\n<div class=\"wp-container-21 is-nowrap wp-block-group\">\n<figure class=\"wp-block-image size-full is-resized\"><img loading=\"lazy\" src=\"https:\/\/iberiabioenergy.com\/wp-content\/uploads\/icon-bbp-A-02.png\" alt=\"\" class=\"wp-image-4265\" width=\"50\" height=\"50\"\/><\/figure>\n\n\n\n<p>Almid\u00f3n<\/p>\n<\/div>\n\n\n\n<div class=\"wp-container-22 is-nowrap wp-block-group\">\n<figure class=\"wp-block-image size-full is-resized\"><img loading=\"lazy\" src=\"https:\/\/iberiabioenergy.com\/wp-content\/uploads\/icon-bbp-A-04.png\" alt=\"\" class=\"wp-image-4267\" width=\"50\" height=\"50\"\/><\/figure>\n\n\n\n<p>Madera y fibras naturales<\/p>\n<\/div>\n\n\n\n<div class=\"wp-container-23 is-nowrap wp-block-group\">\n<figure class=\"wp-block-image size-full is-resized\"><img loading=\"lazy\" src=\"https:\/\/iberiabioenergy.com\/wp-content\/uploads\/icon-bbp-A-05.png\" alt=\"\" class=\"wp-image-4268\" width=\"50\" height=\"50\"\/><\/figure>\n\n\n\n<p>Aceites y grasas naturales<\/p>\n<\/div>\n\n\n\n<div class=\"wp-container-24 is-nowrap wp-block-group\">\n<figure class=\"wp-block-image size-full is-resized\"><img loading=\"lazy\" src=\"https:\/\/iberiabioenergy.com\/wp-content\/uploads\/icon-bbp-A-06.png\" alt=\"\" class=\"wp-image-4269\" width=\"50\" height=\"50\"\/><\/figure>\n\n\n\n<p>Biomasa mixta, residuos<\/p>\n<\/div>\n<\/div>\n\n\n\n<div class=\"wp-container-29 wp-block-column\">\n<h4><strong>Productos intermedios de base biol\u00f3gica<\/strong><\/h4>\n\n\n\n<div class=\"wp-container-26 is-nowrap wp-block-group\">\n<figure class=\"wp-block-image size-full is-resized\"><img loading=\"lazy\" src=\"https:\/\/iberiabioenergy.com\/wp-content\/uploads\/icon-bbp-B-01.png\" alt=\"\" class=\"wp-image-4281\" width=\"50\" height=\"50\"\/><\/figure>\n\n\n\n<p>Materiales a base de madera y fibra.<\/p>\n<\/div>\n\n\n\n<div class=\"wp-container-27 is-nowrap wp-block-group\">\n<figure class=\"wp-block-image size-full is-resized\"><img loading=\"lazy\" src=\"https:\/\/iberiabioenergy.com\/wp-content\/uploads\/icon-bbp-B-04.png\" alt=\"\" class=\"wp-image-4284\" width=\"50\" height=\"50\"\/><\/figure>\n\n\n\n<p>Plataforma y qu\u00edmica fina<\/p>\n<\/div>\n\n\n\n<div class=\"wp-container-28 is-nowrap wp-block-group\">\n<figure class=\"wp-block-image size-full is-resized\"><img loading=\"lazy\" src=\"https:\/\/iberiabioenergy.com\/wp-content\/uploads\/icon-bbp-B-06.png\" alt=\"\" class=\"wp-image-4286\" width=\"50\" height=\"50\"\/><\/figure>\n\n\n\n<p>Pol\u00edmeros<\/p>\n<\/div>\n<\/div>\n\n\n\n<div class=\"wp-container-33 wp-block-column\">\n<h4><strong>Productos finales de base biol\u00f3gica <\/strong><\/h4>\n\n\n\n<div class=\"wp-container-30 is-nowrap wp-block-group\">\n<figure class=\"wp-block-image size-full is-resized\"><img loading=\"lazy\" src=\"https:\/\/iberiabioenergy.com\/wp-content\/uploads\/icon-bbp-C-04.png\" alt=\"\" class=\"wp-image-4296\" width=\"50\" height=\"50\"\/><\/figure>\n\n\n\n<p>Barnices protectores<\/p>\n<\/div>\n\n\n\n<div class=\"wp-container-31 is-nowrap wp-block-group\">\n<figure class=\"wp-block-image size-full is-resized\"><img loading=\"lazy\" src=\"https:\/\/iberiabioenergy.com\/wp-content\/uploads\/icon-bbp-C-05.png\" alt=\"\" class=\"wp-image-4298\" width=\"50\" height=\"50\"\/><\/figure>\n\n\n\n<p>Lubricantes<\/p>\n<\/div>\n\n\n\n<div class=\"wp-container-32 is-nowrap wp-block-group\">\n<figure class=\"wp-block-image size-full is-resized\"><img loading=\"lazy\" src=\"https:\/\/iberiabioenergy.com\/wp-content\/uploads\/icon-bbp-C-07.png\" alt=\"\" class=\"wp-image-4300\" width=\"50\" height=\"50\"\/><\/figure>\n\n\n\n<p>Vegetaci\u00f3n de espacios p\u00fablicos<\/p>\n<\/div>\n<\/div>\n<\/div>\n","protected":false},"excerpt":{"rendered":"<p>Productos de base biol\u00f3gica y sostenibilidad La sostenibilidad de los productos de base biol\u00f3gica comprende m\u00faltiples factores, como el origen y el abastecimiento de la materia prima, la cadena de&#8230;<\/p>\n","protected":false},"author":1,"featured_media":5087,"parent":5123,"menu_order":16,"comment_status":"closed","ping_status":"closed","template":"","meta":[],"acf":[],"yoast_head":"<!-- This site is optimized with the Yoast SEO plugin v19.5.1 - https:\/\/yoast.com\/wordpress\/plugins\/seo\/ -->\n<title>Productos de base biol\u00f3gica - Iberia Bioenergy<\/title>\n<meta name=\"robots\" content=\"index, follow, max-snippet:-1, max-image-preview:large, max-video-preview:-1\" \/>\n<link rel=\"canonical\" href=\"https:\/\/iberiabioenergy.com\/es\/mercados-bioenergeticos\/productos-de-base-biologica\/\" \/>\n<meta property=\"og:locale\" content=\"es_ES\" \/>\n<meta property=\"og:type\" content=\"article\" \/>\n<meta property=\"og:title\" content=\"Productos de base biol\u00f3gica - Iberia Bioenergy\" \/>\n<meta property=\"og:description\" content=\"Productos de base biol\u00f3gica y sostenibilidad La sostenibilidad de los productos de base biol\u00f3gica comprende m\u00faltiples factores, como el origen y el abastecimiento de la materia prima, la cadena de...\" \/>\n<meta property=\"og:url\" content=\"https:\/\/iberiabioenergy.com\/es\/mercados-bioenergeticos\/productos-de-base-biologica\/\" \/>\n<meta property=\"og:site_name\" content=\"Iberia Bioenergy\" \/>\n<meta property=\"article:modified_time\" content=\"2023-02-23T11:02:58+00:00\" \/>\n<meta property=\"og:image\" content=\"https:\/\/iberiabioenergy.com\/wp-content\/uploads\/hero-biobased-c.jpg\" \/>\n\t<meta property=\"og:image:width\" content=\"1920\" \/>\n\t<meta property=\"og:image:height\" content=\"1080\" \/>\n\t<meta property=\"og:image:type\" content=\"image\/jpeg\" \/>\n<meta name=\"twitter:card\" content=\"summary\" \/>\n<meta name=\"twitter:label1\" content=\"Tiempo de lectura\" \/>\n\t<meta name=\"twitter:data1\" content=\"2 minutos\" \/>\n<script type=\"application\/ld+json\" class=\"yoast-schema-graph\">{\"@context\":\"https:\/\/schema.org\",\"@graph\":[{\"@type\":\"WebPage\",\"@id\":\"https:\/\/iberiabioenergy.com\/es\/mercados-bioenergeticos\/productos-de-base-biologica\/\",\"url\":\"https:\/\/iberiabioenergy.com\/es\/mercados-bioenergeticos\/productos-de-base-biologica\/\",\"name\":\"Productos de base biol\u00f3gica - Iberia Bioenergy\",\"isPartOf\":{\"@id\":\"https:\/\/iberiabioenergy.com\/#website\"},\"datePublished\":\"2023-02-23T11:02:56+00:00\",\"dateModified\":\"2023-02-23T11:02:58+00:00\",\"breadcrumb\":{\"@id\":\"https:\/\/iberiabioenergy.com\/es\/mercados-bioenergeticos\/productos-de-base-biologica\/#breadcrumb\"},\"inLanguage\":\"es\",\"potentialAction\":[{\"@type\":\"ReadAction\",\"target\":[\"https:\/\/iberiabioenergy.com\/es\/mercados-bioenergeticos\/productos-de-base-biologica\/\"]}]},{\"@type\":\"BreadcrumbList\",\"@id\":\"https:\/\/iberiabioenergy.com\/es\/mercados-bioenergeticos\/productos-de-base-biologica\/#breadcrumb\",\"itemListElement\":[{\"@type\":\"ListItem\",\"position\":1,\"name\":\"Mercados Bioenerg\u00e9ticos\",\"item\":\"https:\/\/iberiabioenergy.com\/es\/mercados-bioenergeticos\/\"},{\"@type\":\"ListItem\",\"position\":2,\"name\":\"Productos de base biol\u00f3gica\"}]},{\"@type\":\"WebSite\",\"@id\":\"https:\/\/iberiabioenergy.com\/#website\",\"url\":\"https:\/\/iberiabioenergy.com\/\",\"name\":\"Iberia Bioenergy\",\"description\":\"Developing a circular economy toward a sustainable future.\",\"potentialAction\":[{\"@type\":\"SearchAction\",\"target\":{\"@type\":\"EntryPoint\",\"urlTemplate\":\"https:\/\/iberiabioenergy.com\/?s={search_term_string}\"},\"query-input\":\"required name=search_term_string\"}],\"inLanguage\":\"es\"}]}<\/script>\n<!-- \/ Yoast SEO plugin. -->","yoast_head_json":{"title":"Productos de base biol\u00f3gica - Iberia Bioenergy","robots":{"index":"index","follow":"follow","max-snippet":"max-snippet:-1","max-image-preview":"max-image-preview:large","max-video-preview":"max-video-preview:-1"},"canonical":"https:\/\/iberiabioenergy.com\/es\/mercados-bioenergeticos\/productos-de-base-biologica\/","og_locale":"es_ES","og_type":"article","og_title":"Productos de base biol\u00f3gica - Iberia Bioenergy","og_description":"Productos de base biol\u00f3gica y sostenibilidad La sostenibilidad de los productos de base biol\u00f3gica comprende m\u00faltiples factores, como el origen y el abastecimiento de la materia prima, la cadena de...","og_url":"https:\/\/iberiabioenergy.com\/es\/mercados-bioenergeticos\/productos-de-base-biologica\/","og_site_name":"Iberia Bioenergy","article_modified_time":"2023-02-23T11:02:58+00:00","og_image":[{"width":1920,"height":1080,"url":"https:\/\/iberiabioenergy.com\/wp-content\/uploads\/hero-biobased-c.jpg","type":"image\/jpeg"}],"twitter_card":"summary","twitter_misc":{"Tiempo de lectura":"2 minutos"},"schema":{"@context":"https:\/\/schema.org","@graph":[{"@type":"WebPage","@id":"https:\/\/iberiabioenergy.com\/es\/mercados-bioenergeticos\/productos-de-base-biologica\/","url":"https:\/\/iberiabioenergy.com\/es\/mercados-bioenergeticos\/productos-de-base-biologica\/","name":"Productos de base biol\u00f3gica - Iberia Bioenergy","isPartOf":{"@id":"https:\/\/iberiabioenergy.com\/#website"},"datePublished":"2023-02-23T11:02:56+00:00","dateModified":"2023-02-23T11:02:58+00:00","breadcrumb":{"@id":"https:\/\/iberiabioenergy.com\/es\/mercados-bioenergeticos\/productos-de-base-biologica\/#breadcrumb"},"inLanguage":"es","potentialAction":[{"@type":"ReadAction","target":["https:\/\/iberiabioenergy.com\/es\/mercados-bioenergeticos\/productos-de-base-biologica\/"]}]},{"@type":"BreadcrumbList","@id":"https:\/\/iberiabioenergy.com\/es\/mercados-bioenergeticos\/productos-de-base-biologica\/#breadcrumb","itemListElement":[{"@type":"ListItem","position":1,"name":"Mercados Bioenerg\u00e9ticos","item":"https:\/\/iberiabioenergy.com\/es\/mercados-bioenergeticos\/"},{"@type":"ListItem","position":2,"name":"Productos de base biol\u00f3gica"}]},{"@type":"WebSite","@id":"https:\/\/iberiabioenergy.com\/#website","url":"https:\/\/iberiabioenergy.com\/","name":"Iberia Bioenergy","description":"Developing a circular economy toward a sustainable future.","potentialAction":[{"@type":"SearchAction","target":{"@type":"EntryPoint","urlTemplate":"https:\/\/iberiabioenergy.com\/?s={search_term_string}"},"query-input":"required name=search_term_string"}],"inLanguage":"es"}]}},"_links":{"self":[{"href":"https:\/\/iberiabioenergy.com\/es\/wp-json\/wp\/v2\/pages\/5133"}],"collection":[{"href":"https:\/\/iberiabioenergy.com\/es\/wp-json\/wp\/v2\/pages"}],"about":[{"href":"https:\/\/iberiabioenergy.com\/es\/wp-json\/wp\/v2\/types\/page"}],"author":[{"embeddable":true,"href":"https:\/\/iberiabioenergy.com\/es\/wp-json\/wp\/v2\/users\/1"}],"replies":[{"embeddable":true,"href":"https:\/\/iberiabioenergy.com\/es\/wp-json\/wp\/v2\/comments?post=5133"}],"version-history":[{"count":2,"href":"https:\/\/iberiabioenergy.com\/es\/wp-json\/wp\/v2\/pages\/5133\/revisions"}],"predecessor-version":[{"id":5135,"href":"https:\/\/iberiabioenergy.com\/es\/wp-json\/wp\/v2\/pages\/5133\/revisions\/5135"}],"up":[{"embeddable":true,"href":"https:\/\/iberiabioenergy.com\/es\/wp-json\/wp\/v2\/pages\/5123"}],"wp:featuredmedia":[{"embeddable":true,"href":"https:\/\/iberiabioenergy.com\/es\/wp-json\/wp\/v2\/media\/5087"}],"wp:attachment":[{"href":"https:\/\/iberiabioenergy.com\/es\/wp-json\/wp\/v2\/media?parent=5133"}],"curies":[{"name":"wp","href":"https:\/\/api.w.org\/{rel}","templated":true}]}}