{"id":5136,"date":"2023-02-23T12:08:24","date_gmt":"2023-02-23T11:08:24","guid":{"rendered":"https:\/\/iberiabioenergy.com\/soluciones\/"},"modified":"2023-02-23T12:08:25","modified_gmt":"2023-02-23T11:08:25","slug":"soluciones","status":"publish","type":"page","link":"https:\/\/iberiabioenergy.com\/es\/soluciones\/","title":{"rendered":"Soluciones"},"content":{"rendered":"\n<section id=\"cabecera-listado-block_60e8029948d62\" class=\"cabecera-listado hero row\">\n\n\n    <div class=\"overlay\">\n        <div class=\"container\">\n            <div class=\"row\">\n\n                <div class=\"col-12 col-md-9\">\n\n                    <div class=\"contenido-principal\">\n                        <h1 class=\"h1\">Soluciones<\/h1>\n                                                    <p>Soluciones para proteger el medio ambiente: optimizaci\u00f3n de recursos y revalorizaci\u00f3n de residuos.<\/p>\n                                            <\/div>\n                <\/div>\n            <\/div>\n        <\/div>\n                    <div class=\"wrapper-video\">\n                <video class=\"thevideo\" loop autoplay muted>\n                    <source src=\"https:\/\/iberiabioenergy.com\/wp-content\/uploads\/servicios-corto.mp4\" type=\"video\/mp4\">\n                    <source src=\"\" type=\"video\/webm\">\n                <\/video>\n\n            <\/div>\n\n            <\/div>\n\n<\/section>\n<section class=\"subtitle subtitulo-verde\">\n    <div class=\"container\">\n        <div class=\"col-12 col-md-8\">\n                            <p>Fomentamos un modelo de negocio circular sostenible que integra a cada operador a lo largo de toda la cadena de suministro. Esto nos permite brindar la soluci\u00f3n a medida que el mercado de la energ\u00eda necesita, asegurando la eficiencia y valor a\u00f1adido en todos nuestros proyectos.<\/p>\n                    <\/div>\n    <\/div>\n<\/section>\n<section id=\"listado-secciones-block_60e803af48d63\" class=\"listado-secciones\">\n    <div class=\"secciones container\">\n        <div class=\"row align-items-start position-relative\">\n            <div class=\"col-lg-12\">\n                <div class=\"row\">\n                   \n                                        \n                    \n                    <div class=\"col-12 col-md-6 seccion solutions-seccion\">\n                        \n                            <div class=\"imagen-seccion\"><img src=\"https:\/\/iberiabioenergy.com\/wp-content\/uploads\/img-residues-3.jpg\" alt=\"\" \/><\/div>\n                            <div class=\"texto-bloque\">\n                                <h4 class=\"h4\">Originaci\u00f3n de residuos<\/h4>\n                                <p>Centrados en la gesti\u00f3n de desechos y residuos, nos asociamos con recolectores locales de todo el mundo y brindamos la red de apoyo necesaria para promover su capacidad de recogida y gesti\u00f3n mientras cumplen con los est\u00e1ndares de sostenibilidad requeridos y las regulaciones internacionales.<\/p>\n                            <\/div>\n                            \n                        <a class=\"boton-bloque\" href=\"\/solutions\/waste-and-resides-collecting-and-origination\/\">  M\u00e1s informaci\u00f3n \n                        <\/a>\n                    <\/div>    \n                                        \n                    \n                    <div class=\"col-12 col-md-6 seccion solutions-seccion\">\n                        \n                            <div class=\"imagen-seccion\"><img src=\"https:\/\/iberiabioenergy.com\/wp-content\/uploads\/dragonfly.jpg\" alt=\"\" \/><\/div>\n                            <div class=\"texto-bloque\">\n                                <h4 class=\"h4\">Dragonfly<\/h4>\n                                <p>Nuestro objetivo es crear cadenas de suministro de materias primas y productos finales libres de fraude para el mercado energ\u00e9tico mundial. Gestionamos la cadena de suministro de desechos y residuos a trav\u00e9s de una plataforma digital, inmutable y transparente.<\/p>\n                            <\/div>\n                            \n                        <a class=\"boton-bloque\" href=\"\/solutions\/dragonfly\/\">  M\u00e1s informaci\u00f3n \n                        <\/a>\n                    <\/div>    \n                                        \n                    \n                    <div class=\"col-12 col-md-6 seccion solutions-seccion\">\n                        \n                            <div class=\"imagen-seccion\"><img src=\"https:\/\/iberiabioenergy.com\/wp-content\/uploads\/malaga-hub-1.jpg\" alt=\"\" \/><\/div>\n                            <div class=\"texto-bloque\">\n                                <h4 class=\"h4\">Soluciones a medida<\/h4>\n                                <p>Iberia Bioenergy opera desde varios centros neur\u00e1lgicos para la gesti\u00f3n de materias primas y biocombustibles en Europa que estrat\u00e9gicamente ubicados en el Mediterr\u00e1neo y ARA. Aportamos soluciones industriales, as\u00ed como la gesti\u00f3n integral de residuos sostenibles durante los tr\u00e1mites de importaci\u00f3n y exportaci\u00f3n. Adem\u00e1s, mejoramos la calidad de las materias primas para cumplir con los est\u00e1ndares de calidad de producci\u00f3n de HVO.<\/p>\n                            <\/div>\n                            \n                        <a class=\"boton-bloque\" href=\"\/solutions\/malaga-feed-stock-hub\/\">  M\u00e1s informaci\u00f3n \n                        <\/a>\n                    <\/div>    \n                                        \n                    \n                    <div class=\"col-12 col-md-6 seccion solutions-seccion\">\n                        \n                            <div class=\"imagen-seccion\"><img src=\"https:\/\/iberiabioenergy.com\/wp-content\/uploads\/waste-biofuels.jpg\" alt=\"\" \/><\/div>\n                            <div class=\"texto-bloque\">\n                                <h4 class=\"h4\">TECNOLOG\u00cdA MicroIBEoil<\/h4>\n                                <p>Impulsamos la tecnolog\u00eda m\u00e1s avanzada. Iberia Bioenergy invierte en el desarrollo de biocombustibles y materias primas a medida. MicroIBEoil es una plataforma biotecnol\u00f3gica para la producci\u00f3n de biocombustibles avanzados a partir de residuos industriales y agr\u00edcolas.<br \/>\nEstas materias primas brindan una gran ventaja a los productores de biocombustibles. Los biocombustibles avanzados resultantes de esta v\u00eda pueden lograr potencialmente una reducci\u00f3n de hasta el 90 % de las emisiones de gases de efecto invernadero en comparaci\u00f3n con los combustibles f\u00f3siles.<\/p>\n                            <\/div>\n                            \n                        <a class=\"boton-bloque\" href=\"\/solutions\/bio-tech\/\">  M\u00e1s informaci\u00f3n \n                        <\/a>\n                    <\/div>    \n                        \n                <\/div>\n            <\/div>  \n        <\/div>\n    <\/div>\n<\/section>\n\n    ","protected":false},"excerpt":{"rendered":"","protected":false},"author":1,"featured_media":0,"parent":0,"menu_order":11,"comment_status":"closed","ping_status":"closed","template":"","meta":[],"acf":[],"yoast_head":"<!-- This site is optimized with the Yoast SEO plugin v19.5.1 - https:\/\/yoast.com\/wordpress\/plugins\/seo\/ -->\n<title>Soluciones - Iberia Bioenergy<\/title>\n<meta name=\"robots\" content=\"index, follow, max-snippet:-1, max-image-preview:large, max-video-preview:-1\" \/>\n<link rel=\"canonical\" href=\"https:\/\/iberiabioenergy.com\/es\/soluciones\/\" \/>\n<meta property=\"og:locale\" content=\"es_ES\" \/>\n<meta property=\"og:type\" content=\"article\" \/>\n<meta property=\"og:title\" content=\"Soluciones - Iberia Bioenergy\" \/>\n<meta property=\"og:url\" content=\"https:\/\/iberiabioenergy.com\/es\/soluciones\/\" \/>\n<meta property=\"og:site_name\" content=\"Iberia Bioenergy\" \/>\n<meta property=\"article:modified_time\" content=\"2023-02-23T11:08:25+00:00\" \/>\n<meta name=\"twitter:card\" content=\"summary\" \/>\n<script type=\"application\/ld+json\" class=\"yoast-schema-graph\">{\"@context\":\"https:\/\/schema.org\",\"@graph\":[{\"@type\":\"WebPage\",\"@id\":\"https:\/\/iberiabioenergy.com\/es\/soluciones\/\",\"url\":\"https:\/\/iberiabioenergy.com\/es\/soluciones\/\",\"name\":\"Soluciones - Iberia Bioenergy\",\"isPartOf\":{\"@id\":\"https:\/\/iberiabioenergy.com\/#website\"},\"datePublished\":\"2023-02-23T11:08:24+00:00\",\"dateModified\":\"2023-02-23T11:08:25+00:00\",\"breadcrumb\":{\"@id\":\"https:\/\/iberiabioenergy.com\/es\/soluciones\/#breadcrumb\"},\"inLanguage\":\"es\",\"potentialAction\":[{\"@type\":\"ReadAction\",\"target\":[\"https:\/\/iberiabioenergy.com\/es\/soluciones\/\"]}]},{\"@type\":\"BreadcrumbList\",\"@id\":\"https:\/\/iberiabioenergy.com\/es\/soluciones\/#breadcrumb\",\"itemListElement\":[{\"@type\":\"ListItem\",\"position\":1,\"name\":\"Soluciones\"}]},{\"@type\":\"WebSite\",\"@id\":\"https:\/\/iberiabioenergy.com\/#website\",\"url\":\"https:\/\/iberiabioenergy.com\/\",\"name\":\"Iberia Bioenergy\",\"description\":\"Developing a circular economy toward a sustainable future.\",\"potentialAction\":[{\"@type\":\"SearchAction\",\"target\":{\"@type\":\"EntryPoint\",\"urlTemplate\":\"https:\/\/iberiabioenergy.com\/?s={search_term_string}\"},\"query-input\":\"required name=search_term_string\"}],\"inLanguage\":\"es\"}]}<\/script>\n<!-- \/ Yoast SEO plugin. -->","yoast_head_json":{"title":"Soluciones - Iberia Bioenergy","robots":{"index":"index","follow":"follow","max-snippet":"max-snippet:-1","max-image-preview":"max-image-preview:large","max-video-preview":"max-video-preview:-1"},"canonical":"https:\/\/iberiabioenergy.com\/es\/soluciones\/","og_locale":"es_ES","og_type":"article","og_title":"Soluciones - Iberia Bioenergy","og_url":"https:\/\/iberiabioenergy.com\/es\/soluciones\/","og_site_name":"Iberia Bioenergy","article_modified_time":"2023-02-23T11:08:25+00:00","twitter_card":"summary","schema":{"@context":"https:\/\/schema.org","@graph":[{"@type":"WebPage","@id":"https:\/\/iberiabioenergy.com\/es\/soluciones\/","url":"https:\/\/iberiabioenergy.com\/es\/soluciones\/","name":"Soluciones - Iberia Bioenergy","isPartOf":{"@id":"https:\/\/iberiabioenergy.com\/#website"},"datePublished":"2023-02-23T11:08:24+00:00","dateModified":"2023-02-23T11:08:25+00:00","breadcrumb":{"@id":"https:\/\/iberiabioenergy.com\/es\/soluciones\/#breadcrumb"},"inLanguage":"es","potentialAction":[{"@type":"ReadAction","target":["https:\/\/iberiabioenergy.com\/es\/soluciones\/"]}]},{"@type":"BreadcrumbList","@id":"https:\/\/iberiabioenergy.com\/es\/soluciones\/#breadcrumb","itemListElement":[{"@type":"ListItem","position":1,"name":"Soluciones"}]},{"@type":"WebSite","@id":"https:\/\/iberiabioenergy.com\/#website","url":"https:\/\/iberiabioenergy.com\/","name":"Iberia Bioenergy","description":"Developing a circular economy toward a sustainable future.","potentialAction":[{"@type":"SearchAction","target":{"@type":"EntryPoint","urlTemplate":"https:\/\/iberiabioenergy.com\/?s={search_term_string}"},"query-input":"required name=search_term_string"}],"inLanguage":"es"}]}},"_links":{"self":[{"href":"https:\/\/iberiabioenergy.com\/es\/wp-json\/wp\/v2\/pages\/5136"}],"collection":[{"href":"https:\/\/iberiabioenergy.com\/es\/wp-json\/wp\/v2\/pages"}],"about":[{"href":"https:\/\/iberiabioenergy.com\/es\/wp-json\/wp\/v2\/types\/page"}],"author":[{"embeddable":true,"href":"https:\/\/iberiabioenergy.com\/es\/wp-json\/wp\/v2\/users\/1"}],"replies":[{"embeddable":true,"href":"https:\/\/iberiabioenergy.com\/es\/wp-json\/wp\/v2\/comments?post=5136"}],"version-history":[{"count":1,"href":"https:\/\/iberiabioenergy.com\/es\/wp-json\/wp\/v2\/pages\/5136\/revisions"}],"predecessor-version":[{"id":5137,"href":"https:\/\/iberiabioenergy.com\/es\/wp-json\/wp\/v2\/pages\/5136\/revisions\/5137"}],"wp:attachment":[{"href":"https:\/\/iberiabioenergy.com\/es\/wp-json\/wp\/v2\/media?parent=5136"}],"curies":[{"name":"wp","href":"https:\/\/api.w.org\/{rel}","templated":true}]}}