{"id":5142,"date":"2023-02-23T12:25:50","date_gmt":"2023-02-23T11:25:50","guid":{"rendered":"https:\/\/iberiabioenergy.com\/soluciones\/soluciones-inteligentes\/"},"modified":"2023-02-23T12:25:50","modified_gmt":"2023-02-23T11:25:50","slug":"soluciones-inteligentes","status":"publish","type":"page","link":"https:\/\/iberiabioenergy.com\/es\/soluciones\/soluciones-inteligentes\/","title":{"rendered":"Soluciones inteligentes"},"content":{"rendered":"\n<section id=\"cabecera-contenido-block_614b0a1d5bfad\" class=\"cabecera-contenido resumen hero row\">\n\n    <div class=\"overlay overlay-only-text\" style=\"background-image:url('https:\/\/iberiabioenergy.com\/wp-content\/uploads\/malaga-hub-1.jpg');\">\n        <div class=\"container\">\n            <div class=\"row\">\n\n                <div class=\"col-12 col-md-9\">\n\n                    <div class=\"contenido-principal\">\n                        <p id=\"breadcrumbs\"><\/p>                        <h1 class=\"h1\">Soluciones inteligentes<\/h1>\n                                            <\/div>\n                <\/div>\n            <\/div>\n        <\/div>\n    <\/div>\n\n\n<\/section>\n<section class=\"subtitle subtitulo-verde\">\n    <div class=\"container\">\n        <div class=\"col-12 col-md-8\">\n                            <p>Iberia Bioenergy aporta soluciones industriales a medida y proporciona una gesti\u00f3n integral de residuos de forma sostenible <\/p>\n                    <\/div>\n    <\/div>\n<\/section>\n<div class=\"wp-container-5 wp-block-columns\">\n<div class=\"wp-container-1 wp-block-column\">\n<figure class=\"wp-block-image size-full is-resized\"><img loading=\"lazy\" src=\"https:\/\/iberiabioenergy.com\/wp-content\/uploads\/icon-europe-a.png\" alt=\"\" class=\"wp-image-3949\" width=\"143\" height=\"143\" srcset=\"https:\/\/iberiabioenergy.com\/wp-content\/uploads\/icon-europe-a.png 191w, https:\/\/iberiabioenergy.com\/wp-content\/uploads\/icon-europe-a-150x150.png 150w, https:\/\/iberiabioenergy.com\/wp-content\/uploads\/icon-europe-a-120x120.png 120w\" sizes=\"(max-width: 143px) 100vw, 143px\" \/><\/figure>\n\n\n\n<h4>Centros log\u00edsticos para la gesti\u00f3n de materias primas en Europa<\/h4>\n\n\n\n<p>Ubicados en posiciones estrat\u00e9gicas en la regi\u00f3n del Mediterr\u00e1neo y ARA, nuestros centros log\u00edsticos en M\u00e1laga y R\u00f3terdam son la puerta de entrada a Europa para el flujo mar\u00edtimo desde los mercados asi\u00e1tico y americano a todos nuestros puertos y clientes europeos.<\/p>\n<\/div>\n\n\n\n<div class=\"wp-container-2 wp-block-column\">\n<figure class=\"wp-block-image size-full is-resized\"><img loading=\"lazy\" src=\"https:\/\/iberiabioenergy.com\/wp-content\/uploads\/icon-material-a.png\" alt=\"\" class=\"wp-image-3950\" width=\"143\" height=\"143\" srcset=\"https:\/\/iberiabioenergy.com\/wp-content\/uploads\/icon-material-a.png 191w, https:\/\/iberiabioenergy.com\/wp-content\/uploads\/icon-material-a-150x150.png 150w, https:\/\/iberiabioenergy.com\/wp-content\/uploads\/icon-material-a-120x120.png 120w\" sizes=\"(max-width: 143px) 100vw, 143px\" \/><\/figure>\n\n\n\n<h4>Materias primas a medida para la producci\u00f3n de<\/h4>\n\n\n\n<ul><li>Biodiesel<\/li><li>HVO<\/li><li>Coprocesamiento industrial<\/li><li>Energ\u00eda el\u00e9ctrica<\/li><\/ul>\n<\/div>\n\n\n\n<div class=\"wp-container-3 wp-block-column\">\n<figure class=\"wp-block-image size-full is-resized\"><img loading=\"lazy\" src=\"https:\/\/iberiabioenergy.com\/wp-content\/uploads\/icon-tailor-c.png\" alt=\"\" class=\"wp-image-3733\" width=\"143\" height=\"143\" srcset=\"https:\/\/iberiabioenergy.com\/wp-content\/uploads\/icon-tailor-c.png 191w, https:\/\/iberiabioenergy.com\/wp-content\/uploads\/icon-tailor-c-150x150.png 150w, https:\/\/iberiabioenergy.com\/wp-content\/uploads\/icon-tailor-c-120x120.png 120w\" sizes=\"(max-width: 143px) 100vw, 143px\" \/><\/figure>\n\n\n\n<h4>Gesti\u00f3n integral de residuos y residuos sostenibles<\/h4>\n\n\n\n<ul><li>Recolecci\u00f3n <\/li><li>Control de calidad<\/li><li>Certificaci\u00f3n de sostenibilidad<\/li><li>Despacho de aduana<\/li><li>Despacho ABP<\/li><\/ul>\n<\/div>\n\n\n\n<div class=\"wp-container-4 wp-block-column\">\n<figure class=\"wp-block-image size-full is-resized\"><img loading=\"lazy\" src=\"https:\/\/iberiabioenergy.com\/wp-content\/uploads\/icon-tailor-d.png\" alt=\"\" class=\"wp-image-3734\" width=\"143\" height=\"143\" srcset=\"https:\/\/iberiabioenergy.com\/wp-content\/uploads\/icon-tailor-d.png 191w, https:\/\/iberiabioenergy.com\/wp-content\/uploads\/icon-tailor-d-150x150.png 150w, https:\/\/iberiabioenergy.com\/wp-content\/uploads\/icon-tailor-d-120x120.png 120w\" sizes=\"(max-width: 143px) 100vw, 143px\" \/><\/figure>\n\n\n\n<h4>Soluciones industriales para revalorizar o transformar residuos <\/h4>\n\n\n\n<ul><li>Tratamiento de desechos y residuos.<\/li><li>Producci\u00f3n de biodi\u00e9sel<\/li><li>Blending<\/li><\/ul>\n<\/div>\n<\/div>\n","protected":false},"excerpt":{"rendered":"<p>Centros log\u00edsticos para la gesti\u00f3n de materias primas en Europa Ubicados en posiciones estrat\u00e9gicas en la regi\u00f3n del Mediterr\u00e1neo y ARA, nuestros centros log\u00edsticos en M\u00e1laga y R\u00f3terdam son la&#8230;<\/p>\n","protected":false},"author":1,"featured_media":4870,"parent":5136,"menu_order":13,"comment_status":"closed","ping_status":"closed","template":"","meta":[],"acf":[],"yoast_head":"<!-- This site is optimized with the Yoast SEO plugin v19.5.1 - https:\/\/yoast.com\/wordpress\/plugins\/seo\/ -->\n<title>Soluciones inteligentes - Iberia Bioenergy<\/title>\n<meta name=\"robots\" content=\"index, follow, max-snippet:-1, max-image-preview:large, max-video-preview:-1\" \/>\n<link rel=\"canonical\" href=\"https:\/\/iberiabioenergy.com\/es\/soluciones\/soluciones-inteligentes\/\" \/>\n<meta property=\"og:locale\" content=\"es_ES\" \/>\n<meta property=\"og:type\" content=\"article\" \/>\n<meta property=\"og:title\" content=\"Soluciones inteligentes - Iberia Bioenergy\" \/>\n<meta property=\"og:description\" content=\"Centros log\u00edsticos para la gesti\u00f3n de materias primas en Europa Ubicados en posiciones estrat\u00e9gicas en la regi\u00f3n del Mediterr\u00e1neo y ARA, nuestros centros log\u00edsticos en M\u00e1laga y R\u00f3terdam son la...\" \/>\n<meta property=\"og:url\" content=\"https:\/\/iberiabioenergy.com\/es\/soluciones\/soluciones-inteligentes\/\" \/>\n<meta property=\"og:site_name\" content=\"Iberia Bioenergy\" \/>\n<meta property=\"og:image\" content=\"https:\/\/iberiabioenergy.com\/wp-content\/uploads\/malaga-hub-1.jpg\" \/>\n\t<meta property=\"og:image:width\" content=\"1500\" \/>\n\t<meta property=\"og:image:height\" content=\"999\" \/>\n\t<meta property=\"og:image:type\" content=\"image\/jpeg\" \/>\n<meta name=\"twitter:card\" content=\"summary\" \/>\n<meta name=\"twitter:label1\" content=\"Tiempo de lectura\" \/>\n\t<meta name=\"twitter:data1\" content=\"1 minuto\" \/>\n<script type=\"application\/ld+json\" class=\"yoast-schema-graph\">{\"@context\":\"https:\/\/schema.org\",\"@graph\":[{\"@type\":\"WebPage\",\"@id\":\"https:\/\/iberiabioenergy.com\/es\/soluciones\/soluciones-inteligentes\/\",\"url\":\"https:\/\/iberiabioenergy.com\/es\/soluciones\/soluciones-inteligentes\/\",\"name\":\"Soluciones inteligentes - Iberia Bioenergy\",\"isPartOf\":{\"@id\":\"https:\/\/iberiabioenergy.com\/#website\"},\"datePublished\":\"2023-02-23T11:25:50+00:00\",\"dateModified\":\"2023-02-23T11:25:50+00:00\",\"breadcrumb\":{\"@id\":\"https:\/\/iberiabioenergy.com\/es\/soluciones\/soluciones-inteligentes\/#breadcrumb\"},\"inLanguage\":\"es\",\"potentialAction\":[{\"@type\":\"ReadAction\",\"target\":[\"https:\/\/iberiabioenergy.com\/es\/soluciones\/soluciones-inteligentes\/\"]}]},{\"@type\":\"BreadcrumbList\",\"@id\":\"https:\/\/iberiabioenergy.com\/es\/soluciones\/soluciones-inteligentes\/#breadcrumb\",\"itemListElement\":[{\"@type\":\"ListItem\",\"position\":1,\"name\":\"Soluciones\",\"item\":\"https:\/\/iberiabioenergy.com\/es\/soluciones\/\"},{\"@type\":\"ListItem\",\"position\":2,\"name\":\"Soluciones inteligentes\"}]},{\"@type\":\"WebSite\",\"@id\":\"https:\/\/iberiabioenergy.com\/#website\",\"url\":\"https:\/\/iberiabioenergy.com\/\",\"name\":\"Iberia Bioenergy\",\"description\":\"Developing a circular economy toward a sustainable future.\",\"potentialAction\":[{\"@type\":\"SearchAction\",\"target\":{\"@type\":\"EntryPoint\",\"urlTemplate\":\"https:\/\/iberiabioenergy.com\/?s={search_term_string}\"},\"query-input\":\"required name=search_term_string\"}],\"inLanguage\":\"es\"}]}<\/script>\n<!-- \/ Yoast SEO plugin. -->","yoast_head_json":{"title":"Soluciones inteligentes - Iberia Bioenergy","robots":{"index":"index","follow":"follow","max-snippet":"max-snippet:-1","max-image-preview":"max-image-preview:large","max-video-preview":"max-video-preview:-1"},"canonical":"https:\/\/iberiabioenergy.com\/es\/soluciones\/soluciones-inteligentes\/","og_locale":"es_ES","og_type":"article","og_title":"Soluciones inteligentes - Iberia Bioenergy","og_description":"Centros log\u00edsticos para la gesti\u00f3n de materias primas en Europa Ubicados en posiciones estrat\u00e9gicas en la regi\u00f3n del Mediterr\u00e1neo y ARA, nuestros centros log\u00edsticos en M\u00e1laga y R\u00f3terdam son la...","og_url":"https:\/\/iberiabioenergy.com\/es\/soluciones\/soluciones-inteligentes\/","og_site_name":"Iberia Bioenergy","og_image":[{"width":1500,"height":999,"url":"https:\/\/iberiabioenergy.com\/wp-content\/uploads\/malaga-hub-1.jpg","type":"image\/jpeg"}],"twitter_card":"summary","twitter_misc":{"Tiempo de lectura":"1 minuto"},"schema":{"@context":"https:\/\/schema.org","@graph":[{"@type":"WebPage","@id":"https:\/\/iberiabioenergy.com\/es\/soluciones\/soluciones-inteligentes\/","url":"https:\/\/iberiabioenergy.com\/es\/soluciones\/soluciones-inteligentes\/","name":"Soluciones inteligentes - Iberia Bioenergy","isPartOf":{"@id":"https:\/\/iberiabioenergy.com\/#website"},"datePublished":"2023-02-23T11:25:50+00:00","dateModified":"2023-02-23T11:25:50+00:00","breadcrumb":{"@id":"https:\/\/iberiabioenergy.com\/es\/soluciones\/soluciones-inteligentes\/#breadcrumb"},"inLanguage":"es","potentialAction":[{"@type":"ReadAction","target":["https:\/\/iberiabioenergy.com\/es\/soluciones\/soluciones-inteligentes\/"]}]},{"@type":"BreadcrumbList","@id":"https:\/\/iberiabioenergy.com\/es\/soluciones\/soluciones-inteligentes\/#breadcrumb","itemListElement":[{"@type":"ListItem","position":1,"name":"Soluciones","item":"https:\/\/iberiabioenergy.com\/es\/soluciones\/"},{"@type":"ListItem","position":2,"name":"Soluciones inteligentes"}]},{"@type":"WebSite","@id":"https:\/\/iberiabioenergy.com\/#website","url":"https:\/\/iberiabioenergy.com\/","name":"Iberia Bioenergy","description":"Developing a circular economy toward a sustainable future.","potentialAction":[{"@type":"SearchAction","target":{"@type":"EntryPoint","urlTemplate":"https:\/\/iberiabioenergy.com\/?s={search_term_string}"},"query-input":"required name=search_term_string"}],"inLanguage":"es"}]}},"_links":{"self":[{"href":"https:\/\/iberiabioenergy.com\/es\/wp-json\/wp\/v2\/pages\/5142"}],"collection":[{"href":"https:\/\/iberiabioenergy.com\/es\/wp-json\/wp\/v2\/pages"}],"about":[{"href":"https:\/\/iberiabioenergy.com\/es\/wp-json\/wp\/v2\/types\/page"}],"author":[{"embeddable":true,"href":"https:\/\/iberiabioenergy.com\/es\/wp-json\/wp\/v2\/users\/1"}],"replies":[{"embeddable":true,"href":"https:\/\/iberiabioenergy.com\/es\/wp-json\/wp\/v2\/comments?post=5142"}],"version-history":[{"count":1,"href":"https:\/\/iberiabioenergy.com\/es\/wp-json\/wp\/v2\/pages\/5142\/revisions"}],"predecessor-version":[{"id":5143,"href":"https:\/\/iberiabioenergy.com\/es\/wp-json\/wp\/v2\/pages\/5142\/revisions\/5143"}],"up":[{"embeddable":true,"href":"https:\/\/iberiabioenergy.com\/es\/wp-json\/wp\/v2\/pages\/5136"}],"wp:featuredmedia":[{"embeddable":true,"href":"https:\/\/iberiabioenergy.com\/es\/wp-json\/wp\/v2\/media\/4870"}],"wp:attachment":[{"href":"https:\/\/iberiabioenergy.com\/es\/wp-json\/wp\/v2\/media?parent=5142"}],"curies":[{"name":"wp","href":"https:\/\/api.w.org\/{rel}","templated":true}]}}