{"id":5144,"date":"2023-02-23T12:30:54","date_gmt":"2023-02-23T11:30:54","guid":{"rendered":"https:\/\/iberiabioenergy.com\/soluciones\/microibeoil\/"},"modified":"2023-02-23T12:30:55","modified_gmt":"2023-02-23T11:30:55","slug":"microibeoil","status":"publish","type":"page","link":"https:\/\/iberiabioenergy.com\/es\/soluciones\/microibeoil\/","title":{"rendered":"MicroIBEoil"},"content":{"rendered":"\n<section id=\"cabecera-contenido-block_614af50b911d9\" class=\"cabecera-contenido resumen hero row\">\n\n    <div class=\"overlay overlay-only-text\" style=\"background-image:url('https:\/\/iberiabioenergy.com\/wp-content\/uploads\/waste-biofuels.jpg');\">\n        <div class=\"container\">\n            <div class=\"row\">\n\n                <div class=\"col-12 col-md-9\">\n\n                    <div class=\"contenido-principal\">\n                        <p id=\"breadcrumbs\"><\/p>                        <h1 class=\"h1\">MicroIBEoil<\/h1>\n                                                    <p>Impulsamos la tecnolog\u00eda m\u00e1s avanzada. Iberia Bioenergy invierte en el desarrollo de biocombustibles y materias primas a medida. MicroIBEoil es una plataforma biotecnol\u00f3gica para la producci\u00f3n de biocombustibles avanzados a partir de residuos industriales y agr\u00edcolas.<\/p>\n                                            <\/div>\n                <\/div>\n            <\/div>\n        <\/div>\n    <\/div>\n\n\n<\/section>\n<section class=\"subtitle subtitulo-verde\">\n    <div class=\"container\">\n        <div class=\"col-12 col-md-8\">\n                            <p>Iberia Bioenergy se asegura de proporcionar los bioproductos adecuados para cubrir sus necesidades bioenerg\u00e9ticas y de producci\u00f3n ahora y en el futuro. Brindamos a nuestros clientes la estabilidad y seguridad que necesitan para planificar el futuro y lograr sus objetivos de reducci\u00f3n de GEI.<\/p>\n                    <\/div>\n    <\/div>\n<\/section>\n<div class=\"wp-container-4 wp-block-columns pb-0\">\n<div class=\"wp-container-1 wp-block-column\"><\/div>\n\n\n\n<div class=\"wp-container-2 wp-block-column\" style=\"flex-basis:600px\">\n<h3 class=\"has-text-align-center\"><strong>MicroIB.MicroIBEoil es una plataforma biotecnol\u00f3gica para la industria avanzada de biocombustibles. Eoil is a biotechnological platform for advanced biofuel industry <\/strong><\/h3>\n\n\n\n<p class=\"has-text-align-center\">Estas materias primas brindan una gran ventaja a los productores de biocombustibles. Los biocombustibles avanzados resultantes de esta v\u00eda pueden lograr potencialmente una reducci\u00f3n de hasta el 90 % de las emisiones de gases de efecto invernadero en comparaci\u00f3n con los combustibles f\u00f3siles.<strong> Adem\u00e1s, estas materias primas: residuos agr\u00edcolas, industriales y ciertos subproductos, son recursos disponibles sin cambios en el uso de la tierra y, por lo tanto, no compiten de ninguna forma con el suministro mundial de alimentos.<\/strong><\/p>\n<\/div>\n\n\n\n<div class=\"wp-container-3 wp-block-column\"><\/div>\n<\/div>\n\n<div class=\"wp-container-9 wp-block-columns pb-0\">\n<div class=\"wp-container-5 wp-block-column\"><\/div>\n\n\n\n<div class=\"wp-container-6 wp-block-column\"><div class=\"wp-block-image\">\n<figure class=\"aligncenter size-full\"><img loading=\"lazy\" width=\"160\" height=\"160\" src=\"https:\/\/iberiabioenergy.com\/wp-content\/uploads\/icon-resi-a.png\" alt=\"\" class=\"wp-image-3674\" srcset=\"https:\/\/iberiabioenergy.com\/wp-content\/uploads\/icon-resi-a.png 160w, https:\/\/iberiabioenergy.com\/wp-content\/uploads\/icon-resi-a-150x150.png 150w, https:\/\/iberiabioenergy.com\/wp-content\/uploads\/icon-resi-a-120x120.png 120w\" sizes=\"(max-width: 160px) 100vw, 160px\" \/><\/figure><\/div>\n\n\n<h4 class=\"has-text-align-center\">Residuos <strong><strong>agr\u00edcolas<\/strong><\/strong><\/h4>\n<\/div>\n\n\n\n<div class=\"wp-container-7 wp-block-column\"><div class=\"wp-block-image\">\n<figure class=\"aligncenter size-full\"><img loading=\"lazy\" width=\"160\" height=\"160\" src=\"https:\/\/iberiabioenergy.com\/wp-content\/uploads\/icon-resi-i.png\" alt=\"\" class=\"wp-image-3675\" srcset=\"https:\/\/iberiabioenergy.com\/wp-content\/uploads\/icon-resi-i.png 160w, https:\/\/iberiabioenergy.com\/wp-content\/uploads\/icon-resi-i-150x150.png 150w, https:\/\/iberiabioenergy.com\/wp-content\/uploads\/icon-resi-i-120x120.png 120w\" sizes=\"(max-width: 160px) 100vw, 160px\" \/><\/figure><\/div>\n\n\n<h4 class=\"has-text-align-center\">Residuos <strong><strong>industriales<\/strong><\/strong><\/h4>\n<\/div>\n\n\n\n<div class=\"wp-container-8 wp-block-column\"><\/div>\n<\/div>\n\n<div class=\"wp-container-14 wp-block-columns pt-0 pb-0\">\n<div class=\"wp-container-10 wp-block-column\" style=\"flex-basis:25%\"><\/div>\n\n\n\n<div class=\"wp-container-12 wp-block-column\" style=\"flex-basis:50%\"><div class=\"wp-block-image\">\n<figure class=\"aligncenter size-full\"><img loading=\"lazy\" width=\"270\" height=\"66\" src=\"https:\/\/iberiabioenergy.com\/wp-content\/uploads\/icon-vector-down.png\" alt=\"\" class=\"wp-image-3679\" srcset=\"https:\/\/iberiabioenergy.com\/wp-content\/uploads\/icon-vector-down.png 270w, https:\/\/iberiabioenergy.com\/wp-content\/uploads\/icon-vector-down-250x61.png 250w, https:\/\/iberiabioenergy.com\/wp-content\/uploads\/icon-vector-down-120x29.png 120w\" sizes=\"(max-width: 270px) 100vw, 270px\" \/><\/figure><\/div>\n\n\n<h4 class=\"has-text-align-center\"><strong><strong><strong>MicroIBEoil<\/strong><\/strong><\/strong><\/h4>\n\n\n\n<div class=\"wp-container-11 is-horizontal is-content-justification-center wp-block-buttons\">\n<div class=\"wp-block-button\"><a class=\"wp-block-button__link\" href=\"https:\/\/iberiabioenergy.com\/wp-content\/uploads\/img-special-metabolic.jpg\">Ver el proceso completo<\/a><\/div>\n<\/div>\n<\/div>\n\n\n\n<div class=\"wp-container-13 wp-block-column\" style=\"flex-basis:25%\"><\/div>\n<\/div>\n\n<div class=\"wp-container-16 wp-block-columns pt-0 pb-0\">\n<div class=\"wp-container-15 wp-block-column\"><div class=\"wp-block-image\">\n<figure class=\"aligncenter size-large\"><img loading=\"lazy\" width=\"750\" height=\"110\" src=\"https:\/\/iberiabioenergy.com\/wp-content\/uploads\/icon-vector-line-02-750x110.png\" alt=\"\" class=\"wp-image-3689\" srcset=\"https:\/\/iberiabioenergy.com\/wp-content\/uploads\/icon-vector-line-02-750x110.png 750w, https:\/\/iberiabioenergy.com\/wp-content\/uploads\/icon-vector-line-02-250x37.png 250w, https:\/\/iberiabioenergy.com\/wp-content\/uploads\/icon-vector-line-02-768x113.png 768w, https:\/\/iberiabioenergy.com\/wp-content\/uploads\/icon-vector-line-02-970x143.png 970w, https:\/\/iberiabioenergy.com\/wp-content\/uploads\/icon-vector-line-02-500x74.png 500w, https:\/\/iberiabioenergy.com\/wp-content\/uploads\/icon-vector-line-02-395x58.png 395w, https:\/\/iberiabioenergy.com\/wp-content\/uploads\/icon-vector-line-02-290x43.png 290w, https:\/\/iberiabioenergy.com\/wp-content\/uploads\/icon-vector-line-02-120x18.png 120w, https:\/\/iberiabioenergy.com\/wp-content\/uploads\/icon-vector-line-02.png 1087w\" sizes=\"(max-width: 750px) 100vw, 750px\" \/><\/figure><\/div><\/div>\n<\/div>\n\n<div class=\"wp-container-19 wp-block-columns pt-0\">\n<div class=\"wp-container-17 wp-block-column\"><div class=\"wp-block-image\">\n<figure class=\"alignleft size-full is-resized\"><img loading=\"lazy\" src=\"https:\/\/iberiabioenergy.com\/wp-content\/uploads\/icon-resi-o.png\" alt=\"\" class=\"wp-image-3694\" width=\"120\" height=\"120\" srcset=\"https:\/\/iberiabioenergy.com\/wp-content\/uploads\/icon-resi-o.png 160w, https:\/\/iberiabioenergy.com\/wp-content\/uploads\/icon-resi-o-150x150.png 150w, https:\/\/iberiabioenergy.com\/wp-content\/uploads\/icon-resi-o-120x120.png 120w\" sizes=\"(max-width: 120px) 100vw, 120px\" \/><\/figure><\/div>\n\n\n<h4><strong>Aceites microbianos<\/strong><\/h4>\n\n\n\n<ul><li>oleo qu\u00edmicos<\/li><li>alimentaci\u00f3n<\/li><li>biocombustibles<\/li><\/ul>\n<\/div>\n\n\n\n<div class=\"wp-container-18 wp-block-column\"><div class=\"wp-block-image\">\n<figure class=\"alignleft size-full is-resized\"><img loading=\"lazy\" src=\"https:\/\/iberiabioenergy.com\/wp-content\/uploads\/icon-resi-po.png\" alt=\"\" class=\"wp-image-3695\" width=\"120\" height=\"120\" srcset=\"https:\/\/iberiabioenergy.com\/wp-content\/uploads\/icon-resi-po.png 160w, https:\/\/iberiabioenergy.com\/wp-content\/uploads\/icon-resi-po-150x150.png 150w, https:\/\/iberiabioenergy.com\/wp-content\/uploads\/icon-resi-po-120x120.png 120w\" sizes=\"(max-width: 120px) 100vw, 120px\" \/><\/figure><\/div>\n\n\n<h4><strong>Biopol\u00edmeros<\/strong><\/h4>\n\n\n\n<ul><li>Aditivos de rendimiento<\/li><li>Aplicaciones biom\u00e9dicas<\/li><\/ul>\n\n\n\n<p><\/p>\n<\/div>\n<\/div>\n\n<div class=\"wp-container-23 wp-block-columns\">\n<div class=\"wp-container-20 wp-block-column\">\n<h5><strong>Uso de agro biomasa residual de la agroindustria como materia prima para la producci\u00f3n de aceite microbiano:<\/strong><\/h5>\n\n\n\n<p class=\"textsmall\"><strong>Resultado:<\/strong> aumentar el rendimiento de aceite por hect\u00e1rea reduciendo la cantidad de residuos de bajo valor.<\/p>\n<\/div>\n\n\n\n<div class=\"wp-container-21 wp-block-column\">\n<h5><strong>Uso de coproductos de bajo valor en la industria del biodiesel como materia prima para la producci\u00f3n de aceite microbiano:<\/strong><\/h5>\n\n\n\n<p class=\"textsmall\"><strong>Resultado:<\/strong> revalorizaci\u00f3n de residuos de bajo valor cuya gesti\u00f3n actual general costes adicionales.<\/p>\n<\/div>\n\n\n\n<div class=\"wp-container-22 wp-block-column\">\n<h5><strong>Uso de residuos agr\u00edcolas de cultivos intensivos como materia prima para la producci\u00f3n de aceite microbiano:<\/strong><\/h5>\n\n\n\n<p class=\"textsmall\"><strong>Resultado:<\/strong> revalorizaci\u00f3n de residuos de valor cero cuya gesti\u00f3n actual supone costes extra, as\u00ed como la mitigaci\u00f3n del riesgo ambiental por malas pr\u00e1cticas en su gesti\u00f3n.<\/p>\n<\/div>\n<\/div>\n\n<div class=\"wp-container-36 wp-block-group alignfull has-background\" style=\"background-color:#ebf4f3\"><div class=\"wp-block-group__inner-container\">\n<div style=\"height:70px\" aria-hidden=\"true\" class=\"wp-block-spacer\"><\/div>\n\n\n\n<div class=\"wp-container-25 wp-block-columns alignwide are-vertically-aligned-center pb-0\">\n<div class=\"wp-container-24 wp-block-column\" style=\"flex-basis:50%\">\n<h3><strong>MicroBiOil<\/strong><\/h3>\n<\/div>\n<\/div>\n\n\n\n<div class=\"wp-container-29 wp-block-columns alignwide\">\n<div class=\"wp-container-26 wp-block-column\">\n<p>Nuestra biotecnolog\u00eda es una plataforma para producir aceites de baja intensidad de carbono y oleo qu\u00edmicos derivados de microbios a partir de fuentes renovables. Adem\u00e1s, aprovechamos la biomasa desgrasada como materia prima para la industria del biog\u00e1s o la generaci\u00f3n de energ\u00eda con biomasa.<\/p>\n<\/div>\n\n\n\n<div class=\"wp-container-27 wp-block-column\">\n<p class=\"has-text-color has-extra-small-font-size\" style=\"color:#000000\"><strong>MicroIBEOil&#x2122;<\/strong> facilita la producci\u00f3n de aceites a trav\u00e9s de procesos sostenibles, utilizando subproductos industriales (como la glicerina cruda) o residuos org\u00e1nicos (como residuos de invernadero, paja de trigo o bagazo de ca\u00f1a de az\u00facar).<\/p>\n<\/div>\n\n\n\n<div class=\"wp-container-28 wp-block-column\">\n<p class=\"has-text-color has-extra-small-font-size\" style=\"color:#000000\"><strong>MicroIBEoil&#x2122;<\/strong> es una plataforma para producir aceites a medida. Estos aceites se pueden utilizar para varios fines en la industria de los biocombustibles, por ejemplo, para la aviaci\u00f3n o el transporte por carretera al mejorar las propiedades inherentes de los biocombustibles, como el punto de obstrucci\u00f3n de filtro (CFPP \/ POFF) en fr\u00edo, la estabilidad a la oxidaci\u00f3n o el \u00edndice de cetano.<\/p>\n<\/div>\n<\/div>\n\n\n\n<div style=\"height:40px\" aria-hidden=\"true\" class=\"wp-block-spacer\"><\/div>\n\n\n\n<div class=\"wp-container-31 wp-block-columns pt-0 pb-0\">\n<div class=\"wp-container-30 wp-block-column\">\n<hr class=\"wp-block-separator has-text-color has-css-opacity has-background is-style-wide\" style=\"background-color:#008f82;color:#008f82\"\/>\n<\/div>\n<\/div>\n\n\n\n<div class=\"wp-container-35 wp-block-columns\">\n<div class=\"wp-container-32 wp-block-column\">\n<h4><strong><strong>MibroIBEOil-1<\/strong><\/strong><\/h4>\n\n\n\n<p>Glicerina cruda a aceites microbianos<\/p>\n<\/div>\n\n\n\n<div class=\"wp-container-33 wp-block-column\">\n<h4><meta charset=\"utf-8\"\/><strong><strong>MibroIBEOil-2<\/strong><\/strong><\/h4>\n\n\n\n<p>Residuos de agro-biomasa a aceites microbianos<\/p>\n<\/div>\n\n\n\n<div class=\"wp-container-34 wp-block-column\">\n<h4><meta charset=\"utf-8\"\/><strong><strong>MibroIBEOil-3<\/strong><\/strong><\/h4>\n\n\n\n<p>Aceites a medida<\/p>\n<\/div>\n<\/div>\n<\/div><\/div>\n","protected":false},"excerpt":{"rendered":"<p>MicroIB.MicroIBEoil es una plataforma biotecnol\u00f3gica para la industria avanzada de biocombustibles. Eoil is a biotechnological platform for advanced biofuel industry Estas materias primas brindan una gran ventaja a los productores&#8230;<\/p>\n","protected":false},"author":1,"featured_media":4854,"parent":5136,"menu_order":12,"comment_status":"closed","ping_status":"closed","template":"","meta":[],"acf":[],"yoast_head":"<!-- This site is optimized with the Yoast SEO plugin v19.5.1 - https:\/\/yoast.com\/wordpress\/plugins\/seo\/ -->\n<title>MicroIBEoil - Iberia Bioenergy<\/title>\n<meta name=\"robots\" content=\"index, follow, max-snippet:-1, max-image-preview:large, max-video-preview:-1\" \/>\n<link rel=\"canonical\" href=\"https:\/\/iberiabioenergy.com\/es\/soluciones\/microibeoil\/\" \/>\n<meta property=\"og:locale\" content=\"es_ES\" \/>\n<meta property=\"og:type\" content=\"article\" \/>\n<meta property=\"og:title\" content=\"MicroIBEoil - Iberia Bioenergy\" \/>\n<meta property=\"og:description\" content=\"MicroIB.MicroIBEoil es una plataforma biotecnol\u00f3gica para la industria avanzada de biocombustibles. Eoil is a biotechnological platform for advanced biofuel industry Estas materias primas brindan una gran ventaja a los productores...\" \/>\n<meta property=\"og:url\" content=\"https:\/\/iberiabioenergy.com\/es\/soluciones\/microibeoil\/\" \/>\n<meta property=\"og:site_name\" content=\"Iberia Bioenergy\" \/>\n<meta property=\"article:modified_time\" content=\"2023-02-23T11:30:55+00:00\" \/>\n<meta property=\"og:image\" content=\"https:\/\/iberiabioenergy.com\/wp-content\/uploads\/waste-biofuels.jpg\" \/>\n\t<meta property=\"og:image:width\" content=\"828\" \/>\n\t<meta property=\"og:image:height\" content=\"500\" \/>\n\t<meta property=\"og:image:type\" content=\"image\/jpeg\" \/>\n<meta name=\"twitter:card\" content=\"summary\" \/>\n<meta name=\"twitter:label1\" content=\"Tiempo de lectura\" \/>\n\t<meta name=\"twitter:data1\" content=\"2 minutos\" \/>\n<script type=\"application\/ld+json\" class=\"yoast-schema-graph\">{\"@context\":\"https:\/\/schema.org\",\"@graph\":[{\"@type\":\"WebPage\",\"@id\":\"https:\/\/iberiabioenergy.com\/es\/soluciones\/microibeoil\/\",\"url\":\"https:\/\/iberiabioenergy.com\/es\/soluciones\/microibeoil\/\",\"name\":\"MicroIBEoil - Iberia Bioenergy\",\"isPartOf\":{\"@id\":\"https:\/\/iberiabioenergy.com\/#website\"},\"datePublished\":\"2023-02-23T11:30:54+00:00\",\"dateModified\":\"2023-02-23T11:30:55+00:00\",\"breadcrumb\":{\"@id\":\"https:\/\/iberiabioenergy.com\/es\/soluciones\/microibeoil\/#breadcrumb\"},\"inLanguage\":\"es\",\"potentialAction\":[{\"@type\":\"ReadAction\",\"target\":[\"https:\/\/iberiabioenergy.com\/es\/soluciones\/microibeoil\/\"]}]},{\"@type\":\"BreadcrumbList\",\"@id\":\"https:\/\/iberiabioenergy.com\/es\/soluciones\/microibeoil\/#breadcrumb\",\"itemListElement\":[{\"@type\":\"ListItem\",\"position\":1,\"name\":\"Soluciones\",\"item\":\"https:\/\/iberiabioenergy.com\/es\/soluciones\/\"},{\"@type\":\"ListItem\",\"position\":2,\"name\":\"MicroIBEoil\"}]},{\"@type\":\"WebSite\",\"@id\":\"https:\/\/iberiabioenergy.com\/#website\",\"url\":\"https:\/\/iberiabioenergy.com\/\",\"name\":\"Iberia Bioenergy\",\"description\":\"Developing a circular economy toward a sustainable future.\",\"potentialAction\":[{\"@type\":\"SearchAction\",\"target\":{\"@type\":\"EntryPoint\",\"urlTemplate\":\"https:\/\/iberiabioenergy.com\/?s={search_term_string}\"},\"query-input\":\"required name=search_term_string\"}],\"inLanguage\":\"es\"}]}<\/script>\n<!-- \/ Yoast SEO plugin. -->","yoast_head_json":{"title":"MicroIBEoil - Iberia Bioenergy","robots":{"index":"index","follow":"follow","max-snippet":"max-snippet:-1","max-image-preview":"max-image-preview:large","max-video-preview":"max-video-preview:-1"},"canonical":"https:\/\/iberiabioenergy.com\/es\/soluciones\/microibeoil\/","og_locale":"es_ES","og_type":"article","og_title":"MicroIBEoil - Iberia Bioenergy","og_description":"MicroIB.MicroIBEoil es una plataforma biotecnol\u00f3gica para la industria avanzada de biocombustibles. Eoil is a biotechnological platform for advanced biofuel industry Estas materias primas brindan una gran ventaja a los productores...","og_url":"https:\/\/iberiabioenergy.com\/es\/soluciones\/microibeoil\/","og_site_name":"Iberia Bioenergy","article_modified_time":"2023-02-23T11:30:55+00:00","og_image":[{"width":828,"height":500,"url":"https:\/\/iberiabioenergy.com\/wp-content\/uploads\/waste-biofuels.jpg","type":"image\/jpeg"}],"twitter_card":"summary","twitter_misc":{"Tiempo de lectura":"2 minutos"},"schema":{"@context":"https:\/\/schema.org","@graph":[{"@type":"WebPage","@id":"https:\/\/iberiabioenergy.com\/es\/soluciones\/microibeoil\/","url":"https:\/\/iberiabioenergy.com\/es\/soluciones\/microibeoil\/","name":"MicroIBEoil - Iberia Bioenergy","isPartOf":{"@id":"https:\/\/iberiabioenergy.com\/#website"},"datePublished":"2023-02-23T11:30:54+00:00","dateModified":"2023-02-23T11:30:55+00:00","breadcrumb":{"@id":"https:\/\/iberiabioenergy.com\/es\/soluciones\/microibeoil\/#breadcrumb"},"inLanguage":"es","potentialAction":[{"@type":"ReadAction","target":["https:\/\/iberiabioenergy.com\/es\/soluciones\/microibeoil\/"]}]},{"@type":"BreadcrumbList","@id":"https:\/\/iberiabioenergy.com\/es\/soluciones\/microibeoil\/#breadcrumb","itemListElement":[{"@type":"ListItem","position":1,"name":"Soluciones","item":"https:\/\/iberiabioenergy.com\/es\/soluciones\/"},{"@type":"ListItem","position":2,"name":"MicroIBEoil"}]},{"@type":"WebSite","@id":"https:\/\/iberiabioenergy.com\/#website","url":"https:\/\/iberiabioenergy.com\/","name":"Iberia Bioenergy","description":"Developing a circular economy toward a sustainable future.","potentialAction":[{"@type":"SearchAction","target":{"@type":"EntryPoint","urlTemplate":"https:\/\/iberiabioenergy.com\/?s={search_term_string}"},"query-input":"required name=search_term_string"}],"inLanguage":"es"}]}},"_links":{"self":[{"href":"https:\/\/iberiabioenergy.com\/es\/wp-json\/wp\/v2\/pages\/5144"}],"collection":[{"href":"https:\/\/iberiabioenergy.com\/es\/wp-json\/wp\/v2\/pages"}],"about":[{"href":"https:\/\/iberiabioenergy.com\/es\/wp-json\/wp\/v2\/types\/page"}],"author":[{"embeddable":true,"href":"https:\/\/iberiabioenergy.com\/es\/wp-json\/wp\/v2\/users\/1"}],"replies":[{"embeddable":true,"href":"https:\/\/iberiabioenergy.com\/es\/wp-json\/wp\/v2\/comments?post=5144"}],"version-history":[{"count":1,"href":"https:\/\/iberiabioenergy.com\/es\/wp-json\/wp\/v2\/pages\/5144\/revisions"}],"predecessor-version":[{"id":5145,"href":"https:\/\/iberiabioenergy.com\/es\/wp-json\/wp\/v2\/pages\/5144\/revisions\/5145"}],"up":[{"embeddable":true,"href":"https:\/\/iberiabioenergy.com\/es\/wp-json\/wp\/v2\/pages\/5136"}],"wp:featuredmedia":[{"embeddable":true,"href":"https:\/\/iberiabioenergy.com\/es\/wp-json\/wp\/v2\/media\/4854"}],"wp:attachment":[{"href":"https:\/\/iberiabioenergy.com\/es\/wp-json\/wp\/v2\/media?parent=5144"}],"curies":[{"name":"wp","href":"https:\/\/api.w.org\/{rel}","templated":true}]}}