{"id":5146,"date":"2023-02-23T12:34:18","date_gmt":"2023-02-23T11:34:18","guid":{"rendered":"https:\/\/iberiabioenergy.com\/sostenibilidad\/"},"modified":"2023-04-19T13:46:42","modified_gmt":"2023-04-19T11:46:42","slug":"sostenibilidad","status":"publish","type":"page","link":"https:\/\/iberiabioenergy.com\/es\/sostenibilidad\/","title":{"rendered":"Sostenibilidad"},"content":{"rendered":"\n<section id=\"cabecera-listado-block_614da8ab3b2a4\" class=\"cabecera-listado hero row\">\n\n\n    <div class=\"overlay\">\n        <div class=\"container\">\n            <div class=\"row\">\n\n                <div class=\"col-12 col-md-9\">\n\n                    <div class=\"contenido-principal\">\n                        <h1 class=\"h1\">Sostenibilidad<\/h1>\n                                                    <p>La sostenibilidad es parte de todo lo que hacemos<\/p>\n                                            <\/div>\n                <\/div>\n            <\/div>\n        <\/div>\n                    <div class=\"wrapper-video\">\n                <video class=\"thevideo\" loop autoplay muted>\n                    <source src=\"https:\/\/iberiabioenergy.com\/wp-content\/uploads\/biofuelsus-1.mp4\" type=\"video\/mp4\">\n                    <source src=\"\" type=\"video\/webm\">\n                <\/video>\n\n            <\/div>\n\n            <\/div>\n\n<\/section>\n<section class=\"subtitle subtitulo-verde\">\n    <div class=\"container\">\n        <div class=\"col-12 col-md-8\">\n                            <p>Creemos que juntos se pueden cambiar las cosas, por eso la sostenibilidad est\u00e1 en el centro de nuestra estrategia de negocios y nuestra relaci\u00f3n con los dem\u00e1s.<\/p>\n                    <\/div>\n    <\/div>\n<\/section>\n<div class=\"wp-block-media-text alignwide is-stacked-on-mobile\" style=\"grid-template-columns:37% auto\"><figure class=\"wp-block-media-text__media\"><img loading=\"lazy\" width=\"750\" height=\"750\" src=\"https:\/\/iberiabioenergy.com\/wp-content\/uploads\/bg-sustainability-750x750.png\" alt=\"\" class=\"wp-image-3524 size-full\" srcset=\"https:\/\/iberiabioenergy.com\/wp-content\/uploads\/bg-sustainability-750x750.png 750w, https:\/\/iberiabioenergy.com\/wp-content\/uploads\/bg-sustainability-250x250.png 250w, https:\/\/iberiabioenergy.com\/wp-content\/uploads\/bg-sustainability-150x150.png 150w, https:\/\/iberiabioenergy.com\/wp-content\/uploads\/bg-sustainability-768x768.png 768w, https:\/\/iberiabioenergy.com\/wp-content\/uploads\/bg-sustainability-1170x1170.png 1170w, https:\/\/iberiabioenergy.com\/wp-content\/uploads\/bg-sustainability-970x970.png 970w, https:\/\/iberiabioenergy.com\/wp-content\/uploads\/bg-sustainability-500x500.png 500w, https:\/\/iberiabioenergy.com\/wp-content\/uploads\/bg-sustainability-395x395.png 395w, https:\/\/iberiabioenergy.com\/wp-content\/uploads\/bg-sustainability-290x290.png 290w, https:\/\/iberiabioenergy.com\/wp-content\/uploads\/bg-sustainability-120x120.png 120w, https:\/\/iberiabioenergy.com\/wp-content\/uploads\/bg-sustainability.png 1402w\" sizes=\"(max-width: 750px) 100vw, 750px\" \/><\/figure><div class=\"wp-block-media-text__content\">\n<h2>En <strong>Iberia Bioenergy<\/strong> trabajamos por una <strong>bioeconom\u00eda<\/strong> sostenible, limpia y eficiente en el uso de los recursos, centrada en la <strong>neutralidad clim\u00e1tica<\/strong> y el <strong>desarrollo sostenible<\/strong>.<\/h2>\n\n\n\n<ul><li>Implementaci\u00f3n de criterios de sostenibilidad social y ambiental<\/li><li>Monitorizaci\u00f3n de cadenas de suministro libres de deforestaci\u00f3n<\/li><li>Protecci\u00f3n de la biodiversidad<\/li><li>Reducci\u00f3n de las emisiones de GEI<\/li><li>Implantando sistemas de trazabilidad en las cadenas de suministro globales<\/li><li>Implantando sistemas de trazabilidad en las cadenas de suministro globales<\/li><\/ul>\n<\/div><\/div>\n\n<div class=\"wp-container-7 wp-block-columns\">\n<div class=\"wp-container-2 wp-block-column\">\n<figure class=\"wp-block-image size-full\"><img loading=\"lazy\" width=\"90\" height=\"90\" src=\"https:\/\/iberiabioenergy.com\/wp-content\/uploads\/ico_03.png\" alt=\"\" class=\"wp-image-3521\" \/><\/figure>\n\n\n\n<h3 class=\"has-text-align-left\"><strong>Pol\u00edtica de Sostenibilidad<\/strong><\/h3>\n\n\n\n<p>Suministramos de forma sostenible sin perder de vista nuestro compromiso con la protecci\u00f3n del medio ambiente y sin descuidar nuestros principios.<\/p>\n\n\n\n<p>Como empresa circular integrada, buscamos lograr un modelo viable y equitativo de desarrollo sostenible que garantice el bienestar social, ambiental y econ\u00f3mico.<\/p>\n\n\n\n<div class=\"wp-container-1 wp-block-buttons\">\n<div class=\"wp-block-button\"><a class=\"wp-block-button__link\" href=\"https:\/\/iberiabioenergy.com\/es\/sostenibilidad\/politica-de-sostenibilidad\/\">Leer m\u00e1s<\/a><\/div>\n<\/div>\n<\/div>\n\n\n\n<div class=\"wp-container-4 wp-block-column\">\n<figure class=\"wp-block-image size-full\"><img loading=\"lazy\" width=\"90\" height=\"90\" src=\"https:\/\/iberiabioenergy.com\/wp-content\/uploads\/ico_01.png\" alt=\"\" class=\"wp-image-3519\" \/><\/figure>\n\n\n\n<h3><strong>Biocombustibles sostenibles<\/strong><\/h3>\n\n\n\n<p>Aseguramos activamente nuestra r\u00e1pida adaptaci\u00f3n a los marcos legislativos vigentes mientras desarrollamos nuevos m\u00e9todos de control que garanticen que nuestra cadena de suministro sea segura y sostenible.<\/p>\n\n\n\n<p>Investigamos y fomentamos tecnolog\u00eda punta para aportar soluciones a la urgente necesidad de proporcionar alternativas sostenibles para una transici\u00f3n energ\u00e9tica necesaria.<\/p>\n\n\n\n<div class=\"wp-container-3 wp-block-buttons\">\n<div class=\"wp-block-button\"><a class=\"wp-block-button__link\" href=\"https:\/\/iberiabioenergy.com\/es\/sostenibilidad\/sostenibilidad-de-biocombustibles\/\">Leer m\u00e1s<\/a><\/div>\n<\/div>\n<\/div>\n\n\n\n<div class=\"wp-container-6 wp-block-column\">\n<figure class=\"wp-block-image size-full\"><img loading=\"lazy\" width=\"90\" height=\"90\" src=\"https:\/\/iberiabioenergy.com\/wp-content\/uploads\/ico_02.png\" alt=\"\" class=\"wp-image-3520\" \/><\/figure>\n\n\n\n<h3><strong>Sostenibilidad Forestal<\/strong><\/h3>\n\n\n\n<p>Estamos comprometidos con el abastecimiento y la gesti\u00f3n de nuestros recursos naturales de la manera m\u00e1s eficiente y responsable posible, asegurando una gesti\u00f3n forestal sostenible en plantaciones y bosques, y manteniendo procesos transparentes en toda la cadena de suministro.<\/p>\n\n\n\n<div class=\"wp-container-5 wp-block-buttons\">\n<div class=\"wp-block-button\"><a class=\"wp-block-button__link\" href=\"https:\/\/iberiabioenergy.com\/es\/sostenibilidad\/gestion-forestal-y-cdc\/\">Leer m\u00e1s<\/a><\/div>\n<\/div>\n<\/div>\n<\/div>\n","protected":false},"excerpt":{"rendered":"<p>En Iberia Bioenergy trabajamos por una bioeconom\u00eda sostenible, limpia y eficiente en el uso de los recursos, centrada en la neutralidad clim\u00e1tica y el desarrollo sostenible. Implementaci\u00f3n de criterios de&#8230;<\/p>\n","protected":false},"author":1,"featured_media":0,"parent":0,"menu_order":0,"comment_status":"closed","ping_status":"closed","template":"","meta":[],"acf":[],"yoast_head":"<!-- This site is optimized with the Yoast SEO plugin v19.5.1 - https:\/\/yoast.com\/wordpress\/plugins\/seo\/ -->\n<title>Sostenibilidad - Iberia Bioenergy<\/title>\n<meta name=\"robots\" content=\"index, follow, max-snippet:-1, max-image-preview:large, max-video-preview:-1\" \/>\n<link rel=\"canonical\" href=\"https:\/\/iberiabioenergy.com\/es\/sostenibilidad\/\" \/>\n<meta property=\"og:locale\" content=\"es_ES\" \/>\n<meta property=\"og:type\" content=\"article\" \/>\n<meta property=\"og:title\" content=\"Sostenibilidad - Iberia Bioenergy\" \/>\n<meta property=\"og:description\" content=\"En Iberia Bioenergy trabajamos por una bioeconom\u00eda sostenible, limpia y eficiente en el uso de los recursos, centrada en la neutralidad clim\u00e1tica y el desarrollo sostenible. Implementaci\u00f3n de criterios de...\" \/>\n<meta property=\"og:url\" content=\"https:\/\/iberiabioenergy.com\/es\/sostenibilidad\/\" \/>\n<meta property=\"og:site_name\" content=\"Iberia Bioenergy\" \/>\n<meta property=\"article:modified_time\" content=\"2023-04-19T11:46:42+00:00\" \/>\n<meta property=\"og:image\" content=\"https:\/\/iberiabioenergy.com\/wp-content\/uploads\/bg-sustainability-750x750.png\" \/>\n<meta name=\"twitter:card\" content=\"summary\" \/>\n<meta name=\"twitter:label1\" content=\"Tiempo de lectura\" \/>\n\t<meta name=\"twitter:data1\" content=\"1 minuto\" \/>\n<script type=\"application\/ld+json\" class=\"yoast-schema-graph\">{\"@context\":\"https:\/\/schema.org\",\"@graph\":[{\"@type\":\"WebPage\",\"@id\":\"https:\/\/iberiabioenergy.com\/es\/sostenibilidad\/\",\"url\":\"https:\/\/iberiabioenergy.com\/es\/sostenibilidad\/\",\"name\":\"Sostenibilidad - Iberia Bioenergy\",\"isPartOf\":{\"@id\":\"https:\/\/iberiabioenergy.com\/#website\"},\"datePublished\":\"2023-02-23T11:34:18+00:00\",\"dateModified\":\"2023-04-19T11:46:42+00:00\",\"breadcrumb\":{\"@id\":\"https:\/\/iberiabioenergy.com\/es\/sostenibilidad\/#breadcrumb\"},\"inLanguage\":\"es\",\"potentialAction\":[{\"@type\":\"ReadAction\",\"target\":[\"https:\/\/iberiabioenergy.com\/es\/sostenibilidad\/\"]}]},{\"@type\":\"BreadcrumbList\",\"@id\":\"https:\/\/iberiabioenergy.com\/es\/sostenibilidad\/#breadcrumb\",\"itemListElement\":[{\"@type\":\"ListItem\",\"position\":1,\"name\":\"Sostenibilidad\"}]},{\"@type\":\"WebSite\",\"@id\":\"https:\/\/iberiabioenergy.com\/#website\",\"url\":\"https:\/\/iberiabioenergy.com\/\",\"name\":\"Iberia Bioenergy\",\"description\":\"Developing a circular economy toward a sustainable future.\",\"potentialAction\":[{\"@type\":\"SearchAction\",\"target\":{\"@type\":\"EntryPoint\",\"urlTemplate\":\"https:\/\/iberiabioenergy.com\/?s={search_term_string}\"},\"query-input\":\"required name=search_term_string\"}],\"inLanguage\":\"es\"}]}<\/script>\n<!-- \/ Yoast SEO plugin. -->","yoast_head_json":{"title":"Sostenibilidad - Iberia Bioenergy","robots":{"index":"index","follow":"follow","max-snippet":"max-snippet:-1","max-image-preview":"max-image-preview:large","max-video-preview":"max-video-preview:-1"},"canonical":"https:\/\/iberiabioenergy.com\/es\/sostenibilidad\/","og_locale":"es_ES","og_type":"article","og_title":"Sostenibilidad - Iberia Bioenergy","og_description":"En Iberia Bioenergy trabajamos por una bioeconom\u00eda sostenible, limpia y eficiente en el uso de los recursos, centrada en la neutralidad clim\u00e1tica y el desarrollo sostenible. Implementaci\u00f3n de criterios de...","og_url":"https:\/\/iberiabioenergy.com\/es\/sostenibilidad\/","og_site_name":"Iberia Bioenergy","article_modified_time":"2023-04-19T11:46:42+00:00","og_image":[{"url":"https:\/\/iberiabioenergy.com\/wp-content\/uploads\/bg-sustainability-750x750.png"}],"twitter_card":"summary","twitter_misc":{"Tiempo de lectura":"1 minuto"},"schema":{"@context":"https:\/\/schema.org","@graph":[{"@type":"WebPage","@id":"https:\/\/iberiabioenergy.com\/es\/sostenibilidad\/","url":"https:\/\/iberiabioenergy.com\/es\/sostenibilidad\/","name":"Sostenibilidad - Iberia Bioenergy","isPartOf":{"@id":"https:\/\/iberiabioenergy.com\/#website"},"datePublished":"2023-02-23T11:34:18+00:00","dateModified":"2023-04-19T11:46:42+00:00","breadcrumb":{"@id":"https:\/\/iberiabioenergy.com\/es\/sostenibilidad\/#breadcrumb"},"inLanguage":"es","potentialAction":[{"@type":"ReadAction","target":["https:\/\/iberiabioenergy.com\/es\/sostenibilidad\/"]}]},{"@type":"BreadcrumbList","@id":"https:\/\/iberiabioenergy.com\/es\/sostenibilidad\/#breadcrumb","itemListElement":[{"@type":"ListItem","position":1,"name":"Sostenibilidad"}]},{"@type":"WebSite","@id":"https:\/\/iberiabioenergy.com\/#website","url":"https:\/\/iberiabioenergy.com\/","name":"Iberia Bioenergy","description":"Developing a circular economy toward a sustainable future.","potentialAction":[{"@type":"SearchAction","target":{"@type":"EntryPoint","urlTemplate":"https:\/\/iberiabioenergy.com\/?s={search_term_string}"},"query-input":"required name=search_term_string"}],"inLanguage":"es"}]}},"_links":{"self":[{"href":"https:\/\/iberiabioenergy.com\/es\/wp-json\/wp\/v2\/pages\/5146"}],"collection":[{"href":"https:\/\/iberiabioenergy.com\/es\/wp-json\/wp\/v2\/pages"}],"about":[{"href":"https:\/\/iberiabioenergy.com\/es\/wp-json\/wp\/v2\/types\/page"}],"author":[{"embeddable":true,"href":"https:\/\/iberiabioenergy.com\/es\/wp-json\/wp\/v2\/users\/1"}],"replies":[{"embeddable":true,"href":"https:\/\/iberiabioenergy.com\/es\/wp-json\/wp\/v2\/comments?post=5146"}],"version-history":[{"count":2,"href":"https:\/\/iberiabioenergy.com\/es\/wp-json\/wp\/v2\/pages\/5146\/revisions"}],"predecessor-version":[{"id":5261,"href":"https:\/\/iberiabioenergy.com\/es\/wp-json\/wp\/v2\/pages\/5146\/revisions\/5261"}],"wp:attachment":[{"href":"https:\/\/iberiabioenergy.com\/es\/wp-json\/wp\/v2\/media?parent=5146"}],"curies":[{"name":"wp","href":"https:\/\/api.w.org\/{rel}","templated":true}]}}