{"id":5148,"date":"2023-02-23T12:36:43","date_gmt":"2023-02-23T11:36:43","guid":{"rendered":"https:\/\/iberiabioenergy.com\/sostenibilidad\/politica-de-sostenibilidad\/"},"modified":"2023-02-23T12:36:43","modified_gmt":"2023-02-23T11:36:43","slug":"politica-de-sostenibilidad","status":"publish","type":"page","link":"https:\/\/iberiabioenergy.com\/es\/sostenibilidad\/politica-de-sostenibilidad\/","title":{"rendered":"Pol\u00edtica de Sostenibilidad"},"content":{"rendered":"\n<section id=\"cabecera-listado-block_61515e3ab4e9e\" class=\"cabecera-listado hero row\">\n\n\n    <div class=\"overlay\">\n        <div class=\"container\">\n            <div class=\"row\">\n\n                <div class=\"col-12 col-md-9\">\n\n                    <div class=\"contenido-principal\">\n                        <h1 class=\"h1\">Pol\u00edtica de Sostenibilidad<\/h1>\n                                            <\/div>\n                <\/div>\n            <\/div>\n        <\/div>\n                    <div class=\"wrapper-video\">\n                <video class=\"thevideo\" loop autoplay muted>\n                    <source src=\"https:\/\/iberiabioenergy.com\/wp-content\/uploads\/sustainability-policy.mp4\" type=\"video\/mp4\">\n                    <source src=\"\" type=\"video\/webm\">\n                <\/video>\n\n            <\/div>\n\n            <\/div>\n\n<\/section>\n<section class=\"subtitle subtitulo-verde\">\n    <div class=\"container\">\n        <div class=\"col-12 col-md-8\">\n                            <p>Suministramos de forma sostenible sin perder de vista nuestro compromiso con la protecci\u00f3n del medio ambiente y sin descuidar nuestros principios.<\/p>\n                    <\/div>\n    <\/div>\n<\/section>\n<div class=\"wp-container-4 wp-block-columns\">\n<div class=\"wp-container-1 wp-block-column\" style=\"flex-basis:25%\"><\/div>\n\n\n\n<div class=\"wp-container-2 wp-block-column\" style=\"flex-basis:50%\"><div class=\"wp-block-image\">\n<figure class=\"aligncenter size-full\"><img loading=\"lazy\" width=\"90\" height=\"90\" src=\"https:\/\/iberiabioenergy.com\/wp-content\/uploads\/ico_03.png\" alt=\"\" class=\"wp-image-3521\"\/><\/figure><\/div>\n\n\n<h2 class=\"has-text-align-center\"><strong>Nuestros principios<\/strong><\/h2>\n\n\n\n<h3 class=\"has-text-align-center\">Todas nuestras acciones son seguras para nosotros y los que est\u00e1n a nuestro alrededor, proveedores, clientes y por supuesto, para el medio ambiente.<\/h3>\n\n\n\n<p><\/p>\n<\/div>\n\n\n\n<div class=\"wp-container-3 wp-block-column\" style=\"flex-basis:25%\"><\/div>\n<\/div>\n\n<div class=\"wp-container-9 wp-block-columns pt-0\">\n<div class=\"wp-container-5 wp-block-column\"><div class=\"wp-block-image\">\n<figure class=\"aligncenter size-full\"><img loading=\"lazy\" width=\"90\" height=\"90\" src=\"https:\/\/iberiabioenergy.com\/wp-content\/uploads\/num_01.png\" alt=\"\" class=\"wp-image-3510\"\/><\/figure><\/div>\n\n\n<h5 class=\"has-text-align-center\">Realizamos negocios de manera responsable y \u00e9tica. Estamos comprometidos a respetar los derechos humanos all\u00ed donde realizamos nuestra actividad.<\/h5>\n<\/div>\n\n\n\n<div class=\"wp-container-6 wp-block-column\"><div class=\"wp-block-image\">\n<figure class=\"aligncenter size-full\"><img loading=\"lazy\" width=\"90\" height=\"90\" src=\"https:\/\/iberiabioenergy.com\/wp-content\/uploads\/num_02.png\" alt=\"\" class=\"wp-image-3511\"\/><\/figure><\/div>\n\n\n<h5 class=\"has-text-align-center\">Usamos los recursos naturales de manera responsable y estamos trabajando activamente para lograr una cadena de suministro m\u00e1s sostenible.<\/h5>\n<\/div>\n\n\n\n<div class=\"wp-container-7 wp-block-column\"><div class=\"wp-block-image\">\n<figure class=\"aligncenter size-full\"><img loading=\"lazy\" width=\"90\" height=\"90\" src=\"https:\/\/iberiabioenergy.com\/wp-content\/uploads\/num_03.png\" alt=\"\" class=\"wp-image-3512\"\/><\/figure><\/div>\n\n\n<h5 class=\"has-text-align-center\">Nos preocupa la deforestaci\u00f3n. Para combatirla, hemos desarrollado pautas que aseguran que nuestra biomasa no conducir\u00e1 directa o indirectamente a la p\u00e9rdida de bosques naturales.<\/h5>\n<\/div>\n\n\n\n<div class=\"wp-container-8 wp-block-column\"><div class=\"wp-block-image\">\n<figure class=\"aligncenter size-full\"><img loading=\"lazy\" width=\"90\" height=\"90\" src=\"https:\/\/iberiabioenergy.com\/wp-content\/uploads\/num_04.png\" alt=\"\" class=\"wp-image-3514\"\/><\/figure><\/div>\n\n\n<h5 class=\"has-text-align-center\">Actuamos de conformidad con las leyes y los reglamentos, que consideramos nuestros est\u00e1ndares m\u00ednimos, y requerimos el mismo nivel de compromiso y respeto por parte de todos los socios a lo largo de nuestras cadenas de suministro.<\/h5>\n<\/div>\n<\/div>\n\n<div class=\"wp-container-14 wp-block-columns lightbrand-gr-bottom\">\n<div class=\"wp-container-10 wp-block-column\" style=\"flex-basis:25%\"><\/div>\n\n\n\n<div class=\"wp-container-12 wp-block-column\" style=\"flex-basis:50%\"><div class=\"wp-block-image\">\n<figure class=\"aligncenter size-full\"><img loading=\"lazy\" width=\"63\" height=\"96\" src=\"https:\/\/iberiabioenergy.com\/wp-content\/uploads\/imagotipo.png\" alt=\"\" class=\"wp-image-2606\"\/><\/figure><\/div>\n\n\n<h3 class=\"has-text-align-center\"><strong>Nuestra cadena de suministro es segura y sostenible<\/strong><\/h3>\n\n\n\n<p class=\"has-text-align-center\">Conocer el origen de nuestros productos renovables es un requisito b\u00e1sico que no pasamos por alto Trabajamos meticulosamente para asegurar la trazabilidad desde el origen hasta el final de la cadena de suministro porque Iberia Bioenergy s\u00f3lo comercializa materias primas renovables o biocombustibles producidos de forma sostenible. La gesti\u00f3n de nuestra cadena de suministro se basa en pol\u00edticas y principios de sostenibilidad propios, debidamente alineados con la legislaci\u00f3n vigente.<\/p>\n\n\n\n<p class=\"has-text-align-center\">Para ello, velamos activamente por nuestra r\u00e1pida adaptaci\u00f3n al marco regulatorio actual y desarrollamos nuevos m\u00e9todos de control que garanticen que nuestra cadena de suministro es segura y sostenible. Nos apoyamos en la tecnolog\u00eda y desarrollamos herramientas que mejoran nuestro control de calidad, al tiempo que mejoran la experiencia laboral de nuestra comunidad.<\/p>\n\n\n\n<div class=\"wp-container-11 is-horizontal is-content-justification-center wp-block-buttons\">\n<div class=\"wp-block-button\"><a class=\"wp-block-button__link\" href=\"https:\/\/iberiabioenergy.com\/wp-content\/uploads\/SUSTAINABILITY-POLICY-Iberia-Bioenergy.pdf\" target=\"_blank\" rel=\"noreferrer noopener\">Descarga nuestra pol\u00edtica de sostenibilidad<\/a><\/div>\n<\/div>\n<\/div>\n\n\n\n<div class=\"wp-container-13 wp-block-column\" style=\"flex-basis:25%\"><\/div>\n<\/div>\n","protected":false},"excerpt":{"rendered":"<p>Nuestros principios Todas nuestras acciones son seguras para nosotros y los que est\u00e1n a nuestro alrededor, proveedores, clientes y por supuesto, para el medio ambiente. Realizamos negocios de manera responsable&#8230;<\/p>\n","protected":false},"author":1,"featured_media":4885,"parent":5146,"menu_order":3,"comment_status":"closed","ping_status":"closed","template":"","meta":[],"acf":[],"yoast_head":"<!-- This site is optimized with the Yoast SEO plugin v19.5.1 - https:\/\/yoast.com\/wordpress\/plugins\/seo\/ -->\n<title>Pol\u00edtica de Sostenibilidad - Iberia Bioenergy<\/title>\n<meta name=\"robots\" content=\"index, follow, max-snippet:-1, max-image-preview:large, max-video-preview:-1\" \/>\n<link rel=\"canonical\" href=\"https:\/\/iberiabioenergy.com\/es\/sostenibilidad\/politica-de-sostenibilidad\/\" \/>\n<meta property=\"og:locale\" content=\"es_ES\" \/>\n<meta property=\"og:type\" content=\"article\" \/>\n<meta property=\"og:title\" content=\"Pol\u00edtica de Sostenibilidad - Iberia Bioenergy\" \/>\n<meta property=\"og:description\" content=\"Nuestros principios Todas nuestras acciones son seguras para nosotros y los que est\u00e1n a nuestro alrededor, proveedores, clientes y por supuesto, para el medio ambiente. Realizamos negocios de manera responsable...\" \/>\n<meta property=\"og:url\" content=\"https:\/\/iberiabioenergy.com\/es\/sostenibilidad\/politica-de-sostenibilidad\/\" \/>\n<meta property=\"og:site_name\" content=\"Iberia Bioenergy\" \/>\n<meta property=\"og:image\" content=\"https:\/\/iberiabioenergy.com\/wp-content\/uploads\/sustainability-policy-header.jpg\" \/>\n\t<meta property=\"og:image:width\" content=\"1000\" \/>\n\t<meta property=\"og:image:height\" content=\"662\" \/>\n\t<meta property=\"og:image:type\" content=\"image\/jpeg\" \/>\n<meta name=\"twitter:card\" content=\"summary\" \/>\n<meta name=\"twitter:label1\" content=\"Tiempo de lectura\" \/>\n\t<meta name=\"twitter:data1\" content=\"1 minuto\" \/>\n<script type=\"application\/ld+json\" class=\"yoast-schema-graph\">{\"@context\":\"https:\/\/schema.org\",\"@graph\":[{\"@type\":\"WebPage\",\"@id\":\"https:\/\/iberiabioenergy.com\/es\/sostenibilidad\/politica-de-sostenibilidad\/\",\"url\":\"https:\/\/iberiabioenergy.com\/es\/sostenibilidad\/politica-de-sostenibilidad\/\",\"name\":\"Pol\u00edtica de Sostenibilidad - Iberia Bioenergy\",\"isPartOf\":{\"@id\":\"https:\/\/iberiabioenergy.com\/#website\"},\"datePublished\":\"2023-02-23T11:36:43+00:00\",\"dateModified\":\"2023-02-23T11:36:43+00:00\",\"breadcrumb\":{\"@id\":\"https:\/\/iberiabioenergy.com\/es\/sostenibilidad\/politica-de-sostenibilidad\/#breadcrumb\"},\"inLanguage\":\"es\",\"potentialAction\":[{\"@type\":\"ReadAction\",\"target\":[\"https:\/\/iberiabioenergy.com\/es\/sostenibilidad\/politica-de-sostenibilidad\/\"]}]},{\"@type\":\"BreadcrumbList\",\"@id\":\"https:\/\/iberiabioenergy.com\/es\/sostenibilidad\/politica-de-sostenibilidad\/#breadcrumb\",\"itemListElement\":[{\"@type\":\"ListItem\",\"position\":1,\"name\":\"Sostenibilidad\",\"item\":\"https:\/\/iberiabioenergy.com\/es\/sostenibilidad\/\"},{\"@type\":\"ListItem\",\"position\":2,\"name\":\"Pol\u00edtica de Sostenibilidad\"}]},{\"@type\":\"WebSite\",\"@id\":\"https:\/\/iberiabioenergy.com\/#website\",\"url\":\"https:\/\/iberiabioenergy.com\/\",\"name\":\"Iberia Bioenergy\",\"description\":\"Developing a circular economy toward a sustainable future.\",\"potentialAction\":[{\"@type\":\"SearchAction\",\"target\":{\"@type\":\"EntryPoint\",\"urlTemplate\":\"https:\/\/iberiabioenergy.com\/?s={search_term_string}\"},\"query-input\":\"required name=search_term_string\"}],\"inLanguage\":\"es\"}]}<\/script>\n<!-- \/ Yoast SEO plugin. -->","yoast_head_json":{"title":"Pol\u00edtica de Sostenibilidad - Iberia Bioenergy","robots":{"index":"index","follow":"follow","max-snippet":"max-snippet:-1","max-image-preview":"max-image-preview:large","max-video-preview":"max-video-preview:-1"},"canonical":"https:\/\/iberiabioenergy.com\/es\/sostenibilidad\/politica-de-sostenibilidad\/","og_locale":"es_ES","og_type":"article","og_title":"Pol\u00edtica de Sostenibilidad - Iberia Bioenergy","og_description":"Nuestros principios Todas nuestras acciones son seguras para nosotros y los que est\u00e1n a nuestro alrededor, proveedores, clientes y por supuesto, para el medio ambiente. Realizamos negocios de manera responsable...","og_url":"https:\/\/iberiabioenergy.com\/es\/sostenibilidad\/politica-de-sostenibilidad\/","og_site_name":"Iberia Bioenergy","og_image":[{"width":1000,"height":662,"url":"https:\/\/iberiabioenergy.com\/wp-content\/uploads\/sustainability-policy-header.jpg","type":"image\/jpeg"}],"twitter_card":"summary","twitter_misc":{"Tiempo de lectura":"1 minuto"},"schema":{"@context":"https:\/\/schema.org","@graph":[{"@type":"WebPage","@id":"https:\/\/iberiabioenergy.com\/es\/sostenibilidad\/politica-de-sostenibilidad\/","url":"https:\/\/iberiabioenergy.com\/es\/sostenibilidad\/politica-de-sostenibilidad\/","name":"Pol\u00edtica de Sostenibilidad - Iberia Bioenergy","isPartOf":{"@id":"https:\/\/iberiabioenergy.com\/#website"},"datePublished":"2023-02-23T11:36:43+00:00","dateModified":"2023-02-23T11:36:43+00:00","breadcrumb":{"@id":"https:\/\/iberiabioenergy.com\/es\/sostenibilidad\/politica-de-sostenibilidad\/#breadcrumb"},"inLanguage":"es","potentialAction":[{"@type":"ReadAction","target":["https:\/\/iberiabioenergy.com\/es\/sostenibilidad\/politica-de-sostenibilidad\/"]}]},{"@type":"BreadcrumbList","@id":"https:\/\/iberiabioenergy.com\/es\/sostenibilidad\/politica-de-sostenibilidad\/#breadcrumb","itemListElement":[{"@type":"ListItem","position":1,"name":"Sostenibilidad","item":"https:\/\/iberiabioenergy.com\/es\/sostenibilidad\/"},{"@type":"ListItem","position":2,"name":"Pol\u00edtica de Sostenibilidad"}]},{"@type":"WebSite","@id":"https:\/\/iberiabioenergy.com\/#website","url":"https:\/\/iberiabioenergy.com\/","name":"Iberia Bioenergy","description":"Developing a circular economy toward a sustainable future.","potentialAction":[{"@type":"SearchAction","target":{"@type":"EntryPoint","urlTemplate":"https:\/\/iberiabioenergy.com\/?s={search_term_string}"},"query-input":"required name=search_term_string"}],"inLanguage":"es"}]}},"_links":{"self":[{"href":"https:\/\/iberiabioenergy.com\/es\/wp-json\/wp\/v2\/pages\/5148"}],"collection":[{"href":"https:\/\/iberiabioenergy.com\/es\/wp-json\/wp\/v2\/pages"}],"about":[{"href":"https:\/\/iberiabioenergy.com\/es\/wp-json\/wp\/v2\/types\/page"}],"author":[{"embeddable":true,"href":"https:\/\/iberiabioenergy.com\/es\/wp-json\/wp\/v2\/users\/1"}],"replies":[{"embeddable":true,"href":"https:\/\/iberiabioenergy.com\/es\/wp-json\/wp\/v2\/comments?post=5148"}],"version-history":[{"count":1,"href":"https:\/\/iberiabioenergy.com\/es\/wp-json\/wp\/v2\/pages\/5148\/revisions"}],"predecessor-version":[{"id":5149,"href":"https:\/\/iberiabioenergy.com\/es\/wp-json\/wp\/v2\/pages\/5148\/revisions\/5149"}],"up":[{"embeddable":true,"href":"https:\/\/iberiabioenergy.com\/es\/wp-json\/wp\/v2\/pages\/5146"}],"wp:featuredmedia":[{"embeddable":true,"href":"https:\/\/iberiabioenergy.com\/es\/wp-json\/wp\/v2\/media\/4885"}],"wp:attachment":[{"href":"https:\/\/iberiabioenergy.com\/es\/wp-json\/wp\/v2\/media?parent=5148"}],"curies":[{"name":"wp","href":"https:\/\/api.w.org\/{rel}","templated":true}]}}