{"id":5150,"date":"2023-02-23T12:39:06","date_gmt":"2023-02-23T11:39:06","guid":{"rendered":"https:\/\/iberiabioenergy.com\/sostenibilidad\/sostenibilidad-de-biocombustibles\/"},"modified":"2023-02-23T12:39:07","modified_gmt":"2023-02-23T11:39:07","slug":"sostenibilidad-de-biocombustibles","status":"publish","type":"page","link":"https:\/\/iberiabioenergy.com\/es\/sostenibilidad\/sostenibilidad-de-biocombustibles\/","title":{"rendered":"Sostenibilidad de biocombustibles"},"content":{"rendered":"\n<section id=\"cabecera-listado-block_615168083862d\" class=\"cabecera-listado hero row\">\n\n\n    <div class=\"overlay\">\n        <div class=\"container\">\n            <div class=\"row\">\n\n                <div class=\"col-12 col-md-9\">\n\n                    <div class=\"contenido-principal\">\n                        <h1 class=\"h1\">Sostenibilidad de biocombustibles<\/h1>\n                                            <\/div>\n                <\/div>\n            <\/div>\n        <\/div>\n                    <div class=\"wrapper-video\">\n                <video class=\"thevideo\" loop autoplay muted>\n                    <source src=\"https:\/\/iberiabioenergy.com\/wp-content\/uploads\/liquidbiofuels.mp4\" type=\"video\/mp4\">\n                    <source src=\"https:\/\/iberiabioenergy.com\/wp-content\/uploads\/Biofuels.webm\" type=\"video\/webm\">\n                <\/video>\n\n            <\/div>\n\n            <\/div>\n\n<\/section>\n<section class=\"subtitle subtitulo-verde\">\n    <div class=\"container\">\n        <div class=\"col-12 col-md-8\">\n                            <p>Conocer el origen de nuestro producto es un requisito b\u00e1sico. Iberia Bioenergy asegura la sostenibilidad de sus biocombustibles renovables y materias primas a lo largo de toda la cadena de suministro. Ponemos en pr\u00e1ctica nuestro compromiso a trav\u00e9s de la participaci\u00f3n en varios esquemas de certificaci\u00f3n independientes.<\/p>\n                    <\/div>\n    <\/div>\n<\/section>\n<div class=\"wp-container-4 wp-block-columns\">\n<div class=\"wp-container-1 wp-block-column\" style=\"flex-basis:25%\"><\/div>\n\n\n\n<div class=\"wp-container-2 wp-block-column\" style=\"flex-basis:50%\"><div class=\"wp-block-image\">\n<figure class=\"aligncenter size-full\"><img loading=\"lazy\" width=\"90\" height=\"90\" src=\"https:\/\/iberiabioenergy.com\/wp-content\/uploads\/ico_01.png\" alt=\"\" class=\"wp-image-3519\"\/><\/figure><\/div>\n\n\n<h2 class=\"has-text-align-center\">En un escenario en constante cambio y en unas circunstancias que exigen una actuaci\u00f3n r\u00e1pida y eficaz para proteger el medio ambiente, en Iberia Bioenergy nos esforzamos para estar a la altura, abogando por el desarrollo de <strong>una econom\u00eda circular y el desarrollo sostenible de nuestra sociedad.<\/strong><\/h2>\n\n\n\n<p class=\"has-text-align-center\">Trabajamos con rigurosidad en el cumplimiento de los marcos legislativos internacionales vigentes y en consonancia con s\u00f3lidos esquemas de sostenibilidad para ofrecer los mejores servicios manteniendo una cadena de custodia transparente y sostenible.<\/p>\n<\/div>\n\n\n\n<div class=\"wp-container-3 wp-block-column\" style=\"flex-basis:25%\"><\/div>\n<\/div>\n\n<div class=\"wp-block-media-text alignwide is-stacked-on-mobile\"><figure class=\"wp-block-media-text__media\"><img loading=\"lazy\" width=\"750\" height=\"750\" src=\"https:\/\/iberiabioenergy.com\/wp-content\/uploads\/img-square-commitment-03.jpg\" alt=\"\" class=\"wp-image-4615 size-full\" srcset=\"https:\/\/iberiabioenergy.com\/wp-content\/uploads\/img-square-commitment-03.jpg 750w, https:\/\/iberiabioenergy.com\/wp-content\/uploads\/img-square-commitment-03-250x250.jpg 250w, https:\/\/iberiabioenergy.com\/wp-content\/uploads\/img-square-commitment-03-150x150.jpg 150w, https:\/\/iberiabioenergy.com\/wp-content\/uploads\/img-square-commitment-03-500x500.jpg 500w, https:\/\/iberiabioenergy.com\/wp-content\/uploads\/img-square-commitment-03-395x395.jpg 395w, https:\/\/iberiabioenergy.com\/wp-content\/uploads\/img-square-commitment-03-290x290.jpg 290w, https:\/\/iberiabioenergy.com\/wp-content\/uploads\/img-square-commitment-03-120x120.jpg 120w\" sizes=\"(max-width: 750px) 100vw, 750px\" \/><\/figure><div class=\"wp-block-media-text__content\">\n<h3><strong>Nuestro compromiso<\/strong> se materializa en el estricto cumplimiento de las certificaciones de sostenibilidad internacionales e independientes, as\u00ed como de la normativa nacional.<\/h3>\n\n\n\n<ul><li><strong>ISCC EU<\/strong> es un sistema de certificaci\u00f3n que avala el cumplimiento de los requisitos legales de sostenibilidad especificados en la Directiva de Energ\u00eda Renovable (RED) de la Comisi\u00f3n Europea y la Directiva de Calidad del Combustible (FQD)<\/li><li>En Iberia Bioenergy, prestamos mucha atenci\u00f3n a los mercados nacionales y sus regulaciones y somos capaces de proporcionar servicios y materias primas de conformidad con los est\u00e1ndares del Esquema <strong>Nacional Italiano, Nabisy, RFS, CORSIA y LCFS, entre otros.<\/strong><\/li><\/ul>\n<\/div><\/div>\n\n<div class=\"wp-container-9 wp-block-group\"><div class=\"wp-block-group__inner-container\">\n<div class=\"wp-container-8 wp-block-columns\">\n<div class=\"wp-container-5 wp-block-column\">\n<h3><strong>Estas Certificaciones contribuyen a la implementaci\u00f3n de la producci\u00f3n<\/strong> y el uso ambiental, social y econ\u00f3micamente sostenible de desechos, residuos, biomasa y productos finales en las cadenas de suministro globales.<\/h3>\n\n\n\n<p>Identificar y comprometerse con socios responsables es crucial para garantizar una cadena de suministro sostenible, porque la sostenibilidad comienza mucho antes de que se cierren acuerdos contractuales o de que se suministre cualquier materia prima o biocombustible.<\/p>\n<\/div>\n\n\n\n<div class=\"wp-container-7 wp-block-column\">\n<p>Nuestra presencia, experiencia y pr\u00e1cticas a nivel mundial nos permiten garantizar la sostenibilidad desde el origen a lo largo de toda la cadena de suministro.<\/p>\n\n\n\n<div class=\"wp-container-6 wp-block-buttons\">\n<div class=\"wp-block-button\"><a class=\"wp-block-button__link\" href=\"https:\/\/iberiabioenergy.com\/wp-content\/uploads\/ISCC-EU-IBERIA-BIOENERGY-SLU.pdf\" target=\"_blank\" rel=\"noreferrer noopener\">ISCC UE <\/a><\/div>\n\n\n\n<div class=\"wp-block-button\"><a class=\"wp-block-button__link\" href=\"https:\/\/iberiabioenergy.com\/wp-content\/uploads\/ISCC-CORSIA-IBERIA-BIOENERGY-AMERICA-2022.pdf\" target=\"_blank\" rel=\"noreferrer noopener\">ISCC CORSIA <\/a><\/div>\n\n\n\n<div class=\"wp-block-button\"><a class=\"wp-block-button__link\" href=\"https:\/\/iberiabioenergy.com\/wp-content\/uploads\/ITALIAN-NATIONAL-SCHEME-IBERIA-BIOENERGY-SLU-2022.pdf\" target=\"_blank\" rel=\"noreferrer noopener\">Esquema Nacional Italiano <\/a><\/div>\n<\/div>\n<\/div>\n<\/div>\n<\/div><\/div>\n","protected":false},"excerpt":{"rendered":"<p>En un escenario en constante cambio y en unas circunstancias que exigen una actuaci\u00f3n r\u00e1pida y eficaz para proteger el medio ambiente, en Iberia Bioenergy nos esforzamos para estar a&#8230;<\/p>\n","protected":false},"author":1,"featured_media":0,"parent":5146,"menu_order":1,"comment_status":"closed","ping_status":"closed","template":"","meta":[],"acf":[],"yoast_head":"<!-- This site is optimized with the Yoast SEO plugin v19.5.1 - https:\/\/yoast.com\/wordpress\/plugins\/seo\/ -->\n<title>Sostenibilidad de biocombustibles - Iberia Bioenergy<\/title>\n<meta name=\"robots\" content=\"index, follow, max-snippet:-1, max-image-preview:large, max-video-preview:-1\" \/>\n<link rel=\"canonical\" href=\"https:\/\/iberiabioenergy.com\/es\/sostenibilidad\/sostenibilidad-de-biocombustibles\/\" \/>\n<meta property=\"og:locale\" content=\"es_ES\" \/>\n<meta property=\"og:type\" content=\"article\" \/>\n<meta property=\"og:title\" content=\"Sostenibilidad de biocombustibles - Iberia Bioenergy\" \/>\n<meta property=\"og:description\" content=\"En un escenario en constante cambio y en unas circunstancias que exigen una actuaci\u00f3n r\u00e1pida y eficaz para proteger el medio ambiente, en Iberia Bioenergy nos esforzamos para estar a...\" \/>\n<meta property=\"og:url\" content=\"https:\/\/iberiabioenergy.com\/es\/sostenibilidad\/sostenibilidad-de-biocombustibles\/\" \/>\n<meta property=\"og:site_name\" content=\"Iberia Bioenergy\" \/>\n<meta property=\"article:modified_time\" content=\"2023-02-23T11:39:07+00:00\" \/>\n<meta property=\"og:image\" content=\"https:\/\/iberiabioenergy.com\/wp-content\/uploads\/ico_01.png\" \/>\n<meta name=\"twitter:card\" content=\"summary\" \/>\n<meta name=\"twitter:label1\" content=\"Tiempo de lectura\" \/>\n\t<meta name=\"twitter:data1\" content=\"1 minuto\" \/>\n<script type=\"application\/ld+json\" class=\"yoast-schema-graph\">{\"@context\":\"https:\/\/schema.org\",\"@graph\":[{\"@type\":\"WebPage\",\"@id\":\"https:\/\/iberiabioenergy.com\/es\/sostenibilidad\/sostenibilidad-de-biocombustibles\/\",\"url\":\"https:\/\/iberiabioenergy.com\/es\/sostenibilidad\/sostenibilidad-de-biocombustibles\/\",\"name\":\"Sostenibilidad de biocombustibles - Iberia Bioenergy\",\"isPartOf\":{\"@id\":\"https:\/\/iberiabioenergy.com\/#website\"},\"datePublished\":\"2023-02-23T11:39:06+00:00\",\"dateModified\":\"2023-02-23T11:39:07+00:00\",\"breadcrumb\":{\"@id\":\"https:\/\/iberiabioenergy.com\/es\/sostenibilidad\/sostenibilidad-de-biocombustibles\/#breadcrumb\"},\"inLanguage\":\"es\",\"potentialAction\":[{\"@type\":\"ReadAction\",\"target\":[\"https:\/\/iberiabioenergy.com\/es\/sostenibilidad\/sostenibilidad-de-biocombustibles\/\"]}]},{\"@type\":\"BreadcrumbList\",\"@id\":\"https:\/\/iberiabioenergy.com\/es\/sostenibilidad\/sostenibilidad-de-biocombustibles\/#breadcrumb\",\"itemListElement\":[{\"@type\":\"ListItem\",\"position\":1,\"name\":\"Sostenibilidad\",\"item\":\"https:\/\/iberiabioenergy.com\/es\/sostenibilidad\/\"},{\"@type\":\"ListItem\",\"position\":2,\"name\":\"Sostenibilidad de biocombustibles\"}]},{\"@type\":\"WebSite\",\"@id\":\"https:\/\/iberiabioenergy.com\/#website\",\"url\":\"https:\/\/iberiabioenergy.com\/\",\"name\":\"Iberia Bioenergy\",\"description\":\"Developing a circular economy toward a sustainable future.\",\"potentialAction\":[{\"@type\":\"SearchAction\",\"target\":{\"@type\":\"EntryPoint\",\"urlTemplate\":\"https:\/\/iberiabioenergy.com\/?s={search_term_string}\"},\"query-input\":\"required name=search_term_string\"}],\"inLanguage\":\"es\"}]}<\/script>\n<!-- \/ Yoast SEO plugin. -->","yoast_head_json":{"title":"Sostenibilidad de biocombustibles - Iberia Bioenergy","robots":{"index":"index","follow":"follow","max-snippet":"max-snippet:-1","max-image-preview":"max-image-preview:large","max-video-preview":"max-video-preview:-1"},"canonical":"https:\/\/iberiabioenergy.com\/es\/sostenibilidad\/sostenibilidad-de-biocombustibles\/","og_locale":"es_ES","og_type":"article","og_title":"Sostenibilidad de biocombustibles - Iberia Bioenergy","og_description":"En un escenario en constante cambio y en unas circunstancias que exigen una actuaci\u00f3n r\u00e1pida y eficaz para proteger el medio ambiente, en Iberia Bioenergy nos esforzamos para estar a...","og_url":"https:\/\/iberiabioenergy.com\/es\/sostenibilidad\/sostenibilidad-de-biocombustibles\/","og_site_name":"Iberia Bioenergy","article_modified_time":"2023-02-23T11:39:07+00:00","og_image":[{"url":"https:\/\/iberiabioenergy.com\/wp-content\/uploads\/ico_01.png"}],"twitter_card":"summary","twitter_misc":{"Tiempo de lectura":"1 minuto"},"schema":{"@context":"https:\/\/schema.org","@graph":[{"@type":"WebPage","@id":"https:\/\/iberiabioenergy.com\/es\/sostenibilidad\/sostenibilidad-de-biocombustibles\/","url":"https:\/\/iberiabioenergy.com\/es\/sostenibilidad\/sostenibilidad-de-biocombustibles\/","name":"Sostenibilidad de biocombustibles - Iberia Bioenergy","isPartOf":{"@id":"https:\/\/iberiabioenergy.com\/#website"},"datePublished":"2023-02-23T11:39:06+00:00","dateModified":"2023-02-23T11:39:07+00:00","breadcrumb":{"@id":"https:\/\/iberiabioenergy.com\/es\/sostenibilidad\/sostenibilidad-de-biocombustibles\/#breadcrumb"},"inLanguage":"es","potentialAction":[{"@type":"ReadAction","target":["https:\/\/iberiabioenergy.com\/es\/sostenibilidad\/sostenibilidad-de-biocombustibles\/"]}]},{"@type":"BreadcrumbList","@id":"https:\/\/iberiabioenergy.com\/es\/sostenibilidad\/sostenibilidad-de-biocombustibles\/#breadcrumb","itemListElement":[{"@type":"ListItem","position":1,"name":"Sostenibilidad","item":"https:\/\/iberiabioenergy.com\/es\/sostenibilidad\/"},{"@type":"ListItem","position":2,"name":"Sostenibilidad de biocombustibles"}]},{"@type":"WebSite","@id":"https:\/\/iberiabioenergy.com\/#website","url":"https:\/\/iberiabioenergy.com\/","name":"Iberia Bioenergy","description":"Developing a circular economy toward a sustainable future.","potentialAction":[{"@type":"SearchAction","target":{"@type":"EntryPoint","urlTemplate":"https:\/\/iberiabioenergy.com\/?s={search_term_string}"},"query-input":"required name=search_term_string"}],"inLanguage":"es"}]}},"_links":{"self":[{"href":"https:\/\/iberiabioenergy.com\/es\/wp-json\/wp\/v2\/pages\/5150"}],"collection":[{"href":"https:\/\/iberiabioenergy.com\/es\/wp-json\/wp\/v2\/pages"}],"about":[{"href":"https:\/\/iberiabioenergy.com\/es\/wp-json\/wp\/v2\/types\/page"}],"author":[{"embeddable":true,"href":"https:\/\/iberiabioenergy.com\/es\/wp-json\/wp\/v2\/users\/1"}],"replies":[{"embeddable":true,"href":"https:\/\/iberiabioenergy.com\/es\/wp-json\/wp\/v2\/comments?post=5150"}],"version-history":[{"count":1,"href":"https:\/\/iberiabioenergy.com\/es\/wp-json\/wp\/v2\/pages\/5150\/revisions"}],"predecessor-version":[{"id":5151,"href":"https:\/\/iberiabioenergy.com\/es\/wp-json\/wp\/v2\/pages\/5150\/revisions\/5151"}],"up":[{"embeddable":true,"href":"https:\/\/iberiabioenergy.com\/es\/wp-json\/wp\/v2\/pages\/5146"}],"wp:attachment":[{"href":"https:\/\/iberiabioenergy.com\/es\/wp-json\/wp\/v2\/media?parent=5150"}],"curies":[{"name":"wp","href":"https:\/\/api.w.org\/{rel}","templated":true}]}}