{"id":5152,"date":"2023-02-23T12:42:33","date_gmt":"2023-02-23T11:42:33","guid":{"rendered":"https:\/\/iberiabioenergy.com\/sostenibilidad\/gestion-forestal-y-cdc\/"},"modified":"2023-02-23T12:42:34","modified_gmt":"2023-02-23T11:42:34","slug":"gestion-forestal-y-cdc","status":"publish","type":"page","link":"https:\/\/iberiabioenergy.com\/es\/sostenibilidad\/gestion-forestal-y-cdc\/","title":{"rendered":"Gesti\u00f3n Forestal y CdC"},"content":{"rendered":"\n<section id=\"cabecera-listado-block_6151727d813dc\" class=\"cabecera-listado hero row\">\n\n\n    <div class=\"overlay\">\n        <div class=\"container\">\n            <div class=\"row\">\n\n                <div class=\"col-12 col-md-9\">\n\n                    <div class=\"contenido-principal\">\n                        <h1 class=\"h1\">Gesti\u00f3n Forestal y CdC<\/h1>\n                                                    <p>Originamos y comercializamos recursos forestales con total responsabilidad ambiental y de forma sostenible.<\/p>\n                                            <\/div>\n                <\/div>\n            <\/div>\n        <\/div>\n                    <div class=\"wrapper-video\">\n                <video class=\"thevideo\" loop autoplay muted>\n                    <source src=\"https:\/\/iberiabioenergy.com\/wp-content\/uploads\/forest_video_bg-Compressed-with-FlexClip.mp4\" type=\"video\/mp4\">\n                    <source src=\"\" type=\"video\/webm\">\n                <\/video>\n\n            <\/div>\n\n            <\/div>\n\n<\/section>\n<section class=\"subtitle subtitulo-verde\">\n    <div class=\"container\">\n        <div class=\"col-12 col-md-8\">\n                            <p>Estamos comprometidos con el abastecimiento y la gesti\u00f3n de nuestros recursos naturales de la manera m\u00e1s eficiente y responsable posible, asegurando pr\u00e1cticas sostenibles de gesti\u00f3n forestal y manteniendo procesos transparentes en toda la cadena de suministro.<\/p>\n                    <\/div>\n    <\/div>\n<\/section>\n<div class=\"wp-container-4 wp-block-columns\">\n<div class=\"wp-container-1 wp-block-column\" style=\"flex-basis:25%\"><\/div>\n\n\n\n<div class=\"wp-container-2 wp-block-column\" style=\"flex-basis:50%\"><div class=\"wp-block-image\">\n<figure class=\"aligncenter size-full\"><img loading=\"lazy\" width=\"90\" height=\"90\" src=\"https:\/\/iberiabioenergy.com\/wp-content\/uploads\/ico_02.png\" alt=\"\" class=\"wp-image-3520\"\/><\/figure><\/div>\n\n\n<h2 class=\"has-text-align-center\"><strong>Las pr\u00e1cticas de cadena de custodia de Iberia Bioenergy comprenden un exhaustivo sistema de seguimiento<\/strong> y gesti\u00f3n de riesgos que asegura la trazabilidad a lo largo de la cadena de suministro rastreando materiales certificados y sostenibles a lo largo de todo el proceso.<\/h2>\n\n\n\n<p class=\"has-text-align-center\"><strong>Trabajamos en estrecha colaboraci\u00f3n con nuestros proveedores para lograr los mejores est\u00e1ndares de sostenibilidad desde el origen.<\/strong> Ponemos todo nuestro esfuerzo para asegurar buenas pr\u00e1cticas de gesti\u00f3n desde el origen y el abastecimiento de las materias primas hasta la entrega.<\/p>\n<\/div>\n\n\n\n<div class=\"wp-container-3 wp-block-column\" style=\"flex-basis:25%\"><\/div>\n<\/div>\n\n<div class=\"wp-block-media-text alignwide is-stacked-on-mobile is-vertically-aligned-center\"><figure class=\"wp-block-media-text__media\"><img loading=\"lazy\" width=\"750\" height=\"750\" src=\"https:\/\/iberiabioenergy.com\/wp-content\/uploads\/img-square-forest-03-750x750.jpg\" alt=\"\" class=\"wp-image-3884 size-full\" srcset=\"https:\/\/iberiabioenergy.com\/wp-content\/uploads\/img-square-forest-03-750x750.jpg 750w, https:\/\/iberiabioenergy.com\/wp-content\/uploads\/img-square-forest-03-250x250.jpg 250w, https:\/\/iberiabioenergy.com\/wp-content\/uploads\/img-square-forest-03-150x150.jpg 150w, https:\/\/iberiabioenergy.com\/wp-content\/uploads\/img-square-forest-03-768x768.jpg 768w, https:\/\/iberiabioenergy.com\/wp-content\/uploads\/img-square-forest-03-1170x1170.jpg 1170w, https:\/\/iberiabioenergy.com\/wp-content\/uploads\/img-square-forest-03-970x970.jpg 970w, https:\/\/iberiabioenergy.com\/wp-content\/uploads\/img-square-forest-03-500x500.jpg 500w, https:\/\/iberiabioenergy.com\/wp-content\/uploads\/img-square-forest-03-395x395.jpg 395w, https:\/\/iberiabioenergy.com\/wp-content\/uploads\/img-square-forest-03-290x290.jpg 290w, https:\/\/iberiabioenergy.com\/wp-content\/uploads\/img-square-forest-03-120x120.jpg 120w, https:\/\/iberiabioenergy.com\/wp-content\/uploads\/img-square-forest-03.jpg 1280w\" sizes=\"(max-width: 750px) 100vw, 750px\" \/><\/figure><div class=\"wp-block-media-text__content\">\n<h3><strong>Ponemos nuestro compromiso en acci\u00f3n a trav\u00e9s de la participaci\u00f3n voluntaria en dos esquemas de certificaci\u00f3n de Cadena de Custodia forestal l\u00edderes en la industria<\/strong><\/h3>\n\n\n\n<ul><li><strong>El Consejo de Administraci\u00f3n Forestal (FSC\u00ae)<\/strong><\/li><li><strong>El Programa para el Aval de la Certificaci\u00f3n Forestal (PEFC&#x2122;)<\/strong><\/li><\/ul>\n<\/div><\/div>\n\n<div class=\"wp-container-10 wp-block-group has-background\" style=\"background-color:#ebf4f3\"><div class=\"wp-block-group__inner-container\">\n<div class=\"wp-container-9 wp-block-columns\">\n<div class=\"wp-container-6 wp-block-column\">\n<h4 class=\"has-text-align-left\"><strong>Estar en conformidad con los principales esquemas de certificaci\u00f3n,<\/strong> significa, adem\u00e1s de obtener un enfoque garantizado por terceros, <strong>poder garantizar la sostenibilidad en cada etapa del proceso desde el aprovechamiento a la transformaci\u00f3n incluyendo el trasporte y el almacenamiento, es decir, desde el bosque hasta el usuario final.<\/strong><\/h4>\n\n\n\n<div class=\"wp-container-5 wp-block-buttons\">\n<div class=\"wp-block-button\"><a class=\"wp-block-button__link\" href=\"https:\/\/iberiabioenergy.com\/wp-content\/uploads\/FSC-IBERIA-BIOENERGY-SLU.pdf\" target=\"_blank\" rel=\"noreferrer noopener\">Certificado FSC CoC de Iberia Bioenerg\u00eda<\/a><\/div>\n\n\n\n<div class=\"wp-block-button\"><a class=\"wp-block-button__link\" href=\"https:\/\/iberiabioenergy.com\/wp-content\/uploads\/PEFC-IBERIA-BIOENERGY-SLU.pdf\" target=\"_blank\" rel=\"noreferrer noopener\">Certificado PEFC CoC de Iberia Bioenerg\u00eda<\/a><\/div>\n<\/div>\n<\/div>\n\n\n\n<div class=\"wp-container-7 wp-block-column\">\n<h3><strong>Nuestro objetivo<\/strong><\/h3>\n\n\n\n<p>Iberia Bioenergy se adapta a la legislaci\u00f3n emergente a nivel mundial para frenar el comercio de madera aprovechada ilegalmente. <\/p>\n\n\n\n<p>Nos asociamos con participantes de la cadena de suministro que est\u00e1n dispuestos a adoptar nuestros principios de sostenibilidad.<\/p>\n<\/div>\n\n\n\n<div class=\"wp-container-8 wp-block-column\">\n<h3><strong>Nuestras acciones<\/strong><\/h3>\n\n\n\n<ul><li><strong>Sistema de Diligencia Debida:<\/strong> realizamos la evaluaci\u00f3n de la cadena de suministro antes de comercializar cualquier materia prima.<\/li><li><strong>Evaluaciones de riesgo:<\/strong> Las medidas preventivas son la clave para evitar que la madera de fuentes controvertidas forme parte de la cadena de suministro, manteniendo el riesgo en niveles m\u00ednimos.<\/li><li><strong>Trazabilidad:<\/strong> a trav\u00e9s de un sistema de gesti\u00f3n que asegura informaci\u00f3n accesible y precisa en cualquier punto de la cadena de suministro.<\/li><li><strong>Control de Calidad:<\/strong> a trav\u00e9s de un sistema orientado al detalle que nos ayuda a mantener altos est\u00e1ndares de calidad y seguridad desde el origen en adelante.<\/li><li><strong>Enfoque de verificaci\u00f3n de terceros:<\/strong> nuestro sistema est\u00e1 sujeto a la verificaci\u00f3n de terceros que garantizan la integridad y las buenas pr\u00e1cticas.<\/li><\/ul>\n<\/div>\n<\/div>\n<\/div><\/div>\n","protected":false},"excerpt":{"rendered":"<p>Las pr\u00e1cticas de cadena de custodia de Iberia Bioenergy comprenden un exhaustivo sistema de seguimiento y gesti\u00f3n de riesgos que asegura la trazabilidad a lo largo de la cadena de&#8230;<\/p>\n","protected":false},"author":1,"featured_media":0,"parent":5146,"menu_order":2,"comment_status":"closed","ping_status":"closed","template":"","meta":[],"acf":[],"yoast_head":"<!-- This site is optimized with the Yoast SEO plugin v19.5.1 - https:\/\/yoast.com\/wordpress\/plugins\/seo\/ -->\n<title>Gesti\u00f3n Forestal y CdC - Iberia Bioenergy<\/title>\n<meta name=\"robots\" content=\"index, follow, max-snippet:-1, max-image-preview:large, max-video-preview:-1\" \/>\n<link rel=\"canonical\" href=\"https:\/\/iberiabioenergy.com\/es\/sostenibilidad\/gestion-forestal-y-cdc\/\" \/>\n<meta property=\"og:locale\" content=\"es_ES\" \/>\n<meta property=\"og:type\" content=\"article\" \/>\n<meta property=\"og:title\" content=\"Gesti\u00f3n Forestal y CdC - Iberia Bioenergy\" \/>\n<meta property=\"og:description\" content=\"Las pr\u00e1cticas de cadena de custodia de Iberia Bioenergy comprenden un exhaustivo sistema de seguimiento y gesti\u00f3n de riesgos que asegura la trazabilidad a lo largo de la cadena de...\" \/>\n<meta property=\"og:url\" content=\"https:\/\/iberiabioenergy.com\/es\/sostenibilidad\/gestion-forestal-y-cdc\/\" \/>\n<meta property=\"og:site_name\" content=\"Iberia Bioenergy\" \/>\n<meta property=\"article:modified_time\" content=\"2023-02-23T11:42:34+00:00\" \/>\n<meta property=\"og:image\" content=\"https:\/\/iberiabioenergy.com\/wp-content\/uploads\/ico_02.png\" \/>\n<meta name=\"twitter:card\" content=\"summary\" \/>\n<meta name=\"twitter:label1\" content=\"Tiempo de lectura\" \/>\n\t<meta name=\"twitter:data1\" content=\"2 minutos\" \/>\n<script type=\"application\/ld+json\" class=\"yoast-schema-graph\">{\"@context\":\"https:\/\/schema.org\",\"@graph\":[{\"@type\":\"WebPage\",\"@id\":\"https:\/\/iberiabioenergy.com\/es\/sostenibilidad\/gestion-forestal-y-cdc\/\",\"url\":\"https:\/\/iberiabioenergy.com\/es\/sostenibilidad\/gestion-forestal-y-cdc\/\",\"name\":\"Gesti\u00f3n Forestal y CdC - Iberia Bioenergy\",\"isPartOf\":{\"@id\":\"https:\/\/iberiabioenergy.com\/#website\"},\"datePublished\":\"2023-02-23T11:42:33+00:00\",\"dateModified\":\"2023-02-23T11:42:34+00:00\",\"breadcrumb\":{\"@id\":\"https:\/\/iberiabioenergy.com\/es\/sostenibilidad\/gestion-forestal-y-cdc\/#breadcrumb\"},\"inLanguage\":\"es\",\"potentialAction\":[{\"@type\":\"ReadAction\",\"target\":[\"https:\/\/iberiabioenergy.com\/es\/sostenibilidad\/gestion-forestal-y-cdc\/\"]}]},{\"@type\":\"BreadcrumbList\",\"@id\":\"https:\/\/iberiabioenergy.com\/es\/sostenibilidad\/gestion-forestal-y-cdc\/#breadcrumb\",\"itemListElement\":[{\"@type\":\"ListItem\",\"position\":1,\"name\":\"Sostenibilidad\",\"item\":\"https:\/\/iberiabioenergy.com\/es\/sostenibilidad\/\"},{\"@type\":\"ListItem\",\"position\":2,\"name\":\"Gesti\u00f3n Forestal y CdC\"}]},{\"@type\":\"WebSite\",\"@id\":\"https:\/\/iberiabioenergy.com\/#website\",\"url\":\"https:\/\/iberiabioenergy.com\/\",\"name\":\"Iberia Bioenergy\",\"description\":\"Developing a circular economy toward a sustainable future.\",\"potentialAction\":[{\"@type\":\"SearchAction\",\"target\":{\"@type\":\"EntryPoint\",\"urlTemplate\":\"https:\/\/iberiabioenergy.com\/?s={search_term_string}\"},\"query-input\":\"required name=search_term_string\"}],\"inLanguage\":\"es\"}]}<\/script>\n<!-- \/ Yoast SEO plugin. -->","yoast_head_json":{"title":"Gesti\u00f3n Forestal y CdC - Iberia Bioenergy","robots":{"index":"index","follow":"follow","max-snippet":"max-snippet:-1","max-image-preview":"max-image-preview:large","max-video-preview":"max-video-preview:-1"},"canonical":"https:\/\/iberiabioenergy.com\/es\/sostenibilidad\/gestion-forestal-y-cdc\/","og_locale":"es_ES","og_type":"article","og_title":"Gesti\u00f3n Forestal y CdC - Iberia Bioenergy","og_description":"Las pr\u00e1cticas de cadena de custodia de Iberia Bioenergy comprenden un exhaustivo sistema de seguimiento y gesti\u00f3n de riesgos que asegura la trazabilidad a lo largo de la cadena de...","og_url":"https:\/\/iberiabioenergy.com\/es\/sostenibilidad\/gestion-forestal-y-cdc\/","og_site_name":"Iberia Bioenergy","article_modified_time":"2023-02-23T11:42:34+00:00","og_image":[{"url":"https:\/\/iberiabioenergy.com\/wp-content\/uploads\/ico_02.png"}],"twitter_card":"summary","twitter_misc":{"Tiempo de lectura":"2 minutos"},"schema":{"@context":"https:\/\/schema.org","@graph":[{"@type":"WebPage","@id":"https:\/\/iberiabioenergy.com\/es\/sostenibilidad\/gestion-forestal-y-cdc\/","url":"https:\/\/iberiabioenergy.com\/es\/sostenibilidad\/gestion-forestal-y-cdc\/","name":"Gesti\u00f3n Forestal y CdC - Iberia Bioenergy","isPartOf":{"@id":"https:\/\/iberiabioenergy.com\/#website"},"datePublished":"2023-02-23T11:42:33+00:00","dateModified":"2023-02-23T11:42:34+00:00","breadcrumb":{"@id":"https:\/\/iberiabioenergy.com\/es\/sostenibilidad\/gestion-forestal-y-cdc\/#breadcrumb"},"inLanguage":"es","potentialAction":[{"@type":"ReadAction","target":["https:\/\/iberiabioenergy.com\/es\/sostenibilidad\/gestion-forestal-y-cdc\/"]}]},{"@type":"BreadcrumbList","@id":"https:\/\/iberiabioenergy.com\/es\/sostenibilidad\/gestion-forestal-y-cdc\/#breadcrumb","itemListElement":[{"@type":"ListItem","position":1,"name":"Sostenibilidad","item":"https:\/\/iberiabioenergy.com\/es\/sostenibilidad\/"},{"@type":"ListItem","position":2,"name":"Gesti\u00f3n Forestal y CdC"}]},{"@type":"WebSite","@id":"https:\/\/iberiabioenergy.com\/#website","url":"https:\/\/iberiabioenergy.com\/","name":"Iberia Bioenergy","description":"Developing a circular economy toward a sustainable future.","potentialAction":[{"@type":"SearchAction","target":{"@type":"EntryPoint","urlTemplate":"https:\/\/iberiabioenergy.com\/?s={search_term_string}"},"query-input":"required name=search_term_string"}],"inLanguage":"es"}]}},"_links":{"self":[{"href":"https:\/\/iberiabioenergy.com\/es\/wp-json\/wp\/v2\/pages\/5152"}],"collection":[{"href":"https:\/\/iberiabioenergy.com\/es\/wp-json\/wp\/v2\/pages"}],"about":[{"href":"https:\/\/iberiabioenergy.com\/es\/wp-json\/wp\/v2\/types\/page"}],"author":[{"embeddable":true,"href":"https:\/\/iberiabioenergy.com\/es\/wp-json\/wp\/v2\/users\/1"}],"replies":[{"embeddable":true,"href":"https:\/\/iberiabioenergy.com\/es\/wp-json\/wp\/v2\/comments?post=5152"}],"version-history":[{"count":1,"href":"https:\/\/iberiabioenergy.com\/es\/wp-json\/wp\/v2\/pages\/5152\/revisions"}],"predecessor-version":[{"id":5153,"href":"https:\/\/iberiabioenergy.com\/es\/wp-json\/wp\/v2\/pages\/5152\/revisions\/5153"}],"up":[{"embeddable":true,"href":"https:\/\/iberiabioenergy.com\/es\/wp-json\/wp\/v2\/pages\/5146"}],"wp:attachment":[{"href":"https:\/\/iberiabioenergy.com\/es\/wp-json\/wp\/v2\/media?parent=5152"}],"curies":[{"name":"wp","href":"https:\/\/api.w.org\/{rel}","templated":true}]}}