{"id":5274,"date":"2023-04-19T13:51:48","date_gmt":"2023-04-19T11:51:48","guid":{"rendered":"https:\/\/iberiabioenergy.com\/privacy-policy\/"},"modified":"2023-04-19T15:55:34","modified_gmt":"2023-04-19T13:55:34","slug":"privacy-policy","status":"publish","type":"page","link":"https:\/\/iberiabioenergy.com\/es\/privacy-policy\/","title":{"rendered":"Privacy Policy"},"content":{"rendered":"\n<p><\/p>\n\n\n\n<p><\/p>\n\n\n\n<h1>Privacy Policy<\/h1>\n\n\n\n<p>Salvo que se se\u00f1ale lo contrario en cada caso, los datos que se recogen en los formularios de contacto son necesarios para poder prestar luna correcta atenci\u00f3n al visitante. El usuario o usuaria debe rellenar los formularios con datos verdaderos, exactos y completos, respondiendo de los da\u00f1os y perjuicios que puedan ocasionar en caso de cumplimentaci\u00f3n defectuosa, con datos falsos, inexactos, incompletos o no actualizados.<\/p>\n\n\n\n<p>Tenemos el compromiso de adoptar los niveles de seguridad de protecci\u00f3n de datos personales exigidos en la legislaci\u00f3n vigente, instalando al efecto las medidas t\u00e9cnicas y organizativas necesarias para evitar la p\u00e9rdida, mal uso, alteraci\u00f3n, acceso no autorizado y dem\u00e1s riesgos posibles. Nos comprometemos a cumplir con la obligaci\u00f3n de secreto respecto de los datos contenidos en los ficheros establecidos en la legislaci\u00f3n vigente.<\/p>\n\n\n\n<p>TITULARIDAD DEL SITIO WEB<\/p>\n\n\n\n<p>Dominio: <a href=\"https:\/\/web.archive.org\/web\/20220102141806\/http:\/\/www.iberiabioenergy.com\/\" target=\"_blank\" rel=\"noreferrer noopener\">www.iberiabioenergy.com<\/a><br>E-mail: <a href=\"https:\/\/web.archive.org\/web\/20220102141806\/mailto:info@iberiabioenergy.com\" target=\"_blank\" rel=\"noreferrer noopener\">info@iberiabioenergy.com<\/a><br>Titular: Iberia Bioenergy S.L.<br>C.I.F.: B19507128<br>Direcci\u00f3n: Calle Angel Ganivet n\u00ba 6 Oficina 5 18009 Granada<br>Tel\u00e9fono: 958 942367<\/p>\n\n\n\n<h3><\/h3>\n\n\n\n<h3>T\u00c9RMINOS Y CONDICIONES DE USO DEL LUGAR<\/h3>\n\n\n\n<p>Este es un sitio web que Iberia Bioenergy S.L. pone adisposici\u00f3n de todas las personas usuarias de Internet. Su objetivo es suministrar informaci\u00f3n a dichos usuarios\/as y dar a conocer as\u00ed nuestra<br>actividad. Todos los derechos est\u00e1n reservados. No est\u00e1 permitida la modificaci\u00f3n de la web ni de sus contenidos. No somos responsables del contenido, exactitud y actualizaci\u00f3n de la informaci\u00f3n que proviene de otras personas f\u00edsicas o jur\u00eddicas y que conste en el lugar web o a la que se remita a partir de enlaces u otros sistemas. No somos responsables del uso por terceras personas o entidades de la informaci\u00f3n contenida, si bien \u00e9stas tendr\u00e1n que atenerse a las advertencias que consten para determinados documentos y aplicativos. No garantizamos que la web y el servidor est\u00e9n libres de virus y no somos responsables de los da\u00f1os causados por el acceso al lugar web o por la imposibilidad de acceder al mismo. Nos reservamos el derecho a modificar y ampliar contenidos, informaciones, aplicativos, etc., de este lugar web en cualquier momento y sin previo aviso.<\/p>\n\n\n\n<p>Es nuestro inter\u00e9s que este lugar web funcione con la m\u00e1xima eficacia y cumpla la finalidad para la que ha sido creado y por ello lo mantenemos, poniendo todos los medios razonables para conseguirlo, pero no nos responsabilizamos de posibles disfunciones o anomal\u00edas en su funcionamiento. Podremos modificar los t\u00e9rminos y condiciones que aparecen en esta p\u00e1gina web y, por tanto, aconseja su consulta con una periodicidad razonable por si se producen cambios en los mismos. El uso de este lugar web implica la aceptaci\u00f3n de los t\u00e9rminos y condiciones contenidos en el mismo.<\/p>\n\n\n\n<p>Para cualquier aclaraci\u00f3n, informaci\u00f3n, sugerencia, queja, etc., pueden utilizar el formulario de contacto de esta web.<\/p>\n\n\n\n<h3>CONDICIONES GENERALES DE USO Y POL\u00cdTICA DE PROTECCI\u00d3N DE DATOS DE CAR\u00c1CTER PERSONAL<\/h3>\n\n\n\n<p>Por favor, lea atentamente estas condiciones de uso antes de utilizar este sitio web. La utilizaci\u00f3n del mismo supone que el usuario o usuaria reconoce impl\u00edcitamente que acepta las condiciones. Si no est\u00e1 de acuerdo con ellas o tiene alguna duda le rogamos que no se registre ni utilice este sitio web.<\/p>\n\n\n\n<h3>POL\u00cdTICA DE PROTECCI\u00d3N DE DATOS<\/h3>\n\n\n\n<p>Esta p\u00e1gina web tiene como prop\u00f3sito principal suministrar informaci\u00f3n a sus usuarios\/as y dar a conocer as\u00ed nuestra actividad. Asumimos las obligaciones legales en materia de protecci\u00f3n de datos de car\u00e1cter personal, especialmente en lo referido a:<\/p>\n\n\n\n<p>\u2013 La finalidad de la recogida de datos.<br>\u2013 Los destinatarios o destinatarias de la informaci\u00f3n.<br>\u2013 Las consecuencias de la obtenci\u00f3n de los datos o de la negativa suministrarlos.<\/p>\n\n\n\n<p>Es nuestro deseo que el usuario o usuaria cuente con la informaci\u00f3n adecuada para decidir de forma expresa, libre y voluntaria si desea facilitar sus datos en la forma que se requiere.<\/p>\n\n\n\n<p>Salvo que se se\u00f1ale lo contrario en cada caso, los datos que se recogen en los formularios de contacto son necesarios para poder prestar luna correcta atenci\u00f3n al visitante. El usuario o usuaria debe rellenar los formularios con datos verdaderos, exactos y completos, respondiendo de los da\u00f1os y perjuicios que puedan ocasionar en caso de cumplimentaci\u00f3n defectuosa, con datos falsos, inexactos, incompletos o no actualizados.<\/p>\n\n\n\n<p>Tenemos el compromiso de adoptar los niveles de seguridad de protecci\u00f3n de datos personales exigidos en la legislaci\u00f3n vigente, instalando al efecto las medidas t\u00e9cnicas y organizativas necesarias para evitar la p\u00e9rdida, mal uso, alteraci\u00f3n, acceso no autorizado y dem\u00e1s riesgos posibles. Nos comprometemos a cumplir con la obligaci\u00f3n de secreto respecto de los datos contenidos en los ficheros establecidos en la legislaci\u00f3n vigente.<\/p>\n\n\n\n<p>S\u00f3lo los responsables que necesitan acceder a los datos de los usuarios y usuarias para realizar su trabajo tienen acceso a los mismos.<\/p>\n\n\n\n<p>Cualquier persona que viole nuestras pol\u00edticas de protecci\u00f3n de datos y\/o de seguridad estar\u00e1 sujeto\/a a acciones disciplinarias.<\/p>\n\n\n\n<h3>ACEPTACI\u00d3N DE LAS PRESENTES CONDICIONES<\/h3>\n\n\n\n<p>Al utilizar esta web, asumimos que el usuario o usuaria ha le\u00eddo este documento cuidadosamente y que ha entendido y seguido sus consejos. En caso de que el usuario o usuaria no est\u00e9 de acuerdo con esta pol\u00edtica de protecci\u00f3n de datos o con los consejos que a trav\u00e9s de la misma se dan, por favor no utilice nuestra p\u00e1gina web. Nos reservamos el derecho a modificar la presente condici\u00f3n de uso cuando consideremos que es necesario. La continuidad por el usuario o usuaria en el uso de esta y de otras webs nuestas despu\u00e9s de haber introducido dichos cambios implicar\u00e1 la total aceptaci\u00f3n de los mismos.<\/p>\n","protected":false},"excerpt":{"rendered":"<p>Privacy Policy Salvo que se se\u00f1ale lo contrario en cada caso, los datos que se recogen en los formularios de contacto son necesarios para poder prestar luna correcta atenci\u00f3n al&#8230;<\/p>\n","protected":false},"author":1,"featured_media":0,"parent":0,"menu_order":24,"comment_status":"closed","ping_status":"closed","template":"","meta":[],"acf":[],"yoast_head":"<!-- This site is optimized with the Yoast SEO plugin v19.5.1 - https:\/\/yoast.com\/wordpress\/plugins\/seo\/ -->\n<title>Privacy Policy - Iberia Bioenergy<\/title>\n<meta name=\"robots\" content=\"noindex, nofollow\" \/>\n<meta property=\"og:locale\" content=\"es_ES\" \/>\n<meta property=\"og:type\" content=\"article\" \/>\n<meta property=\"og:title\" content=\"Privacy Policy - Iberia Bioenergy\" \/>\n<meta property=\"og:description\" content=\"Privacy Policy Salvo que se se\u00f1ale lo contrario en cada caso, los datos que se recogen en los formularios de contacto son necesarios para poder prestar luna correcta atenci\u00f3n al...\" \/>\n<meta property=\"og:url\" content=\"https:\/\/iberiabioenergy.com\/es\/privacy-policy\/\" \/>\n<meta property=\"og:site_name\" content=\"Iberia Bioenergy\" \/>\n<meta property=\"article:modified_time\" content=\"2023-04-19T13:55:34+00:00\" \/>\n<meta name=\"twitter:card\" content=\"summary\" \/>\n<meta name=\"twitter:label1\" content=\"Tiempo de lectura\" \/>\n\t<meta name=\"twitter:data1\" content=\"5 minutos\" \/>\n<script type=\"application\/ld+json\" class=\"yoast-schema-graph\">{\"@context\":\"https:\/\/schema.org\",\"@graph\":[{\"@type\":\"WebPage\",\"@id\":\"https:\/\/iberiabioenergy.com\/es\/privacy-policy\/\",\"url\":\"https:\/\/iberiabioenergy.com\/es\/privacy-policy\/\",\"name\":\"Privacy Policy - Iberia Bioenergy\",\"isPartOf\":{\"@id\":\"https:\/\/iberiabioenergy.com\/#website\"},\"datePublished\":\"2023-04-19T11:51:48+00:00\",\"dateModified\":\"2023-04-19T13:55:34+00:00\",\"breadcrumb\":{\"@id\":\"https:\/\/iberiabioenergy.com\/es\/privacy-policy\/#breadcrumb\"},\"inLanguage\":\"es\",\"potentialAction\":[{\"@type\":\"ReadAction\",\"target\":[\"https:\/\/iberiabioenergy.com\/es\/privacy-policy\/\"]}]},{\"@type\":\"BreadcrumbList\",\"@id\":\"https:\/\/iberiabioenergy.com\/es\/privacy-policy\/#breadcrumb\",\"itemListElement\":[{\"@type\":\"ListItem\",\"position\":1,\"name\":\"Privacy Policy\"}]},{\"@type\":\"WebSite\",\"@id\":\"https:\/\/iberiabioenergy.com\/#website\",\"url\":\"https:\/\/iberiabioenergy.com\/\",\"name\":\"Iberia Bioenergy\",\"description\":\"Developing a circular economy toward a sustainable future.\",\"potentialAction\":[{\"@type\":\"SearchAction\",\"target\":{\"@type\":\"EntryPoint\",\"urlTemplate\":\"https:\/\/iberiabioenergy.com\/?s={search_term_string}\"},\"query-input\":\"required name=search_term_string\"}],\"inLanguage\":\"es\"}]}<\/script>\n<!-- \/ Yoast SEO plugin. -->","yoast_head_json":{"title":"Privacy Policy - Iberia Bioenergy","robots":{"index":"noindex","follow":"nofollow"},"og_locale":"es_ES","og_type":"article","og_title":"Privacy Policy - Iberia Bioenergy","og_description":"Privacy Policy Salvo que se se\u00f1ale lo contrario en cada caso, los datos que se recogen en los formularios de contacto son necesarios para poder prestar luna correcta atenci\u00f3n al...","og_url":"https:\/\/iberiabioenergy.com\/es\/privacy-policy\/","og_site_name":"Iberia Bioenergy","article_modified_time":"2023-04-19T13:55:34+00:00","twitter_card":"summary","twitter_misc":{"Tiempo de lectura":"5 minutos"},"schema":{"@context":"https:\/\/schema.org","@graph":[{"@type":"WebPage","@id":"https:\/\/iberiabioenergy.com\/es\/privacy-policy\/","url":"https:\/\/iberiabioenergy.com\/es\/privacy-policy\/","name":"Privacy Policy - Iberia Bioenergy","isPartOf":{"@id":"https:\/\/iberiabioenergy.com\/#website"},"datePublished":"2023-04-19T11:51:48+00:00","dateModified":"2023-04-19T13:55:34+00:00","breadcrumb":{"@id":"https:\/\/iberiabioenergy.com\/es\/privacy-policy\/#breadcrumb"},"inLanguage":"es","potentialAction":[{"@type":"ReadAction","target":["https:\/\/iberiabioenergy.com\/es\/privacy-policy\/"]}]},{"@type":"BreadcrumbList","@id":"https:\/\/iberiabioenergy.com\/es\/privacy-policy\/#breadcrumb","itemListElement":[{"@type":"ListItem","position":1,"name":"Privacy Policy"}]},{"@type":"WebSite","@id":"https:\/\/iberiabioenergy.com\/#website","url":"https:\/\/iberiabioenergy.com\/","name":"Iberia Bioenergy","description":"Developing a circular economy toward a sustainable future.","potentialAction":[{"@type":"SearchAction","target":{"@type":"EntryPoint","urlTemplate":"https:\/\/iberiabioenergy.com\/?s={search_term_string}"},"query-input":"required name=search_term_string"}],"inLanguage":"es"}]}},"_links":{"self":[{"href":"https:\/\/iberiabioenergy.com\/es\/wp-json\/wp\/v2\/pages\/5274"}],"collection":[{"href":"https:\/\/iberiabioenergy.com\/es\/wp-json\/wp\/v2\/pages"}],"about":[{"href":"https:\/\/iberiabioenergy.com\/es\/wp-json\/wp\/v2\/types\/page"}],"author":[{"embeddable":true,"href":"https:\/\/iberiabioenergy.com\/es\/wp-json\/wp\/v2\/users\/1"}],"replies":[{"embeddable":true,"href":"https:\/\/iberiabioenergy.com\/es\/wp-json\/wp\/v2\/comments?post=5274"}],"version-history":[{"count":2,"href":"https:\/\/iberiabioenergy.com\/es\/wp-json\/wp\/v2\/pages\/5274\/revisions"}],"predecessor-version":[{"id":5278,"href":"https:\/\/iberiabioenergy.com\/es\/wp-json\/wp\/v2\/pages\/5274\/revisions\/5278"}],"wp:attachment":[{"href":"https:\/\/iberiabioenergy.com\/es\/wp-json\/wp\/v2\/media?parent=5274"}],"curies":[{"name":"wp","href":"https:\/\/api.w.org\/{rel}","templated":true}]}}