{"id":71,"date":"2016-12-29T13:21:04","date_gmt":"2016-12-29T12:21:04","guid":{"rendered":"https:\/\/iberiabioenergy.com\/?page_id=71"},"modified":"2023-04-19T14:01:04","modified_gmt":"2023-04-19T12:01:04","slug":"aviso-legal","status":"publish","type":"page","link":"https:\/\/iberiabioenergy.com\/es\/aviso-legal\/","title":{"rendered":"Aviso Legal"},"content":{"rendered":"\n<h1>Aviso Legal<\/h1>\n\n\n\n<p><strong>1.- Derecho de la informaci\u00f3n<\/strong><\/p>\n\n\n\n<p>Le informamos que esta Plataforma (en adelante, la \u201c<strong>Plataforma<\/strong>\u201d) es titularidad de Iberia Bioenergy S.L..(en adelante, Iberia Bioenergy), con C.I.F.: B19507128 , y domicilio social en Calle Angel Ganivet n\u00ba 6 &nbsp;Oficina 5 &nbsp;18009 Granada.<\/p>\n\n\n\n<p>El acceso y\/o uso de la Plataforma le atribuye la condici\u00f3n de usuario, y acepta, desde dicho acceso y\/o uso, el presente Aviso Legal.<\/p>\n\n\n\n<p>El usuario (en adelante, el \u201c<strong>Usuario<\/strong>\u201d) puede ponerse en contacto con Iberia Bioenergy a trav\u00e9s de la siguiente direcci\u00f3n de correo electr\u00f3nico: info@iberiabioenergy.com, o trav\u00e9s del n\u00famero de tel\u00e9fono: +34 958 942367<\/p>\n\n\n\n<p><strong>2.- Uso de la Plataforma<\/strong><\/p>\n\n\n\n<p>El Usuario asume la responsabilidad del uso de la Plataforma. La Plataforma puede proporcionar acceso a multitud de textos, gr\u00e1ficos, dibujos, dise\u00f1os, fotograf\u00edas, contenidos multimedia, e informaciones (en adelante, \u201c<strong>Contenidos<\/strong>\u201c) pertenecientes a Iberia Bioenergy o a terceros a los que el Usuario puede tener acceso.<\/p>\n\n\n\n<p>El Usuario se compromete a hacer un uso adecuado de los Contenidos y servicios ofrecidos a trav\u00e9s la Plataforma y con car\u00e1cter enunciativo, pero no limitativo, a no emplearlos para:<\/p>\n\n\n\n<p>Incurrir en actividades il\u00edcitas, ilegales o contrarias a la buena fe y al orden p\u00fablico.<br>Provocar da\u00f1os en los sistemas f\u00edsicos y l\u00f3gicos de la Plataforma de Iberia Bioenergy, de sus proveedores o de terceras personas.<br>Introducir o difundir en la red virus inform\u00e1ticos o cualesquiera otros sistemas f\u00edsicos o l\u00f3gicos que sean susceptibles de provocar los da\u00f1os anteriormente mencionados.<br>Intentar acceder, utilizar y\/o manipular los datos de Iberia Bioenergy, terceros proveedores y otros usuarios.<br>Reproducir o copiar, distribuir, permitir el acceso del p\u00fablico a trav\u00e9s de cualquier modalidad de comunicaci\u00f3n p\u00fablica, transformar o modificar los Contenidos, a menos que se cuente con la autorizaci\u00f3n de Iberia Bioenergy.<br>Suprimir, ocultar o manipular los Contenidos sujetos a derechos de propiedad intelectual o industrial y dem\u00e1s datos identificativos de dichos derechos de Iberia Bioenergy o de terceros incorporados a los Contenidos, as\u00ed como los dispositivos t\u00e9cnicos de protecci\u00f3n o cualesquiera mecanismos de informaci\u00f3n que puedan insertarse en los Contenidos.<\/p>\n\n\n\n<p>Iberia Bioenergy advierte de que los materiales contenidos en esta Plataforma han sido incluidos a mero t\u00edtulo informativo, por lo que resultan insuficientes para tomar decisiones o asumir posiciones en un caso concreto.<\/p>\n\n\n\n<p>El Usuario debe tener en cuenta que los materiales contenidos en esta Plataforma pudieran no reflejar el estado legislativo o jurisprudencial m\u00e1s reciente sobre las cuestiones analizadas. Asimismo, estos materiales pueden ser modificados, desarrollados o actualizados sin notificaci\u00f3n previa.<\/p>\n\n\n\n<p>Iberia Bioenergy tendr\u00e1 derecho a investigar y denunciar cualquiera de las conductas mencionadas de acuerdo con la Ley, as\u00ed como a colaborar con las autoridades en la investigaci\u00f3n de dichas actuaciones.<\/p>\n\n\n\n<p>Iberia Bioenergy podr\u00e1 suspender temporalmente y sin previo aviso, la accesibilidad a la Plataforma con motivo de operaciones de mantenimiento, reparaci\u00f3n, actualizaci\u00f3n o mejora. No obstante, siempre que las circunstancias lo permitan, Iberia Bioenergy comunicar\u00e1 al Usuario, con antelaci\u00f3n suficiente, la fecha prevista para la suspensi\u00f3n de los servicios. Iberia Bioenergy no se responsabiliza del uso que los Usuarios puedan hacer de los Contenidos incluidos en la Plataforma.<\/p>\n\n\n\n<p><strong>3.- Propiedad Intelectual e Industrial<\/strong><\/p>\n\n\n\n<p>Todos y cada uno de los derechos de propiedad intelectual sobre el contenido y el dise\u00f1o gr\u00e1fico de esta Plataforma (a t\u00edtulo enunciativo, im\u00e1genes, sonido, audio, v\u00eddeo, software o textos; marcas o logotipos, combinaciones de colores, estructura y dise\u00f1o, selecci\u00f3n de materiales usados, programas de ordenador necesarios para su funcionamiento, acceso y uso, etc.) son propiedad exclusiva de Iberia Bioenergy o de un tercero que Iberia Bioenergy haya autorizado su uso. Por tanto, Iberia Bioenergy tiene el derecho exclusivo de explotaci\u00f3n de dichos contenidos y dise\u00f1o gr\u00e1fico.<\/p>\n\n\n\n<p>Por ello, en virtud de lo dispuesto en el Real Decreto Legislativo 1\/1996, de 12 de abril, por el que se aprueba el Texto Refundido de la Ley de Propiedad Intelectual, y en la Ley 17\/2001, de 7 de diciembre, de Marcas, de 7 de diciembre, de Marcas, as\u00ed como cualquier otra legislaci\u00f3n complementaria en materia de propiedad intelectual e industrial, queda prohibida la reproducci\u00f3n, transmisi\u00f3n, adaptaci\u00f3n, traducci\u00f3n, distribuci\u00f3n o comunicaci\u00f3n p\u00fablica, incluida la puesta a disposici\u00f3n o cualquier otra forma de explotaci\u00f3n comercial y\/o modificaci\u00f3n de todo o parte del contenido la Plataforma , salvo autorizaci\u00f3n previa y expresa de Iberia Bioenergy .<\/p>\n\n\n\n<p>Iberia Bioenergy no concede ninguna licencia o autorizaci\u00f3n para utilizar ninguno de sus derechos de propiedad intelectual e industrial o cualquier otra propiedad o derecho relacionado con la Plataforma y\/o los servicios o contenidos de la misma.<\/p>\n\n\n\n<p>El Usuario se compromete a respetar los derechos de Propiedad Intelectual e Industrial titularidad de Iberia Bioenergy . Se permite, en este sentido, la reproducci\u00f3n y almacenamiento temporal de los contenidos de la Plataforma en tanto ello sea estrictamente necesario para el uso y visualizaci\u00f3n de la Plataforma desde un ordenador\/Tablet o tel\u00e9fono personal.<\/p>\n\n\n\n<p>La legitimidad de los derechos de propiedad intelectual o industrial sobre los contenidos aportados por los Usuarios es de la exclusiva responsabilidad de los mismos, que responder\u00e1n frente a cualquier reclamaci\u00f3n de terceros derivada del uso il\u00edcito de los contenidos de la Plataforma.<\/p>\n\n\n\n<p><strong>4.- Protecci\u00f3n de datos<\/strong><\/p>\n\n\n\n<p>El uso de la Plataforma puede requerir que los Usuarios proporcionen datos personales. Iberia Bioenergy trata este tipo de informaci\u00f3n de acuerdo con la legislaci\u00f3n aplicable, y la recoge en su politica de privacidad.<\/p>\n\n\n\n<p><strong>5.- Responsabilidad y Garant\u00edas<\/strong><\/p>\n\n\n\n<p>Iberia Bioenergy declara que ha adoptado todas las medidas necesarias, dentro de sus posibilidades y teniendo en cuenta el estado actual de la tecnolog\u00eda, para permitir el correcto funcionamiento y la ausencia de virus y componentes da\u00f1inos en su Plataforma.<\/p>\n\n\n\n<p>Sin embargo, Iberia Bioenergy no puede ser considerada responsable por:<\/p>\n\n\n\n<p>la falta de continuidad y disponibilidad de los Contenidos y Servicios;<br>la presencia de errores en dicho Contenido o la falta de correcci\u00f3n de los defectos que pudieran existir;<br>la veracidad, integridad o actualizaci\u00f3n de los datos facilitados por los Usuarios;<br>la interrupci\u00f3n del funcionamiento de la Plataforma o fallos inform\u00e1ticos, aver\u00edas telef\u00f3nicas, desconexiones, retrasos o bloqueos causados por deficiencias o sobrecargas en las l\u00edneas telef\u00f3nicas, centros de datos, en el sistema de Internet o en otros sistemas electr\u00f3nicos, producidos en el curso de su funcionamiento;<br>la presencia de virus u otros componentes da\u00f1inos;<br>cualquier da\u00f1o causado por terceros que infrinjan o vulneren los sistemas de seguridad de Iberia Bioenergy .<\/p>\n\n\n\n<p>Iberia Bioenergy podr\u00e1 suspender temporalmente y sin previo aviso, la accesibilidad a la Plataforma con motivo de operaciones de mantenimiento, reparaci\u00f3n, actualizaci\u00f3n o mejora. No obstante, siempre que las circunstancias lo permitan, Iberia Bioenergy comunicar\u00e1 al Usuario, con antelaci\u00f3n suficiente, la fecha prevista para la suspensi\u00f3n de los Servicios.<\/p>\n\n\n\n<p>Iberia Bioenergy no se responsabiliza del uso que los Usuarios puedan hacer de los Contenidos incluidos en la Plataforma.<\/p>\n\n\n\n<p><strong>6.- Duraci\u00f3n y modificaci\u00f3n<\/strong><\/p>\n\n\n\n<p>El presente Aviso Legal estar\u00e1 vigente con car\u00e1cter indefinido, pudiendo Iberia Bioenergy efectuar cambios sobre las condiciones especificadas en el mismo, y que entrar\u00e1n en vigor desde el momento de su publicaci\u00f3n.<\/p>\n\n\n\n<p>Iberia Bioenergy podr\u00e1 suprimir, a\u00f1adir o cambiar tanto los Contenidos como los servicios que presta, as\u00ed como tambi\u00e9n la forma en la que los mismos aparezcan localizados o presentados. Se entienden como vigentes, las condiciones que est\u00e9n publicadas en el momento en el que el Usuario acceda a la Plataforma de Iberia Bioenergy .<\/p>\n\n\n\n<p>El acceso y\/o el uso de la Plataforma se entender\u00e1 como una aceptaci\u00f3n por parte del Usuario del presente Aviso Legal y sus condiciones y, en su caso, los cambios efectuados en las mismas.<\/p>\n\n\n\n<p><strong>7.- Hiperv\u00ednculos<\/strong><\/p>\n\n\n\n<p>Iberia Bioenergy no asume ninguna responsabilidad sobre los enlaces a otras aplicaciones o sitios web que se encuentren en la Plataforma de Iberia Bioenergy , pudiendo dirigir al Usuario a otras aplicaciones o sitios web sobre los que Iberia Bioenergy no tiene ning\u00fan tipo de control.<\/p>\n\n\n\n<p>En este sentido, Iberia Bioenergy no se hace responsable de la informaci\u00f3n contenida en estos enlaces de terceros ni de cualesquiera efectos que pudieran derivarse de dicha informaci\u00f3n.<\/p>\n\n\n\n<p>Por lo tanto, la inclusi\u00f3n de v\u00ednculos con otros sitios web o aplicaciones no implica la aprobaci\u00f3n de sus contenidos por parte de Iberia Bioenergy ni la existencia de ning\u00fan tipo de asociaci\u00f3n entre Iberia Bioenergy y sus titulares.<\/p>\n\n\n\n<p>En consecuencia, el Usuario accede bajo su exclusiva responsabilidad al Contenido y en las condiciones de uso que rijan en los mismos.<\/p>\n\n\n\n<p><strong>8.- Salvaguardia e interpretaci\u00f3n<\/strong><\/p>\n\n\n\n<p>Este Aviso Legal constituye un acuerdo entre cada uno de los Usuarios de Iberia Bioenergy .<\/p>\n\n\n\n<p>Si la autoridad competente declara que una disposici\u00f3n es ilegal, inv\u00e1lida o inaplicable, dicha declaraci\u00f3n con respecto a una o varias cl\u00e1usulas se entender\u00e1 sin perjuicio de la validez de las dem\u00e1s cl\u00e1usulas.<\/p>\n\n\n\n<p>El hecho de que Iberia Bioenergy no exija el cumplimiento estricto de ninguna de las disposiciones del presente Aviso Legal no constituye ni puede interpretarse en modo alguno como una renuncia de su parte a exigir el cumplimiento estricto en el futuro.<\/p>\n\n\n\n<p><strong>9.- Informaci\u00f3n General<\/strong><\/p>\n\n\n\n<p>Iberia Bioenergy perseguir\u00e1 el incumplimiento del presente Aviso Legal, as\u00ed como cualquier utilizaci\u00f3n indebida de su portal, ejerciendo todas las acciones civiles y penales que le puedan corresponder en derecho.<\/p>\n\n\n\n<p><strong>10.- Notificaciones<\/strong><\/p>\n\n\n\n<p>Iberia Bioenergy podr\u00e1 realizar las oportunas comunicaciones a trav\u00e9s de la direcci\u00f3n de correo electr\u00f3nico facilitada por los Usuarios en los formularios de registro o a trav\u00e9s de cualquier otro medio facilitado en los datos de contacto del Usuario.<\/p>\n","protected":false},"excerpt":{"rendered":"<p>Aviso Legal 1.- Derecho de la informaci\u00f3n Le informamos que esta Plataforma (en adelante, la \u201cPlataforma\u201d) es titularidad de Iberia Bioenergy S.L..(en adelante, Iberia Bioenergy), con C.I.F.: B19507128 , y&#8230;<\/p>\n","protected":false},"author":1,"featured_media":0,"parent":0,"menu_order":24,"comment_status":"closed","ping_status":"closed","template":"template-basico.php","meta":[],"acf":[],"yoast_head":"<!-- This site is optimized with the Yoast SEO plugin v19.5.1 - https:\/\/yoast.com\/wordpress\/plugins\/seo\/ -->\n<title>Aviso Legal - Iberia Bioenergy<\/title>\n<meta name=\"robots\" content=\"noindex, nofollow\" \/>\n<meta property=\"og:locale\" content=\"es_ES\" \/>\n<meta property=\"og:type\" content=\"article\" \/>\n<meta property=\"og:title\" content=\"Aviso Legal - Iberia Bioenergy\" \/>\n<meta property=\"og:description\" content=\"Aviso Legal 1.- Derecho de la informaci\u00f3n Le informamos que esta Plataforma (en adelante, la \u201cPlataforma\u201d) es titularidad de Iberia Bioenergy S.L..(en adelante, Iberia Bioenergy), con C.I.F.: B19507128 , y...\" \/>\n<meta property=\"og:url\" content=\"https:\/\/iberiabioenergy.com\/es\/aviso-legal\/\" \/>\n<meta property=\"og:site_name\" content=\"Iberia Bioenergy\" \/>\n<meta property=\"article:modified_time\" content=\"2023-04-19T12:01:04+00:00\" \/>\n<meta name=\"twitter:card\" content=\"summary\" \/>\n<meta name=\"twitter:label1\" content=\"Tiempo de lectura\" \/>\n\t<meta name=\"twitter:data1\" content=\"8 minutos\" \/>\n<script type=\"application\/ld+json\" class=\"yoast-schema-graph\">{\"@context\":\"https:\/\/schema.org\",\"@graph\":[{\"@type\":\"WebPage\",\"@id\":\"https:\/\/iberiabioenergy.com\/es\/aviso-legal\/\",\"url\":\"https:\/\/iberiabioenergy.com\/es\/aviso-legal\/\",\"name\":\"Aviso Legal - Iberia Bioenergy\",\"isPartOf\":{\"@id\":\"https:\/\/iberiabioenergy.com\/#website\"},\"datePublished\":\"2016-12-29T12:21:04+00:00\",\"dateModified\":\"2023-04-19T12:01:04+00:00\",\"breadcrumb\":{\"@id\":\"https:\/\/iberiabioenergy.com\/es\/aviso-legal\/#breadcrumb\"},\"inLanguage\":\"es\",\"potentialAction\":[{\"@type\":\"ReadAction\",\"target\":[\"https:\/\/iberiabioenergy.com\/es\/aviso-legal\/\"]}]},{\"@type\":\"BreadcrumbList\",\"@id\":\"https:\/\/iberiabioenergy.com\/es\/aviso-legal\/#breadcrumb\",\"itemListElement\":[{\"@type\":\"ListItem\",\"position\":1,\"name\":\"Aviso Legal\"}]},{\"@type\":\"WebSite\",\"@id\":\"https:\/\/iberiabioenergy.com\/#website\",\"url\":\"https:\/\/iberiabioenergy.com\/\",\"name\":\"Iberia Bioenergy\",\"description\":\"Developing a circular economy toward a sustainable future.\",\"potentialAction\":[{\"@type\":\"SearchAction\",\"target\":{\"@type\":\"EntryPoint\",\"urlTemplate\":\"https:\/\/iberiabioenergy.com\/?s={search_term_string}\"},\"query-input\":\"required name=search_term_string\"}],\"inLanguage\":\"es\"}]}<\/script>\n<!-- \/ Yoast SEO plugin. -->","yoast_head_json":{"title":"Aviso Legal - Iberia Bioenergy","robots":{"index":"noindex","follow":"nofollow"},"og_locale":"es_ES","og_type":"article","og_title":"Aviso Legal - Iberia Bioenergy","og_description":"Aviso Legal 1.- Derecho de la informaci\u00f3n Le informamos que esta Plataforma (en adelante, la \u201cPlataforma\u201d) es titularidad de Iberia Bioenergy S.L..(en adelante, Iberia Bioenergy), con C.I.F.: B19507128 , y...","og_url":"https:\/\/iberiabioenergy.com\/es\/aviso-legal\/","og_site_name":"Iberia Bioenergy","article_modified_time":"2023-04-19T12:01:04+00:00","twitter_card":"summary","twitter_misc":{"Tiempo de lectura":"8 minutos"},"schema":{"@context":"https:\/\/schema.org","@graph":[{"@type":"WebPage","@id":"https:\/\/iberiabioenergy.com\/es\/aviso-legal\/","url":"https:\/\/iberiabioenergy.com\/es\/aviso-legal\/","name":"Aviso Legal - Iberia Bioenergy","isPartOf":{"@id":"https:\/\/iberiabioenergy.com\/#website"},"datePublished":"2016-12-29T12:21:04+00:00","dateModified":"2023-04-19T12:01:04+00:00","breadcrumb":{"@id":"https:\/\/iberiabioenergy.com\/es\/aviso-legal\/#breadcrumb"},"inLanguage":"es","potentialAction":[{"@type":"ReadAction","target":["https:\/\/iberiabioenergy.com\/es\/aviso-legal\/"]}]},{"@type":"BreadcrumbList","@id":"https:\/\/iberiabioenergy.com\/es\/aviso-legal\/#breadcrumb","itemListElement":[{"@type":"ListItem","position":1,"name":"Aviso Legal"}]},{"@type":"WebSite","@id":"https:\/\/iberiabioenergy.com\/#website","url":"https:\/\/iberiabioenergy.com\/","name":"Iberia Bioenergy","description":"Developing a circular economy toward a sustainable future.","potentialAction":[{"@type":"SearchAction","target":{"@type":"EntryPoint","urlTemplate":"https:\/\/iberiabioenergy.com\/?s={search_term_string}"},"query-input":"required name=search_term_string"}],"inLanguage":"es"}]}},"_links":{"self":[{"href":"https:\/\/iberiabioenergy.com\/es\/wp-json\/wp\/v2\/pages\/71"}],"collection":[{"href":"https:\/\/iberiabioenergy.com\/es\/wp-json\/wp\/v2\/pages"}],"about":[{"href":"https:\/\/iberiabioenergy.com\/es\/wp-json\/wp\/v2\/types\/page"}],"author":[{"embeddable":true,"href":"https:\/\/iberiabioenergy.com\/es\/wp-json\/wp\/v2\/users\/1"}],"replies":[{"embeddable":true,"href":"https:\/\/iberiabioenergy.com\/es\/wp-json\/wp\/v2\/comments?post=71"}],"version-history":[{"count":5,"href":"https:\/\/iberiabioenergy.com\/es\/wp-json\/wp\/v2\/pages\/71\/revisions"}],"predecessor-version":[{"id":5269,"href":"https:\/\/iberiabioenergy.com\/es\/wp-json\/wp\/v2\/pages\/71\/revisions\/5269"}],"wp:attachment":[{"href":"https:\/\/iberiabioenergy.com\/es\/wp-json\/wp\/v2\/media?parent=71"}],"curies":[{"name":"wp","href":"https:\/\/api.w.org\/{rel}","templated":true}]}}